{"id":2468,"date":"2023-12-11T14:28:08","date_gmt":"2023-12-11T13:28:08","guid":{"rendered":"https:\/\/m-c-i.nl\/servicos\/investigacao-de-falhas\/"},"modified":"2025-07-01T13:52:16","modified_gmt":"2025-07-01T11:52:16","slug":"investigacao-de-falhas","status":"publish","type":"page","link":"https:\/\/m-c-i.nl\/pt-pt\/servicos\/investigacao-de-falhas\/","title":{"rendered":"Investiga\u00e7\u00e3o de Falhas"},"content":{"rendered":"\t\t<div data-elementor-type=\"wp-page\" data-elementor-id=\"2468\" class=\"elementor elementor-2468 elementor-37\" data-elementor-post-type=\"page\">\n\t\t\t\t<div class=\"elementor-element elementor-element-4bedc9b0 e-flex e-con-boxed e-con e-parent\" data-id=\"4bedc9b0\" data-element_type=\"container\" data-e-type=\"container\" data-settings=\"{&quot;background_background&quot;:&quot;classic&quot;,&quot;jet_parallax_layout_list&quot;:[]}\">\n\t\t\t\t\t<div class=\"e-con-inner\">\n\t\t\t\t<div class=\"elementor-element elementor-element-17fcd64a elementor-absolute elementor-hidden-tablet elementor-hidden-mobile elementor-widget elementor-widget-image\" data-id=\"17fcd64a\" data-element_type=\"widget\" data-e-type=\"widget\" data-settings=\"{&quot;_position&quot;:&quot;absolute&quot;,&quot;motion_fx_motion_fx_scrolling&quot;:&quot;yes&quot;,&quot;motion_fx_blur_effect&quot;:&quot;yes&quot;,&quot;motion_fx_blur_direction&quot;:&quot;in-out&quot;,&quot;motion_fx_blur_range&quot;:{&quot;unit&quot;:&quot;%&quot;,&quot;size&quot;:&quot;&quot;,&quot;sizes&quot;:{&quot;start&quot;:52,&quot;end&quot;:80}},&quot;motion_fx_blur_level&quot;:{&quot;unit&quot;:&quot;px&quot;,&quot;size&quot;:7,&quot;sizes&quot;:[]},&quot;motion_fx_devices&quot;:[&quot;desktop&quot;,&quot;tablet&quot;,&quot;mobile&quot;]}\" data-widget_type=\"image.default\">\n\t\t\t\t<div class=\"elementor-widget-container\">\n\t\t\t\t\t\t\t\t\t\t\t\t\t\t\t<img fetchpriority=\"high\" decoding=\"async\" width=\"714\" height=\"1024\" src=\"https:\/\/m-c-i.nl\/wp-content\/uploads\/regenboog-714x1024.png\" class=\"attachment-large size-large wp-image-2302\" alt=\"\" srcset=\"https:\/\/m-c-i.nl\/wp-content\/uploads\/regenboog-714x1024.png 714w, https:\/\/m-c-i.nl\/wp-content\/uploads\/regenboog-209x300.png 209w, https:\/\/m-c-i.nl\/wp-content\/uploads\/regenboog-768x1102.png 768w, https:\/\/m-c-i.nl\/wp-content\/uploads\/regenboog.png 782w\" sizes=\"(max-width: 714px) 100vw, 714px\" \/>\t\t\t\t\t\t\t\t\t\t\t\t\t\t\t<\/div>\n\t\t\t\t<\/div>\n\t\t<div class=\"elementor-element elementor-element-7a12acda e-flex e-con-boxed e-con e-child\" data-id=\"7a12acda\" data-element_type=\"container\" data-e-type=\"container\" data-settings=\"{&quot;jet_parallax_layout_list&quot;:[]}\">\n\t\t\t\t\t<div class=\"e-con-inner\">\n\t\t\t\t<div class=\"elementor-element elementor-element-5467cee5 elementor-widget elementor-widget-heading\" data-id=\"5467cee5\" data-element_type=\"widget\" data-e-type=\"widget\" data-widget_type=\"heading.default\">\n\t\t\t\t<div class=\"elementor-widget-container\">\n\t\t\t\t\t<h1 class=\"elementor-heading-title elementor-size-default\">Investiga\u00e7\u00e3o de Falhas<\/h1>\t\t\t\t<\/div>\n\t\t\t\t<\/div>\n\t\t\t\t<div class=\"elementor-element elementor-element-73c9c574 elementor-widget elementor-widget-text-editor\" data-id=\"73c9c574\" data-element_type=\"widget\" data-e-type=\"widget\" data-widget_type=\"text-editor.default\">\n\t\t\t\t<div class=\"elementor-widget-container\">\n\t\t\t\t\t\t\t\t\t<p>No nosso laborat\u00f3rio metal\u00fargico de alto n\u00edvel em Geleen (Pa\u00edses Baixos), realizamos investiga\u00e7\u00f5es independentes de falhas. Estas an\u00e1lises servem para identificar a causa exata da falha e implementar melhorias estruturais para evitar problemas futuros. <\/p>\t\t\t\t\t\t\t\t<\/div>\n\t\t\t\t<\/div>\n\t\t\t\t<div class=\"elementor-element elementor-element-1cffbc1d elementor-widget elementor-widget-heading\" data-id=\"1cffbc1d\" data-element_type=\"widget\" data-e-type=\"widget\" data-widget_type=\"heading.default\">\n\t\t\t\t<div class=\"elementor-widget-container\">\n\t\t\t\t\t<p class=\"elementor-heading-title elementor-size-default\">Investiga\u00e7\u00e3o de Falhas Independente<\/p>\t\t\t\t<\/div>\n\t\t\t\t<\/div>\n\t\t\t\t\t<\/div>\n\t\t\t\t<\/div>\n\t\t\t\t\t<\/div>\n\t\t\t\t<\/div>\n\t\t<div class=\"elementor-element elementor-element-2655f995 e-flex e-con-boxed e-con e-parent\" data-id=\"2655f995\" data-element_type=\"container\" data-e-type=\"container\" data-settings=\"{&quot;jet_parallax_layout_list&quot;:[]}\">\n\t\t\t\t\t<div class=\"e-con-inner\">\n\t\t<div class=\"elementor-element elementor-element-6b9239b4 e-con-full e-flex e-con e-child\" data-id=\"6b9239b4\" data-element_type=\"container\" data-e-type=\"container\" data-settings=\"{&quot;jet_parallax_layout_list&quot;:[]}\">\n\t\t\t\t<div class=\"elementor-element elementor-element-5118a717 elementor-widget elementor-widget-heading\" data-id=\"5118a717\" data-element_type=\"widget\" data-e-type=\"widget\" data-widget_type=\"heading.default\">\n\t\t\t\t<div class=\"elementor-widget-container\">\n\t\t\t\t\t<h2 class=\"elementor-heading-title elementor-size-default\">An\u00e1lise de Componentes Danificados<\/h2>\t\t\t\t<\/div>\n\t\t\t\t<\/div>\n\t\t\t\t<div class=\"elementor-element elementor-element-5710556d elementor-widget elementor-widget-text-editor\" data-id=\"5710556d\" data-element_type=\"widget\" data-e-type=\"widget\" data-widget_type=\"text-editor.default\">\n\t\t\t\t<div class=\"elementor-widget-container\">\n\t\t\t\t\t\t\t\t\t<p>Durante as nossas inspe\u00e7\u00f5es no local, realizadas em todo o mundo, ou por outros meios de comunica\u00e7\u00e3o, analisamos os casos e selecionamos amostras para investiga\u00e7\u00e3o. Estas amostras s\u00e3o analisadas minuciosamente no nosso laborat\u00f3rio. <\/p><p>Anualmente, tratamos cerca de 200 casos de falha.<\/p>\t\t\t\t\t\t\t\t<\/div>\n\t\t\t\t<\/div>\n\t\t\t\t<div class=\"elementor-element elementor-element-3d12bc4 elementor-icon-list--layout-traditional elementor-list-item-link-full_width elementor-widget elementor-widget-icon-list\" data-id=\"3d12bc4\" data-element_type=\"widget\" data-e-type=\"widget\" data-widget_type=\"icon-list.default\">\n\t\t\t\t<div class=\"elementor-widget-container\">\n\t\t\t\t\t\t\t<ul class=\"elementor-icon-list-items\">\n\t\t\t\t\t\t\t<li class=\"elementor-icon-list-item\">\n\t\t\t\t\t\t\t\t\t\t\t<span class=\"elementor-icon-list-icon\">\n\t\t\t\t\t\t\t<svg xmlns=\"http:\/\/www.w3.org\/2000\/svg\" id=\"uuid-de9ec2fd-52f3-469c-a910-e38e09408295\" viewBox=\"0 0 39.25 39.25\"><defs><\/defs><g id=\"uuid-b393270a-c3b1-47ce-8bd6-27f2682fc42b\"><path d=\"M21.68 6.77h-4.7v10.51H6.48v4.7h10.5v10.5h4.7v-10.5h10.5v-4.7h-10.5V6.77z\" class=\"uuid-68c68065-d758-444a-9094-741d499a0836\"><\/path><path d=\"M19.62 0C8.79 0 0 8.79 0 19.63s8.79 19.62 19.62 19.62 19.62-8.78 19.62-19.62S30.46 0 19.62 0Zm11.12 30.74c-2.85 2.85-6.77 4.6-11.12 4.61-4.35 0-8.27-1.76-11.12-4.61-2.85-2.85-4.6-6.77-4.61-11.12 0-4.35 1.76-8.27 4.61-11.12 2.85-2.85 6.77-4.6 11.12-4.6s8.27 1.75 11.12 4.6c2.85 2.85 4.61 6.77 4.61 11.12s-1.76 8.26-4.61 11.12Z\" class=\"uuid-68c68065-d758-444a-9094-741d499a0836\"><\/path><\/g><\/svg>\t\t\t\t\t\t<\/span>\n\t\t\t\t\t\t\t\t\t\t<span class=\"elementor-icon-list-text\"><b>50% causadas por sobrecarga mec\u00e2nica<\/b>, como fraturas, desgaste, fadiga, defeitos de projeto, falhas de uni\u00e3o (soldas, parafusos, colagens) ou erros de montagem.<\/span>\n\t\t\t\t\t\t\t\t\t<\/li>\n\t\t\t\t\t\t\t\t<li class=\"elementor-icon-list-item\">\n\t\t\t\t\t\t\t\t\t\t\t<span class=\"elementor-icon-list-icon\">\n\t\t\t\t\t\t\t<svg xmlns=\"http:\/\/www.w3.org\/2000\/svg\" id=\"uuid-de9ec2fd-52f3-469c-a910-e38e09408295\" viewBox=\"0 0 39.25 39.25\"><defs><\/defs><g id=\"uuid-b393270a-c3b1-47ce-8bd6-27f2682fc42b\"><path d=\"M21.68 6.77h-4.7v10.51H6.48v4.7h10.5v10.5h4.7v-10.5h10.5v-4.7h-10.5V6.77z\" class=\"uuid-68c68065-d758-444a-9094-741d499a0836\"><\/path><path d=\"M19.62 0C8.79 0 0 8.79 0 19.63s8.79 19.62 19.62 19.62 19.62-8.78 19.62-19.62S30.46 0 19.62 0Zm11.12 30.74c-2.85 2.85-6.77 4.6-11.12 4.61-4.35 0-8.27-1.76-11.12-4.61-2.85-2.85-4.6-6.77-4.61-11.12 0-4.35 1.76-8.27 4.61-11.12 2.85-2.85 6.77-4.6 11.12-4.6s8.27 1.75 11.12 4.6c2.85 2.85 4.61 6.77 4.61 11.12s-1.76 8.26-4.61 11.12Z\" class=\"uuid-68c68065-d758-444a-9094-741d499a0836\"><\/path><\/g><\/svg>\t\t\t\t\t\t<\/span>\n\t\t\t\t\t\t\t\t\t\t<span class=\"elementor-icon-list-text\"><b>50% devido \u00e0 corros\u00e3o<\/b>, sendo uma ou mais das 12 formas de corros\u00e3o a causa.<\/span>\n\t\t\t\t\t\t\t\t\t<\/li>\n\t\t\t\t\t\t<\/ul>\n\t\t\t\t\t\t<\/div>\n\t\t\t\t<\/div>\n\t\t\t\t<div class=\"elementor-element elementor-element-cf2e469 elementor-widget elementor-widget-text-editor\" data-id=\"cf2e469\" data-element_type=\"widget\" data-e-type=\"widget\" data-widget_type=\"text-editor.default\">\n\t\t\t\t<div class=\"elementor-widget-container\">\n\t\t\t\t\t\t\t\t\t<p>Os nossos clientes v\u00e3o desde propriet\u00e1rios de f\u00e1bricas que desejam adquirir conhecimento sobre as suas instala\u00e7\u00f5es at\u00e9 seguradoras que necessitam de uma avalia\u00e7\u00e3o independente.<\/p>\t\t\t\t\t\t\t\t<\/div>\n\t\t\t\t<\/div>\n\t\t\t\t<\/div>\n\t\t<div class=\"elementor-element elementor-element-c34914b e-con-full e-flex e-con e-child\" data-id=\"c34914b\" data-element_type=\"container\" data-e-type=\"container\" data-settings=\"{&quot;background_background&quot;:&quot;classic&quot;,&quot;jet_parallax_layout_list&quot;:[]}\">\n\t\t\t\t<div class=\"elementor-element elementor-element-6a8c3e22 elementor-widget elementor-widget-heading\" data-id=\"6a8c3e22\" data-element_type=\"widget\" data-e-type=\"widget\" data-widget_type=\"heading.default\">\n\t\t\t\t<div class=\"elementor-widget-container\">\n\t\t\t\t\t<h2 class=\"elementor-heading-title elementor-size-default\">M\u00e9todos de Investiga\u00e7\u00e3o Aprofundados<\/h2>\t\t\t\t<\/div>\n\t\t\t\t<\/div>\n\t\t\t\t<div class=\"elementor-element elementor-element-33a363fa elementor-widget elementor-widget-text-editor\" data-id=\"33a363fa\" data-element_type=\"widget\" data-e-type=\"widget\" data-widget_type=\"text-editor.default\">\n\t\t\t\t<div class=\"elementor-widget-container\">\n\t\t\t\t\t\t\t\t\t<p>As nossas investiga\u00e7\u00f5es de falhas s\u00e3o frequentemente t\u00e3o detalhadas que se comparam ao trabalho de um patologista: cortamos os componentes, preparamos amostras para an\u00e1lise microsc\u00f3pica e pesquisamos minuciosamente a causa da falha.<\/p><p>Onde os laborat\u00f3rios convencionais se limitam a apresentar uma conclus\u00e3o, \u00e9 a\u00ed que o verdadeiro trabalho da MCI come\u00e7a. A nossa abordagem multidisciplinar garante n\u00e3o s\u00f3 a identifica\u00e7\u00e3o do problema, mas tamb\u00e9m o desenvolvimento de solu\u00e7\u00f5es eficazes e sustent\u00e1veis. <\/p>\t\t\t\t\t\t\t\t<\/div>\n\t\t\t\t<\/div>\n\t\t\t\t<\/div>\n\t\t\t\t\t<\/div>\n\t\t\t\t<\/div>\n\t\t<div class=\"elementor-element elementor-element-56f26a73 e-flex e-con-boxed e-con e-parent\" data-id=\"56f26a73\" data-element_type=\"container\" data-e-type=\"container\" data-settings=\"{&quot;jet_parallax_layout_list&quot;:[]}\">\n\t\t\t\t\t<div class=\"e-con-inner\">\n\t\t<div class=\"elementor-element elementor-element-28681639 e-con-full e-flex e-con e-child\" data-id=\"28681639\" data-element_type=\"container\" data-e-type=\"container\" data-settings=\"{&quot;background_background&quot;:&quot;classic&quot;,&quot;jet_parallax_layout_list&quot;:[]}\">\n\t\t\t\t<div class=\"elementor-element elementor-element-58740d6e elementor-widget elementor-widget-heading\" data-id=\"58740d6e\" data-element_type=\"widget\" data-e-type=\"widget\" data-widget_type=\"heading.default\">\n\t\t\t\t<div class=\"elementor-widget-container\">\n\t\t\t\t\t<h2 class=\"elementor-heading-title elementor-size-default\">O valor acrescentado da MCI nas Repara\u00e7\u00f5es <\/h2>\t\t\t\t<\/div>\n\t\t\t\t<\/div>\n\t\t\t\t<div class=\"elementor-element elementor-element-3afb817 elementor-widget elementor-widget-text-editor\" data-id=\"3afb817\" data-element_type=\"widget\" data-e-type=\"widget\" data-widget_type=\"text-editor.default\">\n\t\t\t\t<div class=\"elementor-widget-container\">\n\t\t\t\t\t\t\t\t\t<p>Na ind\u00fastria de produ\u00e7\u00e3o, \u00e9 comum atuar de forma reativa. Muitas vezes, o problema \u00e9 resolvido temporariamente com um cord\u00e3o de solda ou uma pequena interven\u00e7\u00e3o, o que representa apenas uma solu\u00e7\u00e3o de curto prazo.  <\/p><p>Ao atuar de forma mais cr\u00edtica neste momento, garantimos que as repara\u00e7\u00f5es sejam mais duradouras e eficazes. Oferecemos conselhos pr\u00e1ticos para evitar uma nova falha ou adi\u00e1-la o m\u00e1ximo poss\u00edvel. <\/p>\t\t\t\t\t\t\t\t<\/div>\n\t\t\t\t<\/div>\n\t\t\t\t<\/div>\n\t\t<div class=\"elementor-element elementor-element-6d80c305 e-con-full e-flex e-con e-child\" data-id=\"6d80c305\" data-element_type=\"container\" data-e-type=\"container\" data-settings=\"{&quot;jet_parallax_layout_list&quot;:[]}\">\n\t\t\t\t<div class=\"elementor-element elementor-element-6414f3ca elementor-widget elementor-widget-heading\" data-id=\"6414f3ca\" data-element_type=\"widget\" data-e-type=\"widget\" data-widget_type=\"heading.default\">\n\t\t\t\t<div class=\"elementor-widget-container\">\n\t\t\t\t\t<h2 class=\"elementor-heading-title elementor-size-default\">Abordagem Integrada: Da Inspe\u00e7\u00e3o \u00e0 Solu\u00e7\u00e3o<\/h2>\t\t\t\t<\/div>\n\t\t\t\t<\/div>\n\t\t\t\t<div class=\"elementor-element elementor-element-2681f757 elementor-widget elementor-widget-text-editor\" data-id=\"2681f757\" data-element_type=\"widget\" data-e-type=\"widget\" data-widget_type=\"text-editor.default\">\n\t\t\t\t<div class=\"elementor-widget-container\">\n\t\t\t\t\t\t\t\t\t<p>Fugas ou falhas nas instala\u00e7\u00f5es? O OEM faz perguntas, mas raramente fornece respostas claras ou assume a responsabilidade. As diferentes partes envolvidas t\u00eam os seus pr\u00f3prios interesses, dificultando a chegada a uma solu\u00e7\u00e3o real.  <\/p>\n<p>A MCI oferece uma <strong>abordagem integrada<\/strong>, que combina inspe\u00e7\u00f5es independentes, an\u00e1lises laboratoriais e solu\u00e7\u00f5es pr\u00e1ticas. Trabalhamos com base em factos, n\u00e3o em suposi\u00e7\u00f5es. Garantimos que as suas instala\u00e7\u00f5es se mantenham fi\u00e1veis ou voltem a operar com seguran\u00e7a e efici\u00eancia.  <\/p>\t\t\t\t\t\t\t\t<\/div>\n\t\t\t\t<\/div>\n\t\t\t\t<\/div>\n\t\t\t\t\t<\/div>\n\t\t\t\t<\/div>\n\t\t<div class=\"elementor-element elementor-element-233ad102 e-con-full e-flex e-con e-parent\" data-id=\"233ad102\" data-element_type=\"container\" data-e-type=\"container\" data-settings=\"{&quot;jet_parallax_layout_list&quot;:[]}\">\n\t\t\t\t<div class=\"elementor-element elementor-element-3916a9ad elementor-widget elementor-widget-template\" data-id=\"3916a9ad\" data-element_type=\"widget\" data-e-type=\"widget\" data-widget_type=\"template.default\">\n\t\t\t\t<div class=\"elementor-widget-container\">\n\t\t\t\t\t\t\t<div class=\"elementor-template\">\n\t\t\t\t\t<div data-elementor-type=\"container\" data-elementor-id=\"2553\" class=\"elementor elementor-2553 elementor-721 elementor-721\" data-elementor-post-type=\"elementor_library\">\n\t\t\t\t<div class=\"elementor-element elementor-element-7274c973 e-flex e-con-boxed e-con e-parent\" data-id=\"7274c973\" data-element_type=\"container\" data-e-type=\"container\" data-settings=\"{&quot;jet_parallax_layout_list&quot;:[]}\">\n\t\t\t\t\t<div class=\"e-con-inner\">\n\t\t<div class=\"elementor-element elementor-element-1c85aeb1 e-con-full elementor-hidden-mobile e-flex elementor-invisible e-con e-child\" data-id=\"1c85aeb1\" data-element_type=\"container\" data-e-type=\"container\" data-settings=\"{&quot;jet_parallax_layout_list&quot;:[],&quot;background_background&quot;:&quot;classic&quot;,&quot;animation&quot;:&quot;fadeIn&quot;}\">\n\t\t\t\t<div class=\"elementor-element elementor-element-345fd81 elementor-widget elementor-widget-image\" data-id=\"345fd81\" data-element_type=\"widget\" data-e-type=\"widget\" data-widget_type=\"image.default\">\n\t\t\t\t<div class=\"elementor-widget-container\">\n\t\t\t\t\t\t\t\t\t\t\t\t\t\t\t<img decoding=\"async\" width=\"590\" height=\"1024\" src=\"https:\/\/m-c-i.nl\/wp-content\/uploads\/hogenboom-maurice-mci-590x1024.webp\" class=\"attachment-large size-large wp-image-2554\" alt=\"\" srcset=\"https:\/\/m-c-i.nl\/wp-content\/uploads\/hogenboom-maurice-mci-590x1024.webp 590w, https:\/\/m-c-i.nl\/wp-content\/uploads\/hogenboom-maurice-mci-173x300.webp 173w, https:\/\/m-c-i.nl\/wp-content\/uploads\/hogenboom-maurice-mci.webp 600w\" sizes=\"(max-width: 590px) 100vw, 590px\" \/>\t\t\t\t\t\t\t\t\t\t\t\t\t\t\t<\/div>\n\t\t\t\t<\/div>\n\t\t\t\t<\/div>\n\t\t<div class=\"elementor-element elementor-element-32e52de1 e-flex e-con-boxed elementor-invisible e-con e-child\" data-id=\"32e52de1\" data-element_type=\"container\" data-e-type=\"container\" data-settings=\"{&quot;jet_parallax_layout_list&quot;:[],&quot;background_background&quot;:&quot;classic&quot;,&quot;animation&quot;:&quot;fadeIn&quot;}\">\n\t\t\t\t\t<div class=\"e-con-inner\">\n\t\t\t\t<div class=\"elementor-element elementor-element-772fcf79 elementor-widget elementor-widget-heading\" data-id=\"772fcf79\" data-element_type=\"widget\" data-e-type=\"widget\" data-widget_type=\"heading.default\">\n\t\t\t\t<div class=\"elementor-widget-container\">\n\t\t\t\t\t<h2 class=\"elementor-heading-title elementor-size-default\">Entra em contacto<\/h2>\t\t\t\t<\/div>\n\t\t\t\t<\/div>\n\t\t<div class=\"elementor-element elementor-element-1c8b9dc0 e-flex e-con-boxed e-con e-child\" data-id=\"1c8b9dc0\" data-element_type=\"container\" data-e-type=\"container\" data-settings=\"{&quot;jet_parallax_layout_list&quot;:[]}\">\n\t\t\t\t\t<div class=\"e-con-inner\">\n\t\t\t\t<div class=\"elementor-element elementor-element-5b470407 elementor-widget elementor-widget-button\" data-id=\"5b470407\" data-element_type=\"widget\" data-e-type=\"widget\" data-widget_type=\"button.default\">\n\t\t\t\t<div class=\"elementor-widget-container\">\n\t\t\t\t\t\t\t\t\t<div class=\"elementor-button-wrapper\">\n\t\t\t\t\t<a class=\"elementor-button elementor-button-link elementor-size-sm\" href=\"tel:+31464107764\">\n\t\t\t\t\t\t<span class=\"elementor-button-content-wrapper\">\n\t\t\t\t\t\t<span class=\"elementor-button-icon\">\n\t\t\t\t<i aria-hidden=\"true\" class=\"fas fa-phone-square-alt\"><\/i>\t\t\t<\/span>\n\t\t\t\t\t\t\t\t\t<span class=\"elementor-button-text\">+31 (0)46 410 7764<\/span>\n\t\t\t\t\t<\/span>\n\t\t\t\t\t<\/a>\n\t\t\t\t<\/div>\n\t\t\t\t\t\t\t\t<\/div>\n\t\t\t\t<\/div>\n\t\t\t\t<div class=\"elementor-element elementor-element-12fcbda8 elementor-widget elementor-widget-button\" data-id=\"12fcbda8\" data-element_type=\"widget\" data-e-type=\"widget\" data-widget_type=\"button.default\">\n\t\t\t\t<div class=\"elementor-widget-container\">\n\t\t\t\t\t\t\t\t\t<div class=\"elementor-button-wrapper\">\n\t\t\t\t\t<a class=\"elementor-button elementor-button-link elementor-size-sm\" href=\"mailto:info@m-c-i.nl\">\n\t\t\t\t\t\t<span class=\"elementor-button-content-wrapper\">\n\t\t\t\t\t\t<span class=\"elementor-button-icon\">\n\t\t\t\t<i aria-hidden=\"true\" class=\"fas fa-envelope\"><\/i>\t\t\t<\/span>\n\t\t\t\t\t\t\t\t\t<span class=\"elementor-button-text\">info@m-c-i.nl<\/span>\n\t\t\t\t\t<\/span>\n\t\t\t\t\t<\/a>\n\t\t\t\t<\/div>\n\t\t\t\t\t\t\t\t<\/div>\n\t\t\t\t<\/div>\n\t\t\t\t\t<\/div>\n\t\t\t\t<\/div>\n\t\t\t\t\t<\/div>\n\t\t\t\t<\/div>\n\t\t\t\t\t<\/div>\n\t\t\t\t<\/div>\n\t\t\t\t<\/div>\n\t\t\t\t<\/div>\n\t\t\t\t\t\t<\/div>\n\t\t\t\t<\/div>\n\t\t\t\t<\/div>\n\t\t\t\t<\/div>\n\t\t","protected":false},"excerpt":{"rendered":"<p>Investiga\u00e7\u00e3o de Falhas No nosso laborat\u00f3rio metal\u00fargico de alto n\u00edvel em Geleen (Pa\u00edses Baixos), realizamos investiga\u00e7\u00f5es independentes de falhas. Estas an\u00e1lises servem para identificar a causa exata da falha e implementar melhorias estruturais para evitar problemas futuros. Investiga\u00e7\u00e3o de Falhas Independente An\u00e1lise de Componentes Danificados Durante as nossas inspe\u00e7\u00f5es no local, realizadas em todo o [&hellip;]<\/p>\n","protected":false},"author":1,"featured_media":0,"parent":2453,"menu_order":0,"comment_status":"closed","ping_status":"closed","template":"","meta":{"inline_featured_image":false,"footnotes":""},"class_list":["post-2468","page","type-page","status-publish","hentry"],"_links":{"self":[{"href":"https:\/\/m-c-i.nl\/pt-pt\/wp-json\/wp\/v2\/pages\/2468","targetHints":{"allow":["GET"]}}],"collection":[{"href":"https:\/\/m-c-i.nl\/pt-pt\/wp-json\/wp\/v2\/pages"}],"about":[{"href":"https:\/\/m-c-i.nl\/pt-pt\/wp-json\/wp\/v2\/types\/page"}],"author":[{"embeddable":true,"href":"https:\/\/m-c-i.nl\/pt-pt\/wp-json\/wp\/v2\/users\/1"}],"replies":[{"embeddable":true,"href":"https:\/\/m-c-i.nl\/pt-pt\/wp-json\/wp\/v2\/comments?post=2468"}],"version-history":[{"count":1,"href":"https:\/\/m-c-i.nl\/pt-pt\/wp-json\/wp\/v2\/pages\/2468\/revisions"}],"predecessor-version":[{"id":2473,"href":"https:\/\/m-c-i.nl\/pt-pt\/wp-json\/wp\/v2\/pages\/2468\/revisions\/2473"}],"up":[{"embeddable":true,"href":"https:\/\/m-c-i.nl\/pt-pt\/wp-json\/wp\/v2\/pages\/2453"}],"wp:attachment":[{"href":"https:\/\/m-c-i.nl\/pt-pt\/wp-json\/wp\/v2\/media?parent=2468"}],"curies":[{"name":"wp","href":"https:\/\/api.w.org\/{rel}","templated":true}]}}