{"id":3213,"date":"2021-08-25T05:55:58","date_gmt":"2021-08-25T03:55:58","guid":{"rendered":"https:\/\/m-c-i.nl\/vie-privee\/"},"modified":"2025-09-26T08:45:15","modified_gmt":"2025-09-26T06:45:15","slug":"vie-privee","status":"publish","type":"page","link":"https:\/\/m-c-i.nl\/fr\/vie-privee\/","title":{"rendered":"Vie priv\u00e9e"},"content":{"rendered":"\t\t<div data-elementor-type=\"wp-page\" data-elementor-id=\"3213\" class=\"elementor elementor-3213 elementor-3\" data-elementor-post-type=\"page\">\n\t\t\t\t<div class=\"elementor-element elementor-element-4b7185a e-flex e-con-boxed e-con e-parent\" data-id=\"4b7185a\" data-element_type=\"container\" data-e-type=\"container\" data-settings=\"{&quot;background_background&quot;:&quot;classic&quot;,&quot;jet_parallax_layout_list&quot;:[]}\">\n\t\t\t\t\t<div class=\"e-con-inner\">\n\t\t\t\t<div class=\"elementor-element elementor-element-7a27896 elementor-absolute elementor-hidden-tablet elementor-hidden-mobile elementor-widget elementor-widget-image\" data-id=\"7a27896\" data-element_type=\"widget\" data-e-type=\"widget\" data-settings=\"{&quot;_position&quot;:&quot;absolute&quot;,&quot;motion_fx_motion_fx_scrolling&quot;:&quot;yes&quot;,&quot;motion_fx_blur_effect&quot;:&quot;yes&quot;,&quot;motion_fx_blur_direction&quot;:&quot;in-out&quot;,&quot;motion_fx_blur_range&quot;:{&quot;unit&quot;:&quot;%&quot;,&quot;size&quot;:&quot;&quot;,&quot;sizes&quot;:{&quot;start&quot;:52,&quot;end&quot;:80}},&quot;motion_fx_blur_level&quot;:{&quot;unit&quot;:&quot;px&quot;,&quot;size&quot;:7,&quot;sizes&quot;:[]},&quot;motion_fx_devices&quot;:[&quot;desktop&quot;,&quot;tablet&quot;,&quot;mobile&quot;]}\" data-widget_type=\"image.default\">\n\t\t\t\t<div class=\"elementor-widget-container\">\n\t\t\t\t\t\t\t\t\t\t\t\t\t\t\t<img fetchpriority=\"high\" decoding=\"async\" width=\"714\" height=\"1024\" src=\"https:\/\/m-c-i.nl\/wp-content\/uploads\/regenboog-714x1024.png\" class=\"attachment-large size-large wp-image-2046\" alt=\"\" srcset=\"https:\/\/m-c-i.nl\/wp-content\/uploads\/regenboog-714x1024.png 714w, https:\/\/m-c-i.nl\/wp-content\/uploads\/regenboog-209x300.png 209w, https:\/\/m-c-i.nl\/wp-content\/uploads\/regenboog-768x1102.png 768w, https:\/\/m-c-i.nl\/wp-content\/uploads\/regenboog.png 782w\" sizes=\"(max-width: 714px) 100vw, 714px\" \/>\t\t\t\t\t\t\t\t\t\t\t\t\t\t\t<\/div>\n\t\t\t\t<\/div>\n\t\t<div class=\"elementor-element elementor-element-4b80b0f e-flex e-con-boxed e-con e-child\" data-id=\"4b80b0f\" data-element_type=\"container\" data-e-type=\"container\" data-settings=\"{&quot;jet_parallax_layout_list&quot;:[]}\">\n\t\t\t\t\t<div class=\"e-con-inner\">\n\t\t\t\t<div class=\"elementor-element elementor-element-7f26809 elementor-widget elementor-widget-heading\" data-id=\"7f26809\" data-element_type=\"widget\" data-e-type=\"widget\" data-widget_type=\"heading.default\">\n\t\t\t\t<div class=\"elementor-widget-container\">\n\t\t\t\t\t<h1 class=\"elementor-heading-title elementor-size-default\">Vie priv\u00e9e<\/h1>\t\t\t\t<\/div>\n\t\t\t\t<\/div>\n\t\t\t\t\t<\/div>\n\t\t\t\t<\/div>\n\t\t\t\t\t<\/div>\n\t\t\t\t<\/div>\n\t\t<div class=\"elementor-element elementor-element-e4c21c4 e-flex e-con-boxed e-con e-parent\" data-id=\"e4c21c4\" data-element_type=\"container\" data-e-type=\"container\" data-settings=\"{&quot;jet_parallax_layout_list&quot;:[]}\">\n\t\t\t\t\t<div class=\"e-con-inner\">\n\t\t\t\t<div class=\"elementor-element elementor-element-8282448 elementor-widget elementor-widget-text-editor\" data-id=\"8282448\" data-element_type=\"widget\" data-e-type=\"widget\" data-widget_type=\"text-editor.default\">\n\t\t\t\t<div class=\"elementor-widget-container\">\n\t\t\t\t\t\t\t\t\t<p>MATERIALS &amp; CORROSION INVESTIGATIONS B.V. est responsable du traitement des donn\u00e9es \u00e0 caract\u00e8re personnel tel qu&rsquo;il est d\u00e9crit dans la pr\u00e9sente d\u00e9claration de confidentialit\u00e9.<\/p><h2>Coordonn\u00e9es de la personne \u00e0 contacter<\/h2><p>MATERIALS &amp; CORROSION INVESTIGATIONS B.V.<br>Kampstraat 86<br>6163HG Geleen<br>info@m-c-i.nl<\/p><h2>Donn\u00e9es personnelles que nous traitons<\/h2><p>MATERIALS &amp; CORROSION INVESTIGATIONS B.V. traite vos donn\u00e9es personnelles parce que vous utilisez nos services et\/ou parce que vous nous les fournissez vous-m\u00eame.<\/p><p>Vous trouverez ci-dessous un aper\u00e7u des donn\u00e9es personnelles que nous traitons :<\/p><ul><li>Pr\u00e9nom et nom<\/li><li>Coordonn\u00e9es<\/li><li>Num\u00e9ro de t\u00e9l\u00e9phone<\/li><li>Adresse \u00e9lectronique<\/li><li>Autres donn\u00e9es \u00e0 caract\u00e8re personnel que vous fournissez activement, par exemple en cr\u00e9ant un profil sur ce site web, par correspondance ou par t\u00e9l\u00e9phone.<\/li><li>Donn\u00e9es relatives \u00e0 vos activit\u00e9s sur notre site web<\/li><li>Donn\u00e9es relatives \u00e0 votre comportement de navigation sur diff\u00e9rents sites web (par exemple, parce que cette soci\u00e9t\u00e9 fait partie d&rsquo;un r\u00e9seau publicitaire).<\/li><li>Navigateur Internet et type d&rsquo;appareil<\/li><\/ul><h2>Donn\u00e9es personnelles sp\u00e9ciales et\/ou sensibles que nous traitons<\/h2><p>Notre site web et\/ou service n&rsquo;a pas l&rsquo;intention de collecter des donn\u00e9es sur les visiteurs du site web \u00e2g\u00e9s de moins de 16 ans. \u00c0 moins qu&rsquo;ils ne disposent d&rsquo;une autorisation parentale ou d&rsquo;un tuteur. Toutefois, nous ne pouvons pas v\u00e9rifier si un visiteur a plus de 16 ans. Nous conseillons donc aux parents de s&rsquo;impliquer dans les activit\u00e9s en ligne de leurs enfants afin d&rsquo;\u00e9viter de collecter des donn\u00e9es sur les enfants sans leur consentement. Si vous \u00eates convaincu que nous avons collect\u00e9 des donn\u00e9es personnelles sur un mineur sans ce consentement, veuillez nous contacter.    <\/p><h2>Dans quel but et sur quelle base nous traitons les donn\u00e9es \u00e0 caract\u00e8re personnel<\/h2><p>MATERIALS &amp; CORROSION INVESTIGATIONS B.V. traite vos donn\u00e9es \u00e0 caract\u00e8re personnel aux fins suivantes :<\/p><ul><li>Traitement de votre paiement<\/li><li>vous appeler ou vous envoyer un courrier \u00e9lectronique si cela s&rsquo;av\u00e8re n\u00e9cessaire pour la mise en \u0153uvre de nos services<\/li><li>vous informer des modifications apport\u00e9es \u00e0 nos services et produits<\/li><li>Pour vous fournir des biens et des services<\/li><li>MATERIALS &amp; CORROSION INVESTIGATIONS B.V. analyse votre comportement sur le site web afin de l&rsquo;am\u00e9liorer et d&rsquo;adapter l&rsquo;offre de produits et de services \u00e0 vos pr\u00e9f\u00e9rences.<\/li><li>MATERIALS &amp; CORROSION INVESTIGATIONS B.V. suit votre comportement de navigation sur diff\u00e9rents sites web pour nous aider \u00e0 adapter nos produits et services \u00e0 vos besoins.<\/li><li>MATERIALS &amp; CORROSION INVESTIGATIONS B.V. traite \u00e9galement des donn\u00e9es \u00e0 caract\u00e8re personnel si nous sommes l\u00e9galement tenus de le faire, comme les donn\u00e9es dont nous avons besoin pour notre d\u00e9claration fiscale.<\/li><\/ul><h2>Prise de d\u00e9cision automatis\u00e9e<\/h2><p>MATERIALS &amp; CORROSION INVESTIGATIONS B.V. ne prend pas, sur la base d&rsquo;un traitement automatis\u00e9, de d\u00e9cisions concernant des questions susceptibles d&rsquo;affecter (de mani\u00e8re significative) des personnes. Il s&rsquo;agit de d\u00e9cisions qui sont prises par des programmes ou des syst\u00e8mes informatiques, sans qu&rsquo;un \u00eatre humain (par exemple un employ\u00e9 de MATERIALS &amp; CORROSION INVESTIGATIONS B.V.) ne soit impliqu\u00e9. <\/p><h2>Dur\u00e9e de conservation des donn\u00e9es personnelles<\/h2><p>MATERIALS &amp; CORROSION INVESTIGATIONS B.V. ne conservera pas vos donn\u00e9es plus longtemps que n\u00e9cessaire pour les besoins du traitement, en tenant compte des obligations contractuelles et l\u00e9gales. Si vous \u00eates client de MATERIALS &amp; CORROSION INVESTIGATIONS B.V., nous conserverons vos donn\u00e9es pendant 7 ans. Ceci afin de nous conformer \u00e0 notre obligation fiscale de conservation. Ensuite, vos donn\u00e9es seront d\u00e9truites. Si vous avez contact\u00e9 MATERIALS &amp; CORROSION INVESTIGATIONS B.V. mais n&rsquo;\u00eates pas devenu client, nous conserverons vos donn\u00e9es pendant 12 mois au maximum.    <\/p><h2>Partage de donn\u00e9es personnelles avec des tiers<\/h2><p>MATERIALS &amp; CORROSION INVESTIGATIONS B.V. ne fournit des informations \u00e0 des tiers que lorsque cela est n\u00e9cessaire \u00e0 l&rsquo;ex\u00e9cution de notre contrat avec vous ou au respect d&rsquo;une obligation l\u00e9gale.<\/p><h2>Cookies, ou techniques similaires, que nous utilisons<\/h2><p>MATERIALS &amp; CORROSION INVESTIGATIONS B.V. utilise des cookies fonctionnels, analytiques et de suivi. Un cookie est un petit fichier texte qui est stock\u00e9 dans le navigateur de votre ordinateur, tablette ou smartphone lorsque vous visitez ce site web pour la premi\u00e8re fois. MATERIALS &amp; CORROSION INVESTIGATIONS B.V. utilise des cookies ayant une fonctionnalit\u00e9 purement technique. Ceux-ci garantissent que le site web fonctionne correctement et que, par exemple, vos param\u00e8tres de pr\u00e9f\u00e9rence sont m\u00e9moris\u00e9s. Ces cookies sont \u00e9galement utilis\u00e9s pour assurer le bon fonctionnement et l&rsquo;optimisation du site web. En outre, nous pla\u00e7ons des cookies qui suivent votre comportement de navigation afin de pouvoir vous proposer un contenu et des publicit\u00e9s sur mesure.     <\/p><p>Lors de votre premi\u00e8re visite sur notre site web, nous vous avons d\u00e9j\u00e0 inform\u00e9 de l&rsquo;existence de ces cookies et nous vous avons demand\u00e9 la permission de les installer.<\/p><p>Vous pouvez refuser les cookies en param\u00e9trant votre navigateur Internet de mani\u00e8re \u00e0 ce qu&rsquo;il ne les stocke plus. En outre, vous pouvez \u00e9galement supprimer toute information pr\u00e9c\u00e9demment stock\u00e9e via les param\u00e8tres de votre navigateur. <\/p><h2>Visualiser, modifier ou supprimer des donn\u00e9es<\/h2><p>Vous avez le droit d&rsquo;acc\u00e9der \u00e0 vos donn\u00e9es personnelles, de les corriger ou de les supprimer. En outre, vous avez le droit de retirer votre \u00e9ventuel consentement au traitement des donn\u00e9es ou de vous opposer au traitement de vos donn\u00e9es personnelles par MATERIALS &amp; CORROSION INVESTIGATIONS B.V., et vous avez le droit \u00e0 la portabilit\u00e9 des donn\u00e9es. Cela signifie que vous pouvez nous demander d&rsquo;envoyer les donn\u00e9es personnelles que nous d\u00e9tenons \u00e0 votre sujet dans un fichier informatique \u00e0 vous-m\u00eame ou \u00e0 une autre organisation que vous aurez d\u00e9sign\u00e9e.  <\/p><p>Vous pouvez nous envoyer par courrier \u00e9lectronique une demande d&rsquo;acc\u00e8s, de correction, de suppression, de transfert de vos donn\u00e9es \u00e0 caract\u00e8re personnel ou une demande de r\u00e9vocation de votre consentement ou de votre objection au traitement de vos donn\u00e9es \u00e0 caract\u00e8re personnel.<\/p><p>Afin de s&rsquo;assurer que la demande de contr\u00f4le \u00e9mane bien de vous, nous vous demandons de joindre \u00e0 votre demande une copie de votre preuve d&rsquo;identit\u00e9. Sur cette copie, noircissez votre photo de passeport, la MRZ (zone de lecture automatique, la bande de chiffres au bas du passeport), le num\u00e9ro de passeport et le num\u00e9ro de service du citoyen (BSN). Ceci afin de prot\u00e9ger votre vie priv\u00e9e. Nous r\u00e9pondrons \u00e0 votre demande d\u00e8s que possible, mais dans un d\u00e9lai de quatre semaines.   <\/p><p>MATERIALS &amp; CORROSION INVESTIGATIONS B.V. souhaite \u00e9galement vous informer que vous avez la possibilit\u00e9 de d\u00e9poser une plainte aupr\u00e8s de l&rsquo;autorit\u00e9 de contr\u00f4le nationale, l&rsquo;Autorit\u00e9 des donn\u00e9es personnelles. Vous pouvez le faire via le lien suivant : https:\/\/autoriteitpersoonsgegevens.nl\/nl\/zelf-doen\/gebruik-uw-privacyrechten\/klacht-melden-bij-de-ap <\/p><h2>Comment nous s\u00e9curisons les donn\u00e9es personnelles<\/h2><p>MATERIALS &amp; CORROSION INVESTIGATIONS B.V. prend au s\u00e9rieux la protection de vos donn\u00e9es et prend des mesures appropri\u00e9es pour lutter contre les abus, les pertes, les acc\u00e8s non autoris\u00e9s, les divulgations non d\u00e9sir\u00e9es et les modifications non autoris\u00e9es. Si vous avez l&rsquo;impression que vos donn\u00e9es ne sont pas correctement s\u00e9curis\u00e9es ou qu&rsquo;il existe des indices d&rsquo;utilisation abusive, veuillez nous envoyer un e-mail. <\/p>\t\t\t\t\t\t\t\t<\/div>\n\t\t\t\t<\/div>\n\t\t\t\t\t<\/div>\n\t\t\t\t<\/div>\n\t\t\t\t<\/div>\n\t\t","protected":false},"excerpt":{"rendered":"<p>MATERIALS &amp; CORROSION INVESTIGATIONS B.V. est responsable du traitement des donn\u00e9es \u00e0 caract\u00e8re personnel tel qu&rsquo;il est d\u00e9crit dans la pr\u00e9sente d\u00e9claration de confidentialit\u00e9. Coordonn\u00e9es de la personne \u00e0 contacter MATERIALS &amp; CORROSION INVESTIGATIONS B.V.Kampstraat 866163HG Geleeninfo@m-c-i.nl Donn\u00e9es personnelles que nous traitons MATERIALS &amp; CORROSION INVESTIGATIONS B.V. traite vos donn\u00e9es personnelles parce que vous utilisez [&hellip;]<\/p>\n","protected":false},"author":1,"featured_media":0,"parent":0,"menu_order":0,"comment_status":"closed","ping_status":"open","template":"","meta":{"inline_featured_image":false,"footnotes":""},"class_list":["post-3213","page","type-page","status-publish","hentry"],"_links":{"self":[{"href":"https:\/\/m-c-i.nl\/fr\/wp-json\/wp\/v2\/pages\/3213","targetHints":{"allow":["GET"]}}],"collection":[{"href":"https:\/\/m-c-i.nl\/fr\/wp-json\/wp\/v2\/pages"}],"about":[{"href":"https:\/\/m-c-i.nl\/fr\/wp-json\/wp\/v2\/types\/page"}],"author":[{"embeddable":true,"href":"https:\/\/m-c-i.nl\/fr\/wp-json\/wp\/v2\/users\/1"}],"replies":[{"embeddable":true,"href":"https:\/\/m-c-i.nl\/fr\/wp-json\/wp\/v2\/comments?post=3213"}],"version-history":[{"count":1,"href":"https:\/\/m-c-i.nl\/fr\/wp-json\/wp\/v2\/pages\/3213\/revisions"}],"predecessor-version":[{"id":3219,"href":"https:\/\/m-c-i.nl\/fr\/wp-json\/wp\/v2\/pages\/3213\/revisions\/3219"}],"wp:attachment":[{"href":"https:\/\/m-c-i.nl\/fr\/wp-json\/wp\/v2\/media?parent=3213"}],"curies":[{"name":"wp","href":"https:\/\/api.w.org\/{rel}","templated":true}]}}