{"id":2088,"date":"2023-12-11T14:28:08","date_gmt":"2023-12-11T13:28:08","guid":{"rendered":"https:\/\/m-c-i.nl\/services-2\/analyse-de-defaillance\/"},"modified":"2025-05-08T11:55:54","modified_gmt":"2025-05-08T09:55:54","slug":"analyse-de-defaillance","status":"publish","type":"page","link":"https:\/\/m-c-i.nl\/fr\/services-2\/analyse-de-defaillance\/","title":{"rendered":"Analyse de d\u00e9faillance"},"content":{"rendered":"\t\t<div data-elementor-type=\"wp-page\" data-elementor-id=\"2088\" class=\"elementor elementor-2088 elementor-37\" data-elementor-post-type=\"page\">\n\t\t\t\t<div class=\"elementor-element elementor-element-4bedc9b0 e-flex e-con-boxed e-con e-parent\" data-id=\"4bedc9b0\" data-element_type=\"container\" data-e-type=\"container\" data-settings=\"{&quot;background_background&quot;:&quot;classic&quot;,&quot;jet_parallax_layout_list&quot;:[]}\">\n\t\t\t\t\t<div class=\"e-con-inner\">\n\t\t\t\t<div class=\"elementor-element elementor-element-17fcd64a elementor-absolute elementor-hidden-tablet elementor-hidden-mobile elementor-widget elementor-widget-image\" data-id=\"17fcd64a\" data-element_type=\"widget\" data-e-type=\"widget\" data-settings=\"{&quot;_position&quot;:&quot;absolute&quot;,&quot;motion_fx_motion_fx_scrolling&quot;:&quot;yes&quot;,&quot;motion_fx_blur_effect&quot;:&quot;yes&quot;,&quot;motion_fx_blur_direction&quot;:&quot;in-out&quot;,&quot;motion_fx_blur_range&quot;:{&quot;unit&quot;:&quot;%&quot;,&quot;size&quot;:&quot;&quot;,&quot;sizes&quot;:{&quot;start&quot;:52,&quot;end&quot;:80}},&quot;motion_fx_blur_level&quot;:{&quot;unit&quot;:&quot;px&quot;,&quot;size&quot;:7,&quot;sizes&quot;:[]},&quot;motion_fx_devices&quot;:[&quot;desktop&quot;,&quot;tablet&quot;,&quot;mobile&quot;]}\" data-widget_type=\"image.default\">\n\t\t\t\t<div class=\"elementor-widget-container\">\n\t\t\t\t\t\t\t\t\t\t\t\t\t\t\t<img fetchpriority=\"high\" decoding=\"async\" width=\"714\" height=\"1024\" src=\"https:\/\/m-c-i.nl\/wp-content\/uploads\/regenboog-714x1024.png\" class=\"attachment-large size-large wp-image-2046\" alt=\"\" srcset=\"https:\/\/m-c-i.nl\/wp-content\/uploads\/regenboog-714x1024.png 714w, https:\/\/m-c-i.nl\/wp-content\/uploads\/regenboog-209x300.png 209w, https:\/\/m-c-i.nl\/wp-content\/uploads\/regenboog-768x1102.png 768w, https:\/\/m-c-i.nl\/wp-content\/uploads\/regenboog.png 782w\" sizes=\"(max-width: 714px) 100vw, 714px\" \/>\t\t\t\t\t\t\t\t\t\t\t\t\t\t\t<\/div>\n\t\t\t\t<\/div>\n\t\t<div class=\"elementor-element elementor-element-7a12acda e-flex e-con-boxed e-con e-child\" data-id=\"7a12acda\" data-element_type=\"container\" data-e-type=\"container\" data-settings=\"{&quot;jet_parallax_layout_list&quot;:[]}\">\n\t\t\t\t\t<div class=\"e-con-inner\">\n\t\t\t\t<div class=\"elementor-element elementor-element-5467cee5 elementor-widget elementor-widget-heading\" data-id=\"5467cee5\" data-element_type=\"widget\" data-e-type=\"widget\" data-widget_type=\"heading.default\">\n\t\t\t\t<div class=\"elementor-widget-container\">\n\t\t\t\t\t<h1 class=\"elementor-heading-title elementor-size-default\">Analyse de d\u00e9faillance<\/h1>\t\t\t\t<\/div>\n\t\t\t\t<\/div>\n\t\t\t\t<div class=\"elementor-element elementor-element-73c9c574 elementor-widget elementor-widget-text-editor\" data-id=\"73c9c574\" data-element_type=\"widget\" data-e-type=\"widget\" data-widget_type=\"text-editor.default\">\n\t\t\t\t<div class=\"elementor-widget-container\">\n\t\t\t\t\t\t\t\t\t<p>Dans notre laboratoire m\u00e9tallurgique de pointe \u00e0 Geleen (Pays-Bas), nous r\u00e9alisons des analyses de d\u00e9faillance ind\u00e9pendantes. Celles-ci visent \u00e0 identifier les causes exactes de la d\u00e9faillance et \u00e0 proposer des am\u00e9liorations structurelles pour \u00e9viter qu\u2019elles ne se reproduisent. <\/p>\t\t\t\t\t\t\t\t<\/div>\n\t\t\t\t<\/div>\n\t\t\t\t<div class=\"elementor-element elementor-element-1cffbc1d elementor-widget elementor-widget-heading\" data-id=\"1cffbc1d\" data-element_type=\"widget\" data-e-type=\"widget\" data-widget_type=\"heading.default\">\n\t\t\t\t<div class=\"elementor-widget-container\">\n\t\t\t\t\t<p class=\"elementor-heading-title elementor-size-default\">Analyse ind\u00e9pendante des composants d\u00e9faillants<\/p>\t\t\t\t<\/div>\n\t\t\t\t<\/div>\n\t\t\t\t\t<\/div>\n\t\t\t\t<\/div>\n\t\t\t\t\t<\/div>\n\t\t\t\t<\/div>\n\t\t<div class=\"elementor-element elementor-element-2655f995 e-flex e-con-boxed e-con e-parent\" data-id=\"2655f995\" data-element_type=\"container\" data-e-type=\"container\" data-settings=\"{&quot;jet_parallax_layout_list&quot;:[]}\">\n\t\t\t\t\t<div class=\"e-con-inner\">\n\t\t<div class=\"elementor-element elementor-element-6b9239b4 e-con-full e-flex e-con e-child\" data-id=\"6b9239b4\" data-element_type=\"container\" data-e-type=\"container\" data-settings=\"{&quot;jet_parallax_layout_list&quot;:[]}\">\n\t\t\t\t<div class=\"elementor-element elementor-element-5118a717 elementor-widget elementor-widget-heading\" data-id=\"5118a717\" data-element_type=\"widget\" data-e-type=\"widget\" data-widget_type=\"heading.default\">\n\t\t\t\t<div class=\"elementor-widget-container\">\n\t\t\t\t\t<h2 class=\"elementor-heading-title elementor-size-default\">Analyse des composants d\u00e9faillants<\/h2>\t\t\t\t<\/div>\n\t\t\t\t<\/div>\n\t\t\t\t<div class=\"elementor-element elementor-element-5710556d elementor-widget elementor-widget-text-editor\" data-id=\"5710556d\" data-element_type=\"widget\" data-e-type=\"widget\" data-widget_type=\"text-editor.default\">\n\t\t\t\t<div class=\"elementor-widget-container\">\n\t\t\t\t\t\t\t\t\t<p>Lors d\u2019inspections sur site dans le monde entier, des \u00e9chantillons sont s\u00e9lectionn\u00e9s parmi divers composants techniques et analys\u00e9s minutieusement dans notre laboratoire. <\/p><p>Nous traitons environ 200 cas de d\u00e9faillance chaque ann\u00e9e.<\/p>\t\t\t\t\t\t\t\t<\/div>\n\t\t\t\t<\/div>\n\t\t\t\t<div class=\"elementor-element elementor-element-3d12bc4 elementor-icon-list--layout-traditional elementor-list-item-link-full_width elementor-widget elementor-widget-icon-list\" data-id=\"3d12bc4\" data-element_type=\"widget\" data-e-type=\"widget\" data-widget_type=\"icon-list.default\">\n\t\t\t\t<div class=\"elementor-widget-container\">\n\t\t\t\t\t\t\t<ul class=\"elementor-icon-list-items\">\n\t\t\t\t\t\t\t<li class=\"elementor-icon-list-item\">\n\t\t\t\t\t\t\t\t\t\t\t<span class=\"elementor-icon-list-icon\">\n\t\t\t\t\t\t\t<svg xmlns=\"http:\/\/www.w3.org\/2000\/svg\" id=\"uuid-de9ec2fd-52f3-469c-a910-e38e09408295\" viewBox=\"0 0 39.25 39.25\"><defs><\/defs><g id=\"uuid-b393270a-c3b1-47ce-8bd6-27f2682fc42b\"><path d=\"M21.68 6.77h-4.7v10.51H6.48v4.7h10.5v10.5h4.7v-10.5h10.5v-4.7h-10.5V6.77z\" class=\"uuid-68c68065-d758-444a-9094-741d499a0836\"><\/path><path d=\"M19.62 0C8.79 0 0 8.79 0 19.63s8.79 19.62 19.62 19.62 19.62-8.78 19.62-19.62S30.46 0 19.62 0Zm11.12 30.74c-2.85 2.85-6.77 4.6-11.12 4.61-4.35 0-8.27-1.76-11.12-4.61-2.85-2.85-4.6-6.77-4.61-11.12 0-4.35 1.76-8.27 4.61-11.12 2.85-2.85 6.77-4.6 11.12-4.6s8.27 1.75 11.12 4.6c2.85 2.85 4.61 6.77 4.61 11.12s-1.76 8.26-4.61 11.12Z\" class=\"uuid-68c68065-d758-444a-9094-741d499a0836\"><\/path><\/g><\/svg>\t\t\t\t\t\t<\/span>\n\t\t\t\t\t\t\t\t\t\t<span class=\"elementor-icon-list-text\"><b>50 % sont dus \u00e0 des surcharges m\u00e9caniques<\/b> : rupture, fatigue, erreurs de fabrication, d\u00e9fauts de liaison (soudure, boulons, alignement) ou erreurs de montage<\/span>\n\t\t\t\t\t\t\t\t\t<\/li>\n\t\t\t\t\t\t\t\t<li class=\"elementor-icon-list-item\">\n\t\t\t\t\t\t\t\t\t\t\t<span class=\"elementor-icon-list-icon\">\n\t\t\t\t\t\t\t<svg xmlns=\"http:\/\/www.w3.org\/2000\/svg\" id=\"uuid-de9ec2fd-52f3-469c-a910-e38e09408295\" viewBox=\"0 0 39.25 39.25\"><defs><\/defs><g id=\"uuid-b393270a-c3b1-47ce-8bd6-27f2682fc42b\"><path d=\"M21.68 6.77h-4.7v10.51H6.48v4.7h10.5v10.5h4.7v-10.5h10.5v-4.7h-10.5V6.77z\" class=\"uuid-68c68065-d758-444a-9094-741d499a0836\"><\/path><path d=\"M19.62 0C8.79 0 0 8.79 0 19.63s8.79 19.62 19.62 19.62 19.62-8.78 19.62-19.62S30.46 0 19.62 0Zm11.12 30.74c-2.85 2.85-6.77 4.6-11.12 4.61-4.35 0-8.27-1.76-11.12-4.61-2.85-2.85-4.6-6.77-4.61-11.12 0-4.35 1.76-8.27 4.61-11.12 2.85-2.85 6.77-4.6 11.12-4.6s8.27 1.75 11.12 4.6c2.85 2.85 4.61 6.77 4.61 11.12s-1.76 8.26-4.61 11.12Z\" class=\"uuid-68c68065-d758-444a-9094-741d499a0836\"><\/path><\/g><\/svg>\t\t\t\t\t\t<\/span>\n\t\t\t\t\t\t\t\t\t\t<span class=\"elementor-icon-list-text\"><b>50 % sont dus \u00e0 la corrosion<\/b>, impliquant une ou plusieurs des 12 formes de corrosion connues<\/span>\n\t\t\t\t\t\t\t\t\t<\/li>\n\t\t\t\t\t\t<\/ul>\n\t\t\t\t\t\t<\/div>\n\t\t\t\t<\/div>\n\t\t\t\t<div class=\"elementor-element elementor-element-cf2e469 elementor-widget elementor-widget-text-editor\" data-id=\"cf2e469\" data-element_type=\"widget\" data-e-type=\"widget\" data-widget_type=\"text-editor.default\">\n\t\t\t\t<div class=\"elementor-widget-container\">\n\t\t\t\t\t\t\t\t\t<p>Nos clients vont des propri\u00e9taires d\u2019usines aux assureurs, qui ont tous besoin d\u2019une \u00e9valuation ind\u00e9pendante des installations.<\/p>\t\t\t\t\t\t\t\t<\/div>\n\t\t\t\t<\/div>\n\t\t\t\t<\/div>\n\t\t<div class=\"elementor-element elementor-element-c34914b e-con-full e-flex e-con e-child\" data-id=\"c34914b\" data-element_type=\"container\" data-e-type=\"container\" data-settings=\"{&quot;background_background&quot;:&quot;classic&quot;,&quot;jet_parallax_layout_list&quot;:[]}\">\n\t\t\t\t<div class=\"elementor-element elementor-element-6a8c3e22 elementor-widget elementor-widget-heading\" data-id=\"6a8c3e22\" data-element_type=\"widget\" data-e-type=\"widget\" data-widget_type=\"heading.default\">\n\t\t\t\t<div class=\"elementor-widget-container\">\n\t\t\t\t\t<h2 class=\"elementor-heading-title elementor-size-default\">M\u00e9thodes d\u2019analyse approfondie<\/h2>\t\t\t\t<\/div>\n\t\t\t\t<\/div>\n\t\t\t\t<div class=\"elementor-element elementor-element-33a363fa elementor-widget elementor-widget-text-editor\" data-id=\"33a363fa\" data-element_type=\"widget\" data-e-type=\"widget\" data-widget_type=\"text-editor.default\">\n\t\t\t\t<div class=\"elementor-widget-container\">\n\t\t\t\t\t\t\t\t\t<p>Nos analyses de d\u00e9faillance sont souvent destructives, comparables au travail d\u2019un m\u00e9decin l\u00e9giste industriel. Nous ouvrons les composants, les pr\u00e9parons et les examinons au microscope afin d\u2019en d\u00e9terminer pr\u00e9cis\u00e9ment la cause.<\/p><p>Quand d\u2019autres laboratoires s\u2019arr\u00eatent au constat, MCI d\u00e9marre le vrai travail. Notre approche multidisciplinaire ne se contente pas d\u2019identifier les d\u00e9faillances : elle propose des mesures correctives et des solutions durables. <\/p>\t\t\t\t\t\t\t\t<\/div>\n\t\t\t\t<\/div>\n\t\t\t\t<\/div>\n\t\t\t\t\t<\/div>\n\t\t\t\t<\/div>\n\t\t<div class=\"elementor-element elementor-element-56f26a73 e-flex e-con-boxed e-con e-parent\" data-id=\"56f26a73\" data-element_type=\"container\" data-e-type=\"container\" data-settings=\"{&quot;jet_parallax_layout_list&quot;:[]}\">\n\t\t\t\t\t<div class=\"e-con-inner\">\n\t\t<div class=\"elementor-element elementor-element-28681639 e-con-full e-flex e-con e-child\" data-id=\"28681639\" data-element_type=\"container\" data-e-type=\"container\" data-settings=\"{&quot;background_background&quot;:&quot;classic&quot;,&quot;jet_parallax_layout_list&quot;:[]}\">\n\t\t\t\t<div class=\"elementor-element elementor-element-58740d6e elementor-widget elementor-widget-heading\" data-id=\"58740d6e\" data-element_type=\"widget\" data-e-type=\"widget\" data-widget_type=\"heading.default\">\n\t\t\t\t<div class=\"elementor-widget-container\">\n\t\t\t\t\t<h2 class=\"elementor-heading-title elementor-size-default\">Valeur ajout\u00e9e : MCI pour vos r\u00e9parations <\/h2>\t\t\t\t<\/div>\n\t\t\t\t<\/div>\n\t\t\t\t<div class=\"elementor-element elementor-element-3afb817 elementor-widget elementor-widget-text-editor\" data-id=\"3afb817\" data-element_type=\"widget\" data-e-type=\"widget\" data-widget_type=\"text-editor.default\">\n\t\t\t\t<div class=\"elementor-widget-container\">\n\t\t\t\t\t\t\t\t\t<p>En production, il faut souvent agir vite. Un probl\u00e8me est temporairement r\u00e9solu par un meulage ou une soudure, mais cela ne r\u00e8gle pas le probl\u00e8me \u00e0 long terme.  <\/p><p>En appliquant des techniques suppl\u00e9mentaires, nous rendons les r\u00e9parations plus durables \u2014 ou nous \u00e9vitons qu\u2019un m\u00eame d\u00e9faut r\u00e9apparaisse, prolongeant ainsi la dur\u00e9e de vie utile de vos \u00e9quipements. <\/p>\t\t\t\t\t\t\t\t<\/div>\n\t\t\t\t<\/div>\n\t\t\t\t<\/div>\n\t\t<div class=\"elementor-element elementor-element-6d80c305 e-con-full e-flex e-con e-child\" data-id=\"6d80c305\" data-element_type=\"container\" data-e-type=\"container\" data-settings=\"{&quot;jet_parallax_layout_list&quot;:[]}\">\n\t\t\t\t<div class=\"elementor-element elementor-element-6414f3ca elementor-widget elementor-widget-heading\" data-id=\"6414f3ca\" data-element_type=\"widget\" data-e-type=\"widget\" data-widget_type=\"heading.default\">\n\t\t\t\t<div class=\"elementor-widget-container\">\n\t\t\t\t\t<h2 class=\"elementor-heading-title elementor-size-default\">Approche int\u00e9gr\u00e9e : de l\u2019inspection \u00e0 la solution<\/h2>\t\t\t\t<\/div>\n\t\t\t\t<\/div>\n\t\t\t\t<div class=\"elementor-element elementor-element-2681f757 elementor-widget elementor-widget-text-editor\" data-id=\"2681f757\" data-element_type=\"widget\" data-e-type=\"widget\" data-widget_type=\"text-editor.default\">\n\t\t\t\t<div class=\"elementor-widget-container\">\n\t\t\t\t\t\t\t\t\t<p>Fuites ou pannes d\u2019installations ? L\u2019OEM pose des questions, mais n\u2019apporte pas de r\u00e9ponses. Chaque partie a ses propres int\u00e9r\u00eats, ce qui rend une vraie solution difficile.  <\/p>\n<p>MCI propose une <strong>approche int\u00e9gr\u00e9e<\/strong> o\u00f9 les inspections ind\u00e9pendantes, les analyses de laboratoire et les solutions pratiques se rejoignent. Nous travaillons sur base de faits, pas d\u2019hypoth\u00e8ses \u2014 pour garantir la fiabilit\u00e9 et la s\u00e9curit\u00e9 de vos installations.  <\/p>\t\t\t\t\t\t\t\t<\/div>\n\t\t\t\t<\/div>\n\t\t\t\t<\/div>\n\t\t\t\t\t<\/div>\n\t\t\t\t<\/div>\n\t\t<div class=\"elementor-element elementor-element-233ad102 e-con-full e-flex e-con e-parent\" data-id=\"233ad102\" data-element_type=\"container\" data-e-type=\"container\" data-settings=\"{&quot;jet_parallax_layout_list&quot;:[]}\">\n\t\t\t\t<div class=\"elementor-element elementor-element-3916a9ad elementor-widget elementor-widget-template\" data-id=\"3916a9ad\" data-element_type=\"widget\" data-e-type=\"widget\" data-widget_type=\"template.default\">\n\t\t\t\t<div class=\"elementor-widget-container\">\n\t\t\t\t\t\t\t<div class=\"elementor-template\">\n\t\t\t\t\t<div data-elementor-type=\"container\" data-elementor-id=\"2202\" class=\"elementor elementor-2202 elementor-721 elementor-721\" data-elementor-post-type=\"elementor_library\">\n\t\t\t\t<div class=\"elementor-element elementor-element-7274c973 e-flex e-con-boxed e-con e-parent\" data-id=\"7274c973\" data-element_type=\"container\" data-e-type=\"container\" data-settings=\"{&quot;jet_parallax_layout_list&quot;:[]}\">\n\t\t\t\t\t<div class=\"e-con-inner\">\n\t\t<div class=\"elementor-element elementor-element-1c85aeb1 e-con-full elementor-hidden-mobile e-flex elementor-invisible e-con e-child\" data-id=\"1c85aeb1\" data-element_type=\"container\" data-e-type=\"container\" data-settings=\"{&quot;jet_parallax_layout_list&quot;:[],&quot;background_background&quot;:&quot;classic&quot;,&quot;animation&quot;:&quot;fadeIn&quot;}\">\n\t\t\t\t<div class=\"elementor-element elementor-element-345fd81 elementor-widget elementor-widget-image\" data-id=\"345fd81\" data-element_type=\"widget\" data-e-type=\"widget\" data-widget_type=\"image.default\">\n\t\t\t\t<div class=\"elementor-widget-container\">\n\t\t\t\t\t\t\t\t\t\t\t\t\t\t\t<img decoding=\"async\" width=\"590\" height=\"1024\" src=\"https:\/\/m-c-i.nl\/wp-content\/uploads\/hogenboom-maurice-mci-590x1024.webp\" class=\"attachment-large size-large wp-image-2203\" alt=\"\" srcset=\"https:\/\/m-c-i.nl\/wp-content\/uploads\/hogenboom-maurice-mci-590x1024.webp 590w, https:\/\/m-c-i.nl\/wp-content\/uploads\/hogenboom-maurice-mci-173x300.webp 173w, https:\/\/m-c-i.nl\/wp-content\/uploads\/hogenboom-maurice-mci.webp 600w\" sizes=\"(max-width: 590px) 100vw, 590px\" \/>\t\t\t\t\t\t\t\t\t\t\t\t\t\t\t<\/div>\n\t\t\t\t<\/div>\n\t\t\t\t<\/div>\n\t\t<div class=\"elementor-element elementor-element-32e52de1 e-flex e-con-boxed elementor-invisible e-con e-child\" data-id=\"32e52de1\" data-element_type=\"container\" data-e-type=\"container\" data-settings=\"{&quot;jet_parallax_layout_list&quot;:[],&quot;background_background&quot;:&quot;classic&quot;,&quot;animation&quot;:&quot;fadeIn&quot;}\">\n\t\t\t\t\t<div class=\"e-con-inner\">\n\t\t\t\t<div class=\"elementor-element elementor-element-772fcf79 elementor-widget elementor-widget-heading\" data-id=\"772fcf79\" data-element_type=\"widget\" data-e-type=\"widget\" data-widget_type=\"heading.default\">\n\t\t\t\t<div class=\"elementor-widget-container\">\n\t\t\t\t\t<h2 class=\"elementor-heading-title elementor-size-default\">Prenez contact avec nous<\/h2>\t\t\t\t<\/div>\n\t\t\t\t<\/div>\n\t\t<div class=\"elementor-element elementor-element-1c8b9dc0 e-flex e-con-boxed e-con e-child\" data-id=\"1c8b9dc0\" data-element_type=\"container\" data-e-type=\"container\" data-settings=\"{&quot;jet_parallax_layout_list&quot;:[]}\">\n\t\t\t\t\t<div class=\"e-con-inner\">\n\t\t\t\t<div class=\"elementor-element elementor-element-5b470407 elementor-widget elementor-widget-button\" data-id=\"5b470407\" data-element_type=\"widget\" data-e-type=\"widget\" data-widget_type=\"button.default\">\n\t\t\t\t<div class=\"elementor-widget-container\">\n\t\t\t\t\t\t\t\t\t<div class=\"elementor-button-wrapper\">\n\t\t\t\t\t<a class=\"elementor-button elementor-button-link elementor-size-sm\" href=\"tel:+31464107764\">\n\t\t\t\t\t\t<span class=\"elementor-button-content-wrapper\">\n\t\t\t\t\t\t<span class=\"elementor-button-icon\">\n\t\t\t\t<i aria-hidden=\"true\" class=\"fas fa-phone-square-alt\"><\/i>\t\t\t<\/span>\n\t\t\t\t\t\t\t\t\t<span class=\"elementor-button-text\">+31 (0)46 410 7764<\/span>\n\t\t\t\t\t<\/span>\n\t\t\t\t\t<\/a>\n\t\t\t\t<\/div>\n\t\t\t\t\t\t\t\t<\/div>\n\t\t\t\t<\/div>\n\t\t\t\t<div class=\"elementor-element elementor-element-12fcbda8 elementor-widget elementor-widget-button\" data-id=\"12fcbda8\" data-element_type=\"widget\" data-e-type=\"widget\" data-widget_type=\"button.default\">\n\t\t\t\t<div class=\"elementor-widget-container\">\n\t\t\t\t\t\t\t\t\t<div class=\"elementor-button-wrapper\">\n\t\t\t\t\t<a class=\"elementor-button elementor-button-link elementor-size-sm\" href=\"mailto:info@m-c-i.nl\">\n\t\t\t\t\t\t<span class=\"elementor-button-content-wrapper\">\n\t\t\t\t\t\t<span class=\"elementor-button-icon\">\n\t\t\t\t<i aria-hidden=\"true\" class=\"fas fa-envelope\"><\/i>\t\t\t<\/span>\n\t\t\t\t\t\t\t\t\t<span class=\"elementor-button-text\">info@m-c-i.nl<\/span>\n\t\t\t\t\t<\/span>\n\t\t\t\t\t<\/a>\n\t\t\t\t<\/div>\n\t\t\t\t\t\t\t\t<\/div>\n\t\t\t\t<\/div>\n\t\t\t\t\t<\/div>\n\t\t\t\t<\/div>\n\t\t\t\t\t<\/div>\n\t\t\t\t<\/div>\n\t\t\t\t\t<\/div>\n\t\t\t\t<\/div>\n\t\t\t\t<\/div>\n\t\t\t\t<\/div>\n\t\t\t\t\t\t<\/div>\n\t\t\t\t<\/div>\n\t\t\t\t<\/div>\n\t\t\t\t<\/div>\n\t\t","protected":false},"excerpt":{"rendered":"<p>Analyse de d\u00e9faillance Dans notre laboratoire m\u00e9tallurgique de pointe \u00e0 Geleen (Pays-Bas), nous r\u00e9alisons des analyses de d\u00e9faillance ind\u00e9pendantes. Celles-ci visent \u00e0 identifier les causes exactes de la d\u00e9faillance et \u00e0 proposer des am\u00e9liorations structurelles pour \u00e9viter qu\u2019elles ne se reproduisent. Analyse ind\u00e9pendante des composants d\u00e9faillants Analyse des composants d\u00e9faillants Lors d\u2019inspections sur site dans [&hellip;]<\/p>\n","protected":false},"author":1,"featured_media":0,"parent":2073,"menu_order":0,"comment_status":"closed","ping_status":"closed","template":"","meta":{"inline_featured_image":false,"footnotes":""},"class_list":["post-2088","page","type-page","status-publish","hentry"],"_links":{"self":[{"href":"https:\/\/m-c-i.nl\/fr\/wp-json\/wp\/v2\/pages\/2088","targetHints":{"allow":["GET"]}}],"collection":[{"href":"https:\/\/m-c-i.nl\/fr\/wp-json\/wp\/v2\/pages"}],"about":[{"href":"https:\/\/m-c-i.nl\/fr\/wp-json\/wp\/v2\/types\/page"}],"author":[{"embeddable":true,"href":"https:\/\/m-c-i.nl\/fr\/wp-json\/wp\/v2\/users\/1"}],"replies":[{"embeddable":true,"href":"https:\/\/m-c-i.nl\/fr\/wp-json\/wp\/v2\/comments?post=2088"}],"version-history":[{"count":1,"href":"https:\/\/m-c-i.nl\/fr\/wp-json\/wp\/v2\/pages\/2088\/revisions"}],"predecessor-version":[{"id":2093,"href":"https:\/\/m-c-i.nl\/fr\/wp-json\/wp\/v2\/pages\/2088\/revisions\/2093"}],"up":[{"embeddable":true,"href":"https:\/\/m-c-i.nl\/fr\/wp-json\/wp\/v2\/pages\/2073"}],"wp:attachment":[{"href":"https:\/\/m-c-i.nl\/fr\/wp-json\/wp\/v2\/media?parent=2088"}],"curies":[{"name":"wp","href":"https:\/\/api.w.org\/{rel}","templated":true}]}}