{"id":2081,"date":"2023-12-11T14:29:40","date_gmt":"2023-12-11T13:29:40","guid":{"rendered":"https:\/\/m-c-i.nl\/services-2\/inspections-sur-site\/"},"modified":"2025-05-08T11:35:50","modified_gmt":"2025-05-08T09:35:50","slug":"inspections-sur-site","status":"publish","type":"page","link":"https:\/\/m-c-i.nl\/fr\/services-2\/inspections-sur-site\/","title":{"rendered":"Inspections sur site"},"content":{"rendered":"\t\t<div data-elementor-type=\"wp-page\" data-elementor-id=\"2081\" class=\"elementor elementor-2081 elementor-39\" data-elementor-post-type=\"page\">\n\t\t\t\t<div class=\"elementor-element elementor-element-5494aaa0 e-flex e-con-boxed e-con e-parent\" data-id=\"5494aaa0\" data-element_type=\"container\" data-e-type=\"container\" data-settings=\"{&quot;background_background&quot;:&quot;classic&quot;,&quot;jet_parallax_layout_list&quot;:[]}\">\n\t\t\t\t\t<div class=\"e-con-inner\">\n\t\t\t\t<div class=\"elementor-element elementor-element-1b83c65f elementor-absolute elementor-hidden-tablet elementor-hidden-mobile elementor-widget elementor-widget-image\" data-id=\"1b83c65f\" data-element_type=\"widget\" data-e-type=\"widget\" data-settings=\"{&quot;_position&quot;:&quot;absolute&quot;,&quot;motion_fx_motion_fx_scrolling&quot;:&quot;yes&quot;,&quot;motion_fx_blur_effect&quot;:&quot;yes&quot;,&quot;motion_fx_blur_direction&quot;:&quot;in-out&quot;,&quot;motion_fx_blur_range&quot;:{&quot;unit&quot;:&quot;%&quot;,&quot;size&quot;:&quot;&quot;,&quot;sizes&quot;:{&quot;start&quot;:52,&quot;end&quot;:80}},&quot;motion_fx_blur_level&quot;:{&quot;unit&quot;:&quot;px&quot;,&quot;size&quot;:7,&quot;sizes&quot;:[]},&quot;motion_fx_devices&quot;:[&quot;desktop&quot;,&quot;tablet&quot;,&quot;mobile&quot;]}\" data-widget_type=\"image.default\">\n\t\t\t\t<div class=\"elementor-widget-container\">\n\t\t\t\t\t\t\t\t\t\t\t\t\t\t\t<img fetchpriority=\"high\" decoding=\"async\" width=\"714\" height=\"1024\" src=\"https:\/\/m-c-i.nl\/wp-content\/uploads\/regenboog-714x1024.png\" class=\"attachment-large size-large wp-image-2046\" alt=\"\" srcset=\"https:\/\/m-c-i.nl\/wp-content\/uploads\/regenboog-714x1024.png 714w, https:\/\/m-c-i.nl\/wp-content\/uploads\/regenboog-209x300.png 209w, https:\/\/m-c-i.nl\/wp-content\/uploads\/regenboog-768x1102.png 768w, https:\/\/m-c-i.nl\/wp-content\/uploads\/regenboog.png 782w\" sizes=\"(max-width: 714px) 100vw, 714px\" \/>\t\t\t\t\t\t\t\t\t\t\t\t\t\t\t<\/div>\n\t\t\t\t<\/div>\n\t\t<div class=\"elementor-element elementor-element-50594bce e-flex e-con-boxed e-con e-child\" data-id=\"50594bce\" data-element_type=\"container\" data-e-type=\"container\" data-settings=\"{&quot;jet_parallax_layout_list&quot;:[]}\">\n\t\t\t\t\t<div class=\"e-con-inner\">\n\t\t\t\t<div class=\"elementor-element elementor-element-32383aa6 elementor-widget elementor-widget-heading\" data-id=\"32383aa6\" data-element_type=\"widget\" data-e-type=\"widget\" data-widget_type=\"heading.default\">\n\t\t\t\t<div class=\"elementor-widget-container\">\n\t\t\t\t\t<h1 class=\"elementor-heading-title elementor-size-default\">Inspections sur site<\/h1>\t\t\t\t<\/div>\n\t\t\t\t<\/div>\n\t\t\t\t<div class=\"elementor-element elementor-element-1e9df9cb elementor-widget elementor-widget-text-editor\" data-id=\"1e9df9cb\" data-element_type=\"widget\" data-e-type=\"widget\" data-widget_type=\"text-editor.default\">\n\t\t\t\t<div class=\"elementor-widget-container\">\n\t\t\t\t\t\t\t\t\t<p>\u00c9vitez les arr\u00eats impr\u00e9vus et les co\u00fbts \u00e9lev\u00e9s gr\u00e2ce aux inspections sur site sp\u00e9cialis\u00e9es de MCI. Nous identifions et conseillons sur les causes potentielles de d\u00e9faillance avant qu\u2019elles ne surviennent ou pour qu\u2019elles soient corrig\u00e9es \u00e0 temps. <\/p>\t\t\t\t\t\t\t\t<\/div>\n\t\t\t\t<\/div>\n\t\t\t\t<div class=\"elementor-element elementor-element-158ff61 elementor-widget elementor-widget-heading\" data-id=\"158ff61\" data-element_type=\"widget\" data-e-type=\"widget\" data-widget_type=\"heading.default\">\n\t\t\t\t<div class=\"elementor-widget-container\">\n\t\t\t\t\t<p class=\"elementor-heading-title elementor-size-default\">Bien plus que la conformit\u00e9<\/p>\t\t\t\t<\/div>\n\t\t\t\t<\/div>\n\t\t\t\t\t<\/div>\n\t\t\t\t<\/div>\n\t\t\t\t\t<\/div>\n\t\t\t\t<\/div>\n\t\t<div class=\"elementor-element elementor-element-5729c175 e-flex e-con-boxed e-con e-parent\" data-id=\"5729c175\" data-element_type=\"container\" data-e-type=\"container\" data-settings=\"{&quot;jet_parallax_layout_list&quot;:[]}\">\n\t\t\t\t\t<div class=\"e-con-inner\">\n\t\t<div class=\"elementor-element elementor-element-6bb468d8 e-con-full e-flex e-con e-child\" data-id=\"6bb468d8\" data-element_type=\"container\" data-e-type=\"container\" data-settings=\"{&quot;jet_parallax_layout_list&quot;:[]}\">\n\t\t\t\t<div class=\"elementor-element elementor-element-52072fa elementor-widget elementor-widget-heading\" data-id=\"52072fa\" data-element_type=\"widget\" data-e-type=\"widget\" data-widget_type=\"heading.default\">\n\t\t\t\t<div class=\"elementor-widget-container\">\n\t\t\t\t\t<h2 class=\"elementor-heading-title elementor-size-default\">Probl\u00e8mes cach\u00e9s ? Gagnez en visibilit\u00e9 sur votre installation <\/h2>\t\t\t\t<\/div>\n\t\t\t\t<\/div>\n\t\t\t\t<div class=\"elementor-element elementor-element-4864787a elementor-widget elementor-widget-text-editor\" data-id=\"4864787a\" data-element_type=\"widget\" data-e-type=\"widget\" data-widget_type=\"text-editor.default\">\n\t\t\t\t<div class=\"elementor-widget-container\">\n\t\t\t\t\t\t\t\t\t<p>Une installation peut \u00eatre conforme \u00e0 toutes les normes et r\u00e9glementations, mais cela garantit-il sa fiabilit\u00e9 ?<\/p><p>Beaucoup d\u2019inspections se concentrent uniquement sur la conformit\u00e9, alors que vous recherchez avant tout des installations \u00e0 la fois s\u00fbres et fiables.<\/p><p>MCI va au-del\u00e0 des soci\u00e9t\u00e9s d\u2019inspection classiques. Gr\u00e2ce \u00e0 notre expertise approfondie des m\u00e9canismes de d\u00e9faillance et \u00e0 notre approche analytique pointue, nous d\u00e9tectons pr\u00e9cocement les probl\u00e8mes potentiels. Cela permet non seulement d\u2019\u00e9viter des arr\u00eats impr\u00e9vus, mais aussi d\u2019apporter des am\u00e9liorations concr\u00e8tes \u00e0 la long\u00e9vit\u00e9 et \u00e0 l\u2019efficacit\u00e9 de vos installations.  <\/p>\t\t\t\t\t\t\t\t<\/div>\n\t\t\t\t<\/div>\n\t\t\t\t<div class=\"elementor-element elementor-element-5b4c165 elementor-widget elementor-widget-heading\" data-id=\"5b4c165\" data-element_type=\"widget\" data-e-type=\"widget\" data-widget_type=\"heading.default\">\n\t\t\t\t<div class=\"elementor-widget-container\">\n\t\t\t\t\t<h3 class=\"elementor-heading-title elementor-size-default\">Approche innovante de la maintenance<\/h3>\t\t\t\t<\/div>\n\t\t\t\t<\/div>\n\t\t\t\t<div class=\"elementor-element elementor-element-70d4ec7 elementor-widget elementor-widget-text-editor\" data-id=\"70d4ec7\" data-element_type=\"widget\" data-e-type=\"widget\" data-widget_type=\"text-editor.default\">\n\t\t\t\t<div class=\"elementor-widget-container\">\n\t\t\t\t\t\t\t\t\t<p>Notre approche innovante de la maintenance combine l\u2019analyse des m\u00e9canismes de d\u00e9faillance \u00e0 des techniques de surveillance avanc\u00e9es. Cela nous permet de pr\u00e9dire avec pr\u00e9cision quand des ph\u00e9nom\u00e8nes comme l\u2019usure, la rupture, la corrosion ou d\u2019autres d\u00e9gradations risquent de se produire. Vous pouvez ainsi intervenir \u00e0 temps pour \u00e9viter les pannes et les arr\u00eats de production.  <\/p>\t\t\t\t\t\t\t\t<\/div>\n\t\t\t\t<\/div>\n\t\t\t\t<\/div>\n\t\t<div class=\"elementor-element elementor-element-1ffda89b e-con-full e-flex e-con e-child\" data-id=\"1ffda89b\" data-element_type=\"container\" data-e-type=\"container\" data-settings=\"{&quot;background_background&quot;:&quot;classic&quot;,&quot;jet_parallax_layout_list&quot;:[]}\">\n\t\t\t\t<div class=\"elementor-element elementor-element-2fc6beb7 elementor-widget elementor-widget-heading\" data-id=\"2fc6beb7\" data-element_type=\"widget\" data-e-type=\"widget\" data-widget_type=\"heading.default\">\n\t\t\t\t<div class=\"elementor-widget-container\">\n\t\t\t\t\t<h2 class=\"elementor-heading-title elementor-size-default\">Avantages des inspections pr\u00e9dictives<\/h2>\t\t\t\t<\/div>\n\t\t\t\t<\/div>\n\t\t\t\t<div class=\"elementor-element elementor-element-86be81a elementor-icon-list--layout-traditional elementor-list-item-link-full_width elementor-widget elementor-widget-icon-list\" data-id=\"86be81a\" data-element_type=\"widget\" data-e-type=\"widget\" data-widget_type=\"icon-list.default\">\n\t\t\t\t<div class=\"elementor-widget-container\">\n\t\t\t\t\t\t\t<ul class=\"elementor-icon-list-items\">\n\t\t\t\t\t\t\t<li class=\"elementor-icon-list-item\">\n\t\t\t\t\t\t\t\t\t\t\t<span class=\"elementor-icon-list-icon\">\n\t\t\t\t\t\t\t<svg xmlns=\"http:\/\/www.w3.org\/2000\/svg\" id=\"uuid-de9ec2fd-52f3-469c-a910-e38e09408295\" viewBox=\"0 0 39.25 39.25\"><defs><\/defs><g id=\"uuid-b393270a-c3b1-47ce-8bd6-27f2682fc42b\"><path d=\"M21.68 6.77h-4.7v10.51H6.48v4.7h10.5v10.5h4.7v-10.5h10.5v-4.7h-10.5V6.77z\" class=\"uuid-68c68065-d758-444a-9094-741d499a0836\"><\/path><path d=\"M19.62 0C8.79 0 0 8.79 0 19.63s8.79 19.62 19.62 19.62 19.62-8.78 19.62-19.62S30.46 0 19.62 0Zm11.12 30.74c-2.85 2.85-6.77 4.6-11.12 4.61-4.35 0-8.27-1.76-11.12-4.61-2.85-2.85-4.6-6.77-4.61-11.12 0-4.35 1.76-8.27 4.61-11.12 2.85-2.85 6.77-4.6 11.12-4.6s8.27 1.75 11.12 4.6c2.85 2.85 4.61 6.77 4.61 11.12s-1.76 8.26-4.61 11.12Z\" class=\"uuid-68c68065-d758-444a-9094-741d499a0836\"><\/path><\/g><\/svg>\t\t\t\t\t\t<\/span>\n\t\t\t\t\t\t\t\t\t\t<span class=\"elementor-icon-list-text\">\u00c9viter les arr\u00eats impr\u00e9vus dus \u00e0 une conception d\u00e9fectueuse, un mauvais choix de mat\u00e9riaux, un montage inappropri\u00e9 ou un entretien incorrect.<\/span>\n\t\t\t\t\t\t\t\t\t<\/li>\n\t\t\t\t\t\t\t\t<li class=\"elementor-icon-list-item\">\n\t\t\t\t\t\t\t\t\t\t\t<span class=\"elementor-icon-list-icon\">\n\t\t\t\t\t\t\t<svg xmlns=\"http:\/\/www.w3.org\/2000\/svg\" id=\"uuid-de9ec2fd-52f3-469c-a910-e38e09408295\" viewBox=\"0 0 39.25 39.25\"><defs><\/defs><g id=\"uuid-b393270a-c3b1-47ce-8bd6-27f2682fc42b\"><path d=\"M21.68 6.77h-4.7v10.51H6.48v4.7h10.5v10.5h4.7v-10.5h10.5v-4.7h-10.5V6.77z\" class=\"uuid-68c68065-d758-444a-9094-741d499a0836\"><\/path><path d=\"M19.62 0C8.79 0 0 8.79 0 19.63s8.79 19.62 19.62 19.62 19.62-8.78 19.62-19.62S30.46 0 19.62 0Zm11.12 30.74c-2.85 2.85-6.77 4.6-11.12 4.61-4.35 0-8.27-1.76-11.12-4.61-2.85-2.85-4.6-6.77-4.61-11.12 0-4.35 1.76-8.27 4.61-11.12 2.85-2.85 6.77-4.6 11.12-4.6s8.27 1.75 11.12 4.6c2.85 2.85 4.61 6.77 4.61 11.12s-1.76 8.26-4.61 11.12Z\" class=\"uuid-68c68065-d758-444a-9094-741d499a0836\"><\/path><\/g><\/svg>\t\t\t\t\t\t<\/span>\n\t\t\t\t\t\t\t\t\t\t<span class=\"elementor-icon-list-text\">D\u00e9tection pr\u00e9coce de l\u2019usure, des ruptures et de la corrosion ;<\/span>\n\t\t\t\t\t\t\t\t\t<\/li>\n\t\t\t\t\t\t\t\t<li class=\"elementor-icon-list-item\">\n\t\t\t\t\t\t\t\t\t\t\t<span class=\"elementor-icon-list-icon\">\n\t\t\t\t\t\t\t<svg xmlns=\"http:\/\/www.w3.org\/2000\/svg\" id=\"uuid-de9ec2fd-52f3-469c-a910-e38e09408295\" viewBox=\"0 0 39.25 39.25\"><defs><\/defs><g id=\"uuid-b393270a-c3b1-47ce-8bd6-27f2682fc42b\"><path d=\"M21.68 6.77h-4.7v10.51H6.48v4.7h10.5v10.5h4.7v-10.5h10.5v-4.7h-10.5V6.77z\" class=\"uuid-68c68065-d758-444a-9094-741d499a0836\"><\/path><path d=\"M19.62 0C8.79 0 0 8.79 0 19.63s8.79 19.62 19.62 19.62 19.62-8.78 19.62-19.62S30.46 0 19.62 0Zm11.12 30.74c-2.85 2.85-6.77 4.6-11.12 4.61-4.35 0-8.27-1.76-11.12-4.61-2.85-2.85-4.6-6.77-4.61-11.12 0-4.35 1.76-8.27 4.61-11.12 2.85-2.85 6.77-4.6 11.12-4.6s8.27 1.75 11.12 4.6c2.85 2.85 4.61 6.77 4.61 11.12s-1.76 8.26-4.61 11.12Z\" class=\"uuid-68c68065-d758-444a-9094-741d499a0836\"><\/path><\/g><\/svg>\t\t\t\t\t\t<\/span>\n\t\t\t\t\t\t\t\t\t\t<span class=\"elementor-icon-list-text\">Conseil d\u2019expert sur site pour \u00e9viter les pannes et minimiser les entretiens inutiles ;<br><\/span>\n\t\t\t\t\t\t\t\t\t<\/li>\n\t\t\t\t\t\t\t\t<li class=\"elementor-icon-list-item\">\n\t\t\t\t\t\t\t\t\t\t\t<span class=\"elementor-icon-list-icon\">\n\t\t\t\t\t\t\t<svg xmlns=\"http:\/\/www.w3.org\/2000\/svg\" id=\"uuid-de9ec2fd-52f3-469c-a910-e38e09408295\" viewBox=\"0 0 39.25 39.25\"><defs><\/defs><g id=\"uuid-b393270a-c3b1-47ce-8bd6-27f2682fc42b\"><path d=\"M21.68 6.77h-4.7v10.51H6.48v4.7h10.5v10.5h4.7v-10.5h10.5v-4.7h-10.5V6.77z\" class=\"uuid-68c68065-d758-444a-9094-741d499a0836\"><\/path><path d=\"M19.62 0C8.79 0 0 8.79 0 19.63s8.79 19.62 19.62 19.62 19.62-8.78 19.62-19.62S30.46 0 19.62 0Zm11.12 30.74c-2.85 2.85-6.77 4.6-11.12 4.61-4.35 0-8.27-1.76-11.12-4.61-2.85-2.85-4.6-6.77-4.61-11.12 0-4.35 1.76-8.27 4.61-11.12 2.85-2.85 6.77-4.6 11.12-4.6s8.27 1.75 11.12 4.6c2.85 2.85 4.61 6.77 4.61 11.12s-1.76 8.26-4.61 11.12Z\" class=\"uuid-68c68065-d758-444a-9094-741d499a0836\"><\/path><\/g><\/svg>\t\t\t\t\t\t<\/span>\n\t\t\t\t\t\t\t\t\t\t<span class=\"elementor-icon-list-text\">R\u00e9duction des co\u00fbts de maintenance et prolongation de la dur\u00e9e de vie des installations ;<br><\/span>\n\t\t\t\t\t\t\t\t\t<\/li>\n\t\t\t\t\t\t\t\t<li class=\"elementor-icon-list-item\">\n\t\t\t\t\t\t\t\t\t\t\t<span class=\"elementor-icon-list-icon\">\n\t\t\t\t\t\t\t<svg xmlns=\"http:\/\/www.w3.org\/2000\/svg\" id=\"uuid-de9ec2fd-52f3-469c-a910-e38e09408295\" viewBox=\"0 0 39.25 39.25\"><defs><\/defs><g id=\"uuid-b393270a-c3b1-47ce-8bd6-27f2682fc42b\"><path d=\"M21.68 6.77h-4.7v10.51H6.48v4.7h10.5v10.5h4.7v-10.5h10.5v-4.7h-10.5V6.77z\" class=\"uuid-68c68065-d758-444a-9094-741d499a0836\"><\/path><path d=\"M19.62 0C8.79 0 0 8.79 0 19.63s8.79 19.62 19.62 19.62 19.62-8.78 19.62-19.62S30.46 0 19.62 0Zm11.12 30.74c-2.85 2.85-6.77 4.6-11.12 4.61-4.35 0-8.27-1.76-11.12-4.61-2.85-2.85-4.6-6.77-4.61-11.12 0-4.35 1.76-8.27 4.61-11.12 2.85-2.85 6.77-4.6 11.12-4.6s8.27 1.75 11.12 4.6c2.85 2.85 4.61 6.77 4.61 11.12s-1.76 8.26-4.61 11.12Z\" class=\"uuid-68c68065-d758-444a-9094-741d499a0836\"><\/path><\/g><\/svg>\t\t\t\t\t\t<\/span>\n\t\t\t\t\t\t\t\t\t\t<span class=\"elementor-icon-list-text\">Rapports clairs pour un suivi optimal.<\/span>\n\t\t\t\t\t\t\t\t\t<\/li>\n\t\t\t\t\t\t<\/ul>\n\t\t\t\t\t\t<\/div>\n\t\t\t\t<\/div>\n\t\t\t\t<\/div>\n\t\t\t\t\t<\/div>\n\t\t\t\t<\/div>\n\t\t<div class=\"elementor-element elementor-element-70bbcacf e-flex e-con-boxed e-con e-parent\" data-id=\"70bbcacf\" data-element_type=\"container\" data-e-type=\"container\" data-settings=\"{&quot;jet_parallax_layout_list&quot;:[]}\">\n\t\t\t\t\t<div class=\"e-con-inner\">\n\t\t<div class=\"elementor-element elementor-element-152fd267 e-con-full e-flex e-con e-child\" data-id=\"152fd267\" data-element_type=\"container\" data-e-type=\"container\" data-settings=\"{&quot;background_background&quot;:&quot;classic&quot;,&quot;jet_parallax_layout_list&quot;:[]}\">\n\t\t\t\t<div class=\"elementor-element elementor-element-240b67ff elementor-widget elementor-widget-heading\" data-id=\"240b67ff\" data-element_type=\"widget\" data-e-type=\"widget\" data-widget_type=\"heading.default\">\n\t\t\t\t<div class=\"elementor-widget-container\">\n\t\t\t\t\t<h2 class=\"elementor-heading-title elementor-size-default\">Questions de dur\u00e9e de vie r\u00e9siduelle<\/h2>\t\t\t\t<\/div>\n\t\t\t\t<\/div>\n\t\t\t\t<div class=\"elementor-element elementor-element-64102712 elementor-widget elementor-widget-text-editor\" data-id=\"64102712\" data-element_type=\"widget\" data-e-type=\"widget\" data-widget_type=\"text-editor.default\">\n\t\t\t\t<div class=\"elementor-widget-container\">\n\t\t\t\t\t\t\t\t\t<p>Quand les installations vieillissent, une question se pose : combien de temps vont-elles encore durer ? Cela concerne \u00e0 la fois la dur\u00e9e de vie technique et \u00e9conomique, et le bon moment d\u2019investissement. <\/p><p>MCI aborde ces questions de mani\u00e8re multidisciplinaire. Nous r\u00e9alisons des analyses d\u00e9taill\u00e9es du design et de l\u2019ensemble du cycle de vie de l\u2019installation. Nous prenons en compte les changements de conditions de proc\u00e9d\u00e9 pass\u00e9es, l\u2019historique de maintenance et les r\u00e9parations effectu\u00e9es \u2014 tous cruciaux pour pr\u00e9dire pr\u00e9cis\u00e9ment la dur\u00e9e de vie r\u00e9siduelle.  <\/p><p>Gr\u00e2ce \u00e0 ces analyses approfondies, nos estimations de dur\u00e9e de vie r\u00e9siduelle sont hautement fiables. Avec un r\u00e9gime de surveillance adapt\u00e9, nous garantissons que votre installation fonctionne de mani\u00e8re optimale jusqu\u2019\u00e0 la fin de son cycle ou pendant la p\u00e9riode que vous souhaitez prolonger. <\/p>\t\t\t\t\t\t\t\t<\/div>\n\t\t\t\t<\/div>\n\t\t\t\t<\/div>\n\t\t<div class=\"elementor-element elementor-element-14a70d3c e-con-full e-flex e-con e-child\" data-id=\"14a70d3c\" data-element_type=\"container\" data-e-type=\"container\" data-settings=\"{&quot;jet_parallax_layout_list&quot;:[]}\">\n\t\t\t\t<div class=\"elementor-element elementor-element-36db60c3 elementor-widget elementor-widget-heading\" data-id=\"36db60c3\" data-element_type=\"widget\" data-e-type=\"widget\" data-widget_type=\"heading.default\">\n\t\t\t\t<div class=\"elementor-widget-container\">\n\t\t\t\t\t<h2 class=\"elementor-heading-title elementor-size-default\">Des solutions sur mesure pour chaque industrie<\/h2>\t\t\t\t<\/div>\n\t\t\t\t<\/div>\n\t\t\t\t<div class=\"elementor-element elementor-element-18143a7c elementor-widget elementor-widget-text-editor\" data-id=\"18143a7c\" data-element_type=\"widget\" data-e-type=\"widget\" data-widget_type=\"text-editor.default\">\n\t\t\t\t<div class=\"elementor-widget-container\">\n\t\t\t\t\t\t\t\t\t<p>Chaque processus de production pr\u00e9sente des d\u00e9fis uniques en mati\u00e8re de dommages m\u00e9caniques et de corrosion. Les m\u00e9canismes de d\u00e9faillance sont universels, mais leur application et leur impact varient d\u2019un secteur \u00e0 l\u2019autre. <\/p>\n<p>MCI poss\u00e8de une vaste exp\u00e9rience dans diff\u00e9rents secteurs et adapte ses inspections \u00e0 vos besoins sp\u00e9cifiques. Que vous soyez actif dans l\u2019industrie pharmaceutique, chimique, papeti\u00e8re, agroalimentaire, des boissons, des produits laitiers, des huiles ou des gaz, ou dans l\u2019industrie manufacturi\u00e8re : nous proposons des inspections et conseils adapt\u00e9s. Ainsi, vous continuez \u00e0 produire avec une fiabilit\u00e9 maximale et un risque minimal.  <\/p>\t\t\t\t\t\t\t\t<\/div>\n\t\t\t\t<\/div>\n\t\t\t\t<\/div>\n\t\t\t\t\t<\/div>\n\t\t\t\t<\/div>\n\t\t<div class=\"elementor-element elementor-element-29c460fb e-con-full e-flex e-con e-parent\" data-id=\"29c460fb\" data-element_type=\"container\" data-e-type=\"container\" data-settings=\"{&quot;jet_parallax_layout_list&quot;:[]}\">\n\t\t\t\t<div class=\"elementor-element elementor-element-7d5707da elementor-widget elementor-widget-template\" data-id=\"7d5707da\" data-element_type=\"widget\" data-e-type=\"widget\" data-widget_type=\"template.default\">\n\t\t\t\t<div class=\"elementor-widget-container\">\n\t\t\t\t\t\t\t<div class=\"elementor-template\">\n\t\t\t\t\t<div data-elementor-type=\"container\" data-elementor-id=\"2202\" class=\"elementor elementor-2202 elementor-721 elementor-721\" data-elementor-post-type=\"elementor_library\">\n\t\t\t\t<div class=\"elementor-element elementor-element-7274c973 e-flex e-con-boxed e-con e-parent\" data-id=\"7274c973\" data-element_type=\"container\" data-e-type=\"container\" data-settings=\"{&quot;jet_parallax_layout_list&quot;:[]}\">\n\t\t\t\t\t<div class=\"e-con-inner\">\n\t\t<div class=\"elementor-element elementor-element-1c85aeb1 e-con-full elementor-hidden-mobile e-flex elementor-invisible e-con e-child\" data-id=\"1c85aeb1\" data-element_type=\"container\" data-e-type=\"container\" data-settings=\"{&quot;jet_parallax_layout_list&quot;:[],&quot;background_background&quot;:&quot;classic&quot;,&quot;animation&quot;:&quot;fadeIn&quot;}\">\n\t\t\t\t<div class=\"elementor-element elementor-element-345fd81 elementor-widget elementor-widget-image\" data-id=\"345fd81\" data-element_type=\"widget\" data-e-type=\"widget\" data-widget_type=\"image.default\">\n\t\t\t\t<div class=\"elementor-widget-container\">\n\t\t\t\t\t\t\t\t\t\t\t\t\t\t\t<img decoding=\"async\" width=\"590\" height=\"1024\" src=\"https:\/\/m-c-i.nl\/wp-content\/uploads\/hogenboom-maurice-mci-590x1024.webp\" class=\"attachment-large size-large wp-image-2203\" alt=\"\" srcset=\"https:\/\/m-c-i.nl\/wp-content\/uploads\/hogenboom-maurice-mci-590x1024.webp 590w, https:\/\/m-c-i.nl\/wp-content\/uploads\/hogenboom-maurice-mci-173x300.webp 173w, https:\/\/m-c-i.nl\/wp-content\/uploads\/hogenboom-maurice-mci.webp 600w\" sizes=\"(max-width: 590px) 100vw, 590px\" \/>\t\t\t\t\t\t\t\t\t\t\t\t\t\t\t<\/div>\n\t\t\t\t<\/div>\n\t\t\t\t<\/div>\n\t\t<div class=\"elementor-element elementor-element-32e52de1 e-flex e-con-boxed elementor-invisible e-con e-child\" data-id=\"32e52de1\" data-element_type=\"container\" data-e-type=\"container\" data-settings=\"{&quot;jet_parallax_layout_list&quot;:[],&quot;background_background&quot;:&quot;classic&quot;,&quot;animation&quot;:&quot;fadeIn&quot;}\">\n\t\t\t\t\t<div class=\"e-con-inner\">\n\t\t\t\t<div class=\"elementor-element elementor-element-772fcf79 elementor-widget elementor-widget-heading\" data-id=\"772fcf79\" data-element_type=\"widget\" data-e-type=\"widget\" data-widget_type=\"heading.default\">\n\t\t\t\t<div class=\"elementor-widget-container\">\n\t\t\t\t\t<h2 class=\"elementor-heading-title elementor-size-default\">Prenez contact avec nous<\/h2>\t\t\t\t<\/div>\n\t\t\t\t<\/div>\n\t\t<div class=\"elementor-element elementor-element-1c8b9dc0 e-flex e-con-boxed e-con e-child\" data-id=\"1c8b9dc0\" data-element_type=\"container\" data-e-type=\"container\" data-settings=\"{&quot;jet_parallax_layout_list&quot;:[]}\">\n\t\t\t\t\t<div class=\"e-con-inner\">\n\t\t\t\t<div class=\"elementor-element elementor-element-5b470407 elementor-widget elementor-widget-button\" data-id=\"5b470407\" data-element_type=\"widget\" data-e-type=\"widget\" data-widget_type=\"button.default\">\n\t\t\t\t<div class=\"elementor-widget-container\">\n\t\t\t\t\t\t\t\t\t<div class=\"elementor-button-wrapper\">\n\t\t\t\t\t<a class=\"elementor-button elementor-button-link elementor-size-sm\" href=\"tel:+31464107764\">\n\t\t\t\t\t\t<span class=\"elementor-button-content-wrapper\">\n\t\t\t\t\t\t<span class=\"elementor-button-icon\">\n\t\t\t\t<i aria-hidden=\"true\" class=\"fas fa-phone-square-alt\"><\/i>\t\t\t<\/span>\n\t\t\t\t\t\t\t\t\t<span class=\"elementor-button-text\">+31 (0)46 410 7764<\/span>\n\t\t\t\t\t<\/span>\n\t\t\t\t\t<\/a>\n\t\t\t\t<\/div>\n\t\t\t\t\t\t\t\t<\/div>\n\t\t\t\t<\/div>\n\t\t\t\t<div class=\"elementor-element elementor-element-12fcbda8 elementor-widget elementor-widget-button\" data-id=\"12fcbda8\" data-element_type=\"widget\" data-e-type=\"widget\" data-widget_type=\"button.default\">\n\t\t\t\t<div class=\"elementor-widget-container\">\n\t\t\t\t\t\t\t\t\t<div class=\"elementor-button-wrapper\">\n\t\t\t\t\t<a class=\"elementor-button elementor-button-link elementor-size-sm\" href=\"mailto:info@m-c-i.nl\">\n\t\t\t\t\t\t<span class=\"elementor-button-content-wrapper\">\n\t\t\t\t\t\t<span class=\"elementor-button-icon\">\n\t\t\t\t<i aria-hidden=\"true\" class=\"fas fa-envelope\"><\/i>\t\t\t<\/span>\n\t\t\t\t\t\t\t\t\t<span class=\"elementor-button-text\">info@m-c-i.nl<\/span>\n\t\t\t\t\t<\/span>\n\t\t\t\t\t<\/a>\n\t\t\t\t<\/div>\n\t\t\t\t\t\t\t\t<\/div>\n\t\t\t\t<\/div>\n\t\t\t\t\t<\/div>\n\t\t\t\t<\/div>\n\t\t\t\t\t<\/div>\n\t\t\t\t<\/div>\n\t\t\t\t\t<\/div>\n\t\t\t\t<\/div>\n\t\t\t\t<\/div>\n\t\t\t\t<\/div>\n\t\t\t\t\t\t<\/div>\n\t\t\t\t<\/div>\n\t\t\t\t<\/div>\n\t\t\t\t<\/div>\n\t\t","protected":false},"excerpt":{"rendered":"<p>Inspections sur site \u00c9vitez les arr\u00eats impr\u00e9vus et les co\u00fbts \u00e9lev\u00e9s gr\u00e2ce aux inspections sur site sp\u00e9cialis\u00e9es de MCI. Nous identifions et conseillons sur les causes potentielles de d\u00e9faillance avant qu\u2019elles ne surviennent ou pour qu\u2019elles soient corrig\u00e9es \u00e0 temps. Bien plus que la conformit\u00e9 Probl\u00e8mes cach\u00e9s ? Gagnez en visibilit\u00e9 sur votre installation Une [&hellip;]<\/p>\n","protected":false},"author":1,"featured_media":0,"parent":2073,"menu_order":0,"comment_status":"closed","ping_status":"closed","template":"","meta":{"inline_featured_image":false,"footnotes":""},"class_list":["post-2081","page","type-page","status-publish","hentry"],"_links":{"self":[{"href":"https:\/\/m-c-i.nl\/fr\/wp-json\/wp\/v2\/pages\/2081","targetHints":{"allow":["GET"]}}],"collection":[{"href":"https:\/\/m-c-i.nl\/fr\/wp-json\/wp\/v2\/pages"}],"about":[{"href":"https:\/\/m-c-i.nl\/fr\/wp-json\/wp\/v2\/types\/page"}],"author":[{"embeddable":true,"href":"https:\/\/m-c-i.nl\/fr\/wp-json\/wp\/v2\/users\/1"}],"replies":[{"embeddable":true,"href":"https:\/\/m-c-i.nl\/fr\/wp-json\/wp\/v2\/comments?post=2081"}],"version-history":[{"count":1,"href":"https:\/\/m-c-i.nl\/fr\/wp-json\/wp\/v2\/pages\/2081\/revisions"}],"predecessor-version":[{"id":2084,"href":"https:\/\/m-c-i.nl\/fr\/wp-json\/wp\/v2\/pages\/2081\/revisions\/2084"}],"up":[{"embeddable":true,"href":"https:\/\/m-c-i.nl\/fr\/wp-json\/wp\/v2\/pages\/2073"}],"wp:attachment":[{"href":"https:\/\/m-c-i.nl\/fr\/wp-json\/wp\/v2\/media?parent=2081"}],"curies":[{"name":"wp","href":"https:\/\/api.w.org\/{rel}","templated":true}]}}