{"id":2069,"date":"2023-09-08T09:20:38","date_gmt":"2023-09-08T07:20:38","guid":{"rendered":"https:\/\/m-c-i.nl\/cookies-2\/"},"modified":"2025-05-08T10:15:35","modified_gmt":"2025-05-08T08:15:35","slug":"cookies-2","status":"publish","type":"page","link":"https:\/\/m-c-i.nl\/fr\/cookies-2\/","title":{"rendered":"Cookies"},"content":{"rendered":"\t\t<div data-elementor-type=\"wp-page\" data-elementor-id=\"2069\" class=\"elementor elementor-2069 elementor-17\" data-elementor-post-type=\"page\">\n\t\t\t\t<div class=\"elementor-element elementor-element-6b298e7 e-flex e-con-boxed e-con e-parent\" data-id=\"6b298e7\" data-element_type=\"container\" data-e-type=\"container\" data-settings=\"{&quot;background_background&quot;:&quot;classic&quot;,&quot;jet_parallax_layout_list&quot;:[]}\">\n\t\t\t\t\t<div class=\"e-con-inner\">\n\t\t\t\t<div class=\"elementor-element elementor-element-73fd2c4 elementor-absolute elementor-hidden-tablet elementor-hidden-mobile elementor-widget elementor-widget-image\" data-id=\"73fd2c4\" data-element_type=\"widget\" data-e-type=\"widget\" data-settings=\"{&quot;_position&quot;:&quot;absolute&quot;,&quot;motion_fx_motion_fx_scrolling&quot;:&quot;yes&quot;,&quot;motion_fx_blur_effect&quot;:&quot;yes&quot;,&quot;motion_fx_blur_direction&quot;:&quot;in-out&quot;,&quot;motion_fx_blur_range&quot;:{&quot;unit&quot;:&quot;%&quot;,&quot;size&quot;:&quot;&quot;,&quot;sizes&quot;:{&quot;start&quot;:52,&quot;end&quot;:80}},&quot;motion_fx_blur_level&quot;:{&quot;unit&quot;:&quot;px&quot;,&quot;size&quot;:7,&quot;sizes&quot;:[]},&quot;motion_fx_devices&quot;:[&quot;desktop&quot;,&quot;tablet&quot;,&quot;mobile&quot;]}\" data-widget_type=\"image.default\">\n\t\t\t\t<div class=\"elementor-widget-container\">\n\t\t\t\t\t\t\t\t\t\t\t\t\t\t\t<img fetchpriority=\"high\" decoding=\"async\" width=\"714\" height=\"1024\" src=\"https:\/\/m-c-i.nl\/wp-content\/uploads\/regenboog-714x1024.png\" class=\"attachment-large size-large wp-image-2046\" alt=\"\" srcset=\"https:\/\/m-c-i.nl\/wp-content\/uploads\/regenboog-714x1024.png 714w, https:\/\/m-c-i.nl\/wp-content\/uploads\/regenboog-209x300.png 209w, https:\/\/m-c-i.nl\/wp-content\/uploads\/regenboog-768x1102.png 768w, https:\/\/m-c-i.nl\/wp-content\/uploads\/regenboog.png 782w\" sizes=\"(max-width: 714px) 100vw, 714px\" \/>\t\t\t\t\t\t\t\t\t\t\t\t\t\t\t<\/div>\n\t\t\t\t<\/div>\n\t\t<div class=\"elementor-element elementor-element-1ff6f20 e-flex e-con-boxed e-con e-child\" data-id=\"1ff6f20\" data-element_type=\"container\" data-e-type=\"container\" data-settings=\"{&quot;jet_parallax_layout_list&quot;:[]}\">\n\t\t\t\t\t<div class=\"e-con-inner\">\n\t\t\t\t<div class=\"elementor-element elementor-element-739d383 elementor-widget elementor-widget-heading\" data-id=\"739d383\" data-element_type=\"widget\" data-e-type=\"widget\" data-widget_type=\"heading.default\">\n\t\t\t\t<div class=\"elementor-widget-container\">\n\t\t\t\t\t<h1 class=\"elementor-heading-title elementor-size-default\">Cookies<\/h1>\t\t\t\t<\/div>\n\t\t\t\t<\/div>\n\t\t\t\t\t<\/div>\n\t\t\t\t<\/div>\n\t\t\t\t\t<\/div>\n\t\t\t\t<\/div>\n\t\t<div class=\"elementor-element elementor-element-5ff51fb e-flex e-con-boxed e-con e-parent\" data-id=\"5ff51fb\" data-element_type=\"container\" data-e-type=\"container\" data-settings=\"{&quot;jet_parallax_layout_list&quot;:[]}\">\n\t\t\t\t\t<div class=\"e-con-inner\">\n\t\t\t\t<div class=\"elementor-element elementor-element-8f1a08f elementor-widget elementor-widget-html\" data-id=\"8f1a08f\" data-element_type=\"widget\" data-e-type=\"widget\" data-widget_type=\"html.default\">\n\t\t\t\t<div class=\"elementor-widget-container\">\n\t\t\t\t\t<div id=\"cookiefirst-policy-page\"><\/div>\r\n<div>Cette d\u00e9claration relative aux cookies a \u00e9t\u00e9 r\u00e9dig\u00e9e et mise \u00e0 jour par <a href=\"https:\/\/cookiefirst.com\/nl\/\" target=\"_blank\" rel=\"noopener\">CookieFirst CMP<\/a>.<\/div>\t\t\t\t<\/div>\n\t\t\t\t<\/div>\n\t\t\t\t\t<\/div>\n\t\t\t\t<\/div>\n\t\t\t\t<\/div>\n\t\t","protected":false},"excerpt":{"rendered":"<p>Cette d\u00e9claration relative aux cookies a \u00e9t\u00e9 r\u00e9dig\u00e9e et mise \u00e0 jour par CookieFirst CMP.<\/p>\n","protected":false},"author":1,"featured_media":0,"parent":0,"menu_order":0,"comment_status":"closed","ping_status":"closed","template":"","meta":{"inline_featured_image":false,"footnotes":""},"class_list":["post-2069","page","type-page","status-publish","hentry"],"_links":{"self":[{"href":"https:\/\/m-c-i.nl\/fr\/wp-json\/wp\/v2\/pages\/2069","targetHints":{"allow":["GET"]}}],"collection":[{"href":"https:\/\/m-c-i.nl\/fr\/wp-json\/wp\/v2\/pages"}],"about":[{"href":"https:\/\/m-c-i.nl\/fr\/wp-json\/wp\/v2\/types\/page"}],"author":[{"embeddable":true,"href":"https:\/\/m-c-i.nl\/fr\/wp-json\/wp\/v2\/users\/1"}],"replies":[{"embeddable":true,"href":"https:\/\/m-c-i.nl\/fr\/wp-json\/wp\/v2\/comments?post=2069"}],"version-history":[{"count":1,"href":"https:\/\/m-c-i.nl\/fr\/wp-json\/wp\/v2\/pages\/2069\/revisions"}],"predecessor-version":[{"id":2070,"href":"https:\/\/m-c-i.nl\/fr\/wp-json\/wp\/v2\/pages\/2069\/revisions\/2070"}],"wp:attachment":[{"href":"https:\/\/m-c-i.nl\/fr\/wp-json\/wp\/v2\/media?parent=2069"}],"curies":[{"name":"wp","href":"https:\/\/api.w.org\/{rel}","templated":true}]}}