{"id":2132,"date":"2025-02-17T10:33:03","date_gmt":"2025-02-17T09:33:03","guid":{"rendered":"https:\/\/m-c-i.nl\/servicios\/analisis-mediante-replicas\/"},"modified":"2025-05-10T14:45:25","modified_gmt":"2025-05-10T12:45:25","slug":"analisis-mediante-replicas","status":"publish","type":"page","link":"https:\/\/m-c-i.nl\/es\/servicios\/analisis-mediante-replicas\/","title":{"rendered":"An\u00e1lisis mediante r\u00e9plicas"},"content":{"rendered":"\t\t<div data-elementor-type=\"wp-page\" data-elementor-id=\"2132\" class=\"elementor elementor-2132 elementor-1233\" data-elementor-post-type=\"page\">\n\t\t\t\t<div class=\"elementor-element elementor-element-5a3dccd e-flex e-con-boxed e-con e-parent\" data-id=\"5a3dccd\" data-element_type=\"container\" data-e-type=\"container\" data-settings=\"{&quot;background_background&quot;:&quot;classic&quot;,&quot;jet_parallax_layout_list&quot;:[]}\">\n\t\t\t\t\t<div class=\"e-con-inner\">\n\t\t\t\t<div class=\"elementor-element elementor-element-726ee32b elementor-absolute elementor-hidden-tablet elementor-hidden-mobile elementor-widget elementor-widget-image\" data-id=\"726ee32b\" data-element_type=\"widget\" data-e-type=\"widget\" data-settings=\"{&quot;_position&quot;:&quot;absolute&quot;,&quot;motion_fx_motion_fx_scrolling&quot;:&quot;yes&quot;,&quot;motion_fx_blur_effect&quot;:&quot;yes&quot;,&quot;motion_fx_blur_direction&quot;:&quot;in-out&quot;,&quot;motion_fx_blur_range&quot;:{&quot;unit&quot;:&quot;%&quot;,&quot;size&quot;:&quot;&quot;,&quot;sizes&quot;:{&quot;start&quot;:52,&quot;end&quot;:80}},&quot;motion_fx_blur_level&quot;:{&quot;unit&quot;:&quot;px&quot;,&quot;size&quot;:7,&quot;sizes&quot;:[]},&quot;motion_fx_devices&quot;:[&quot;desktop&quot;,&quot;tablet&quot;,&quot;mobile&quot;]}\" data-widget_type=\"image.default\">\n\t\t\t\t<div class=\"elementor-widget-container\">\n\t\t\t\t\t\t\t\t\t\t\t\t\t\t\t<img fetchpriority=\"high\" decoding=\"async\" width=\"714\" height=\"1024\" src=\"https:\/\/m-c-i.nl\/wp-content\/uploads\/regenboog-714x1024.png\" class=\"attachment-large size-large wp-image-2114\" alt=\"\" srcset=\"https:\/\/m-c-i.nl\/wp-content\/uploads\/regenboog-714x1024.png 714w, https:\/\/m-c-i.nl\/wp-content\/uploads\/regenboog-209x300.png 209w, https:\/\/m-c-i.nl\/wp-content\/uploads\/regenboog-768x1102.png 768w, https:\/\/m-c-i.nl\/wp-content\/uploads\/regenboog.png 782w\" sizes=\"(max-width: 714px) 100vw, 714px\" \/>\t\t\t\t\t\t\t\t\t\t\t\t\t\t\t<\/div>\n\t\t\t\t<\/div>\n\t\t<div class=\"elementor-element elementor-element-2a199a9a e-flex e-con-boxed e-con e-child\" data-id=\"2a199a9a\" data-element_type=\"container\" data-e-type=\"container\" data-settings=\"{&quot;jet_parallax_layout_list&quot;:[]}\">\n\t\t\t\t\t<div class=\"e-con-inner\">\n\t\t\t\t<div class=\"elementor-element elementor-element-45fd282e elementor-widget elementor-widget-heading\" data-id=\"45fd282e\" data-element_type=\"widget\" data-e-type=\"widget\" data-widget_type=\"heading.default\">\n\t\t\t\t<div class=\"elementor-widget-container\">\n\t\t\t\t\t<h1 class=\"elementor-heading-title elementor-size-default\">An\u00e1lisis mediante r\u00e9plicas<\/h1>\t\t\t\t<\/div>\n\t\t\t\t<\/div>\n\t\t\t\t<div class=\"elementor-element elementor-element-495837fe elementor-widget elementor-widget-text-editor\" data-id=\"495837fe\" data-element_type=\"widget\" data-e-type=\"widget\" data-widget_type=\"text-editor.default\">\n\t\t\t\t<div class=\"elementor-widget-container\">\n\t\t\t\t\t\t\t\t\t<p>El an\u00e1lisis mediante r\u00e9plica es una de las especialidades de MCI, desarrollada a lo largo de m\u00e1s de 40 a\u00f1os de experiencia en instalaciones de alta presi\u00f3n y temperatura en todo el mundo.<\/p>\t\t\t\t\t\t\t\t<\/div>\n\t\t\t\t<\/div>\n\t\t\t\t<div class=\"elementor-element elementor-element-1b13e72a elementor-widget elementor-widget-heading\" data-id=\"1b13e72a\" data-element_type=\"widget\" data-e-type=\"widget\" data-widget_type=\"heading.default\">\n\t\t\t\t<div class=\"elementor-widget-container\">\n\t\t\t\t\t<p class=\"elementor-heading-title elementor-size-default\">An\u00e1lisis no destructivo de materiales<\/p>\t\t\t\t<\/div>\n\t\t\t\t<\/div>\n\t\t\t\t\t<\/div>\n\t\t\t\t<\/div>\n\t\t\t\t\t<\/div>\n\t\t\t\t<\/div>\n\t\t<div class=\"elementor-element elementor-element-213401d3 e-flex e-con-boxed e-con e-parent\" data-id=\"213401d3\" data-element_type=\"container\" data-e-type=\"container\" data-settings=\"{&quot;jet_parallax_layout_list&quot;:[]}\">\n\t\t\t\t\t<div class=\"e-con-inner\">\n\t\t<div class=\"elementor-element elementor-element-1beeb0b0 e-con-full e-flex e-con e-child\" data-id=\"1beeb0b0\" data-element_type=\"container\" data-e-type=\"container\" data-settings=\"{&quot;jet_parallax_layout_list&quot;:[]}\">\n\t\t\t\t<div class=\"elementor-element elementor-element-391554ec elementor-widget elementor-widget-heading\" data-id=\"391554ec\" data-element_type=\"widget\" data-e-type=\"widget\" data-widget_type=\"heading.default\">\n\t\t\t\t<div class=\"elementor-widget-container\">\n\t\t\t\t\t<h2 class=\"elementor-heading-title elementor-size-default\">\u00bfC\u00f3mo funciona el an\u00e1lisis mediante r\u00e9plica?<\/h2>\t\t\t\t<\/div>\n\t\t\t\t<\/div>\n\t\t\t\t<div class=\"elementor-element elementor-element-f5bc689 elementor-widget elementor-widget-text-editor\" data-id=\"f5bc689\" data-element_type=\"widget\" data-e-type=\"widget\" data-widget_type=\"text-editor.default\">\n\t\t\t\t<div class=\"elementor-widget-container\">\n\t\t\t\t\t\t\t\t\t<p>Este m\u00e9todo no destructivo nos permite evaluar la microestructura de los materiales sin da\u00f1ar el componente. Generalmente se realiza in situ durante una parada planificada de planta o durante la producci\u00f3n, en lugares donde no se alcanzan temperaturas operativas elevadas. <\/p><p>Metodolog\u00eda:<\/p><ol><li>Preparaci\u00f3n de la superficie mediante lijado y pulido hasta aproximadamente 1 micra.<\/li><li>Ataque qu\u00edmico de la superficie para hacer visible la microestructura.<\/li><li>Aplicaci\u00f3n de una l\u00e1mina especial que copia la microestructura (r\u00e9plica).<\/li><li>An\u00e1lisis de la r\u00e9plica en nuestro laboratorio en Geleen o en nuestro laboratorio m\u00f3vil durante las paradas de planta<\/li><\/ol>\t\t\t\t\t\t\t\t<\/div>\n\t\t\t\t<\/div>\n\t\t\t\t<div class=\"elementor-element elementor-element-6c3f494b elementor-widget elementor-widget-text-editor\" data-id=\"6c3f494b\" data-element_type=\"widget\" data-e-type=\"widget\" data-widget_type=\"text-editor.default\">\n\t\t\t\t<div class=\"elementor-widget-container\">\n\t\t\t\t\t\t\t\t\t<p>Con las r\u00e9plicas no solo podemos analizar microestructuras, sino tambi\u00e9n evaluar extremos de grietas y respaldar estudios de vida \u00fatil remanente. <\/p><p>Diversos m\u00e9todos de r\u00e9plica y t\u00e9cnicas complementarias como mediciones de microdureza y an\u00e1lisis de elementos mediante PMI refuerzan nuestras conclusiones.<\/p><p>Gracias a nuestro alto nivel de especializaci\u00f3n, obtenemos informaci\u00f3n extremadamente precisa que resulta crucial para decisiones estrat\u00e9gicas de mantenimiento, estimaciones de vida \u00fatil remanente y reparaciones sostenibles.<\/p>\t\t\t\t\t\t\t\t<\/div>\n\t\t\t\t<\/div>\n\t\t\t\t<\/div>\n\t\t<div class=\"elementor-element elementor-element-67259045 e-con-full e-flex e-con e-child\" data-id=\"67259045\" data-element_type=\"container\" data-e-type=\"container\" data-settings=\"{&quot;background_background&quot;:&quot;classic&quot;,&quot;jet_parallax_layout_list&quot;:[]}\">\n\t\t\t\t<div class=\"elementor-element elementor-element-48340c7b elementor-widget elementor-widget-heading\" data-id=\"48340c7b\" data-element_type=\"widget\" data-e-type=\"widget\" data-widget_type=\"heading.default\">\n\t\t\t\t<div class=\"elementor-widget-container\">\n\t\t\t\t\t<h2 class=\"elementor-heading-title elementor-size-default\">Enfoque integral de problemas: de la inspecci\u00f3n a la soluci\u00f3n<\/h2>\t\t\t\t<\/div>\n\t\t\t\t<\/div>\n\t\t\t\t<div class=\"elementor-element elementor-element-e13ebf0 elementor-widget elementor-widget-text-editor\" data-id=\"e13ebf0\" data-element_type=\"widget\" data-e-type=\"widget\" data-widget_type=\"text-editor.default\">\n\t\t\t\t<div class=\"elementor-widget-container\">\n\t\t\t\t\t\t\t\t\t<p>\u00bfFugas o fallos en sus instalaciones? El OEM hace preguntas, pero no da respuestas. Distintas partes implicadas tienen sus propios intereses, lo que a menudo impide llegar a una soluci\u00f3n real.  <\/p>\n<p>MCI ofrece un <strong>enfoque integral<\/strong> que combina inspecciones independientes, an\u00e1lisis de laboratorio y soluciones pr\u00e1cticas. Trabajamos bas\u00e1ndonos en hechos, no en suposiciones. As\u00ed garantizamos que sus instalaciones sigan siendo fiables y seguras o comiencen a funcionar como es debido.  <\/p>\t\t\t\t\t\t\t\t<\/div>\n\t\t\t\t<\/div>\n\t\t\t\t<\/div>\n\t\t\t\t\t<\/div>\n\t\t\t\t<\/div>\n\t\t<div class=\"elementor-element elementor-element-790c30c2 e-con-full e-flex e-con e-parent\" data-id=\"790c30c2\" data-element_type=\"container\" data-e-type=\"container\" data-settings=\"{&quot;jet_parallax_layout_list&quot;:[]}\">\n\t\t\t\t<div class=\"elementor-element elementor-element-6f1a5fa7 elementor-widget elementor-widget-template\" data-id=\"6f1a5fa7\" data-element_type=\"widget\" data-e-type=\"widget\" data-widget_type=\"template.default\">\n\t\t\t\t<div class=\"elementor-widget-container\">\n\t\t\t\t\t\t\t<div class=\"elementor-template\">\n\t\t\t\t\t<div data-elementor-type=\"container\" data-elementor-id=\"2199\" class=\"elementor elementor-2199 elementor-721 elementor-721\" data-elementor-post-type=\"elementor_library\">\n\t\t\t\t<div class=\"elementor-element elementor-element-7274c973 e-flex e-con-boxed e-con e-parent\" data-id=\"7274c973\" data-element_type=\"container\" data-e-type=\"container\" data-settings=\"{&quot;jet_parallax_layout_list&quot;:[]}\">\n\t\t\t\t\t<div class=\"e-con-inner\">\n\t\t<div class=\"elementor-element elementor-element-1c85aeb1 e-con-full elementor-hidden-mobile e-flex elementor-invisible e-con e-child\" data-id=\"1c85aeb1\" data-element_type=\"container\" data-e-type=\"container\" data-settings=\"{&quot;jet_parallax_layout_list&quot;:[],&quot;background_background&quot;:&quot;classic&quot;,&quot;animation&quot;:&quot;fadeIn&quot;}\">\n\t\t\t\t<div class=\"elementor-element elementor-element-345fd81 elementor-widget elementor-widget-image\" data-id=\"345fd81\" data-element_type=\"widget\" data-e-type=\"widget\" data-widget_type=\"image.default\">\n\t\t\t\t<div class=\"elementor-widget-container\">\n\t\t\t\t\t\t\t\t\t\t\t\t\t\t\t<img decoding=\"async\" width=\"590\" height=\"1024\" src=\"https:\/\/m-c-i.nl\/wp-content\/uploads\/hogenboom-maurice-mci-590x1024.webp\" class=\"attachment-large size-large wp-image-2200\" alt=\"\" srcset=\"https:\/\/m-c-i.nl\/wp-content\/uploads\/hogenboom-maurice-mci-590x1024.webp 590w, https:\/\/m-c-i.nl\/wp-content\/uploads\/hogenboom-maurice-mci-173x300.webp 173w, https:\/\/m-c-i.nl\/wp-content\/uploads\/hogenboom-maurice-mci.webp 600w\" sizes=\"(max-width: 590px) 100vw, 590px\" \/>\t\t\t\t\t\t\t\t\t\t\t\t\t\t\t<\/div>\n\t\t\t\t<\/div>\n\t\t\t\t<\/div>\n\t\t<div class=\"elementor-element elementor-element-32e52de1 e-flex e-con-boxed elementor-invisible e-con e-child\" data-id=\"32e52de1\" data-element_type=\"container\" data-e-type=\"container\" data-settings=\"{&quot;jet_parallax_layout_list&quot;:[],&quot;background_background&quot;:&quot;classic&quot;,&quot;animation&quot;:&quot;fadeIn&quot;}\">\n\t\t\t\t\t<div class=\"e-con-inner\">\n\t\t\t\t<div class=\"elementor-element elementor-element-772fcf79 elementor-widget elementor-widget-heading\" data-id=\"772fcf79\" data-element_type=\"widget\" data-e-type=\"widget\" data-widget_type=\"heading.default\">\n\t\t\t\t<div class=\"elementor-widget-container\">\n\t\t\t\t\t<h2 class=\"elementor-heading-title elementor-size-default\">Ponte en contacto<\/h2>\t\t\t\t<\/div>\n\t\t\t\t<\/div>\n\t\t<div class=\"elementor-element elementor-element-1c8b9dc0 e-flex e-con-boxed e-con e-child\" data-id=\"1c8b9dc0\" data-element_type=\"container\" data-e-type=\"container\" data-settings=\"{&quot;jet_parallax_layout_list&quot;:[]}\">\n\t\t\t\t\t<div class=\"e-con-inner\">\n\t\t\t\t<div class=\"elementor-element elementor-element-5b470407 elementor-widget elementor-widget-button\" data-id=\"5b470407\" data-element_type=\"widget\" data-e-type=\"widget\" data-widget_type=\"button.default\">\n\t\t\t\t<div class=\"elementor-widget-container\">\n\t\t\t\t\t\t\t\t\t<div class=\"elementor-button-wrapper\">\n\t\t\t\t\t<a class=\"elementor-button elementor-button-link elementor-size-sm\" href=\"tel:+31464107764\">\n\t\t\t\t\t\t<span class=\"elementor-button-content-wrapper\">\n\t\t\t\t\t\t<span class=\"elementor-button-icon\">\n\t\t\t\t<i aria-hidden=\"true\" class=\"fas fa-phone-square-alt\"><\/i>\t\t\t<\/span>\n\t\t\t\t\t\t\t\t\t<span class=\"elementor-button-text\">+31 (0)46 410 7764<\/span>\n\t\t\t\t\t<\/span>\n\t\t\t\t\t<\/a>\n\t\t\t\t<\/div>\n\t\t\t\t\t\t\t\t<\/div>\n\t\t\t\t<\/div>\n\t\t\t\t<div class=\"elementor-element elementor-element-12fcbda8 elementor-widget elementor-widget-button\" data-id=\"12fcbda8\" data-element_type=\"widget\" data-e-type=\"widget\" data-widget_type=\"button.default\">\n\t\t\t\t<div class=\"elementor-widget-container\">\n\t\t\t\t\t\t\t\t\t<div class=\"elementor-button-wrapper\">\n\t\t\t\t\t<a class=\"elementor-button elementor-button-link elementor-size-sm\" href=\"mailto:info@m-c-i.nl\">\n\t\t\t\t\t\t<span class=\"elementor-button-content-wrapper\">\n\t\t\t\t\t\t<span class=\"elementor-button-icon\">\n\t\t\t\t<i aria-hidden=\"true\" class=\"fas fa-envelope\"><\/i>\t\t\t<\/span>\n\t\t\t\t\t\t\t\t\t<span class=\"elementor-button-text\">info@m-c-i.nl<\/span>\n\t\t\t\t\t<\/span>\n\t\t\t\t\t<\/a>\n\t\t\t\t<\/div>\n\t\t\t\t\t\t\t\t<\/div>\n\t\t\t\t<\/div>\n\t\t\t\t\t<\/div>\n\t\t\t\t<\/div>\n\t\t\t\t\t<\/div>\n\t\t\t\t<\/div>\n\t\t\t\t\t<\/div>\n\t\t\t\t<\/div>\n\t\t\t\t<\/div>\n\t\t\t\t<\/div>\n\t\t\t\t\t\t<\/div>\n\t\t\t\t<\/div>\n\t\t\t\t<\/div>\n\t\t\t\t<\/div>\n\t\t","protected":false},"excerpt":{"rendered":"<p>An\u00e1lisis mediante r\u00e9plicas El an\u00e1lisis mediante r\u00e9plica es una de las especialidades de MCI, desarrollada a lo largo de m\u00e1s de 40 a\u00f1os de experiencia en instalaciones de alta presi\u00f3n y temperatura en todo el mundo. An\u00e1lisis no destructivo de materiales \u00bfC\u00f3mo funciona el an\u00e1lisis mediante r\u00e9plica? Este m\u00e9todo no destructivo nos permite evaluar la [&hellip;]<\/p>\n","protected":false},"author":1,"featured_media":0,"parent":2120,"menu_order":0,"comment_status":"closed","ping_status":"closed","template":"","meta":{"inline_featured_image":false,"footnotes":""},"class_list":["post-2132","page","type-page","status-publish","hentry"],"_links":{"self":[{"href":"https:\/\/m-c-i.nl\/es\/wp-json\/wp\/v2\/pages\/2132","targetHints":{"allow":["GET"]}}],"collection":[{"href":"https:\/\/m-c-i.nl\/es\/wp-json\/wp\/v2\/pages"}],"about":[{"href":"https:\/\/m-c-i.nl\/es\/wp-json\/wp\/v2\/types\/page"}],"author":[{"embeddable":true,"href":"https:\/\/m-c-i.nl\/es\/wp-json\/wp\/v2\/users\/1"}],"replies":[{"embeddable":true,"href":"https:\/\/m-c-i.nl\/es\/wp-json\/wp\/v2\/comments?post=2132"}],"version-history":[{"count":1,"href":"https:\/\/m-c-i.nl\/es\/wp-json\/wp\/v2\/pages\/2132\/revisions"}],"predecessor-version":[{"id":2134,"href":"https:\/\/m-c-i.nl\/es\/wp-json\/wp\/v2\/pages\/2132\/revisions\/2134"}],"up":[{"embeddable":true,"href":"https:\/\/m-c-i.nl\/es\/wp-json\/wp\/v2\/pages\/2120"}],"wp:attachment":[{"href":"https:\/\/m-c-i.nl\/es\/wp-json\/wp\/v2\/media?parent=2132"}],"curies":[{"name":"wp","href":"https:\/\/api.w.org\/{rel}","templated":true}]}}