{"id":2128,"date":"2023-12-11T14:29:40","date_gmt":"2023-12-11T13:29:40","guid":{"rendered":"https:\/\/m-c-i.nl\/servicios\/inspecciones-in-situ\/"},"modified":"2025-05-10T14:40:16","modified_gmt":"2025-05-10T12:40:16","slug":"inspecciones-in-situ","status":"publish","type":"page","link":"https:\/\/m-c-i.nl\/es\/servicios\/inspecciones-in-situ\/","title":{"rendered":"Inspecciones in situ"},"content":{"rendered":"\t\t<div data-elementor-type=\"wp-page\" data-elementor-id=\"2128\" class=\"elementor elementor-2128 elementor-39\" data-elementor-post-type=\"page\">\n\t\t\t\t<div class=\"elementor-element elementor-element-5494aaa0 e-flex e-con-boxed e-con e-parent\" data-id=\"5494aaa0\" data-element_type=\"container\" data-e-type=\"container\" data-settings=\"{&quot;background_background&quot;:&quot;classic&quot;,&quot;jet_parallax_layout_list&quot;:[]}\">\n\t\t\t\t\t<div class=\"e-con-inner\">\n\t\t\t\t<div class=\"elementor-element elementor-element-1b83c65f elementor-absolute elementor-hidden-tablet elementor-hidden-mobile elementor-widget elementor-widget-image\" data-id=\"1b83c65f\" data-element_type=\"widget\" data-e-type=\"widget\" data-settings=\"{&quot;_position&quot;:&quot;absolute&quot;,&quot;motion_fx_motion_fx_scrolling&quot;:&quot;yes&quot;,&quot;motion_fx_blur_effect&quot;:&quot;yes&quot;,&quot;motion_fx_blur_direction&quot;:&quot;in-out&quot;,&quot;motion_fx_blur_range&quot;:{&quot;unit&quot;:&quot;%&quot;,&quot;size&quot;:&quot;&quot;,&quot;sizes&quot;:{&quot;start&quot;:52,&quot;end&quot;:80}},&quot;motion_fx_blur_level&quot;:{&quot;unit&quot;:&quot;px&quot;,&quot;size&quot;:7,&quot;sizes&quot;:[]},&quot;motion_fx_devices&quot;:[&quot;desktop&quot;,&quot;tablet&quot;,&quot;mobile&quot;]}\" data-widget_type=\"image.default\">\n\t\t\t\t<div class=\"elementor-widget-container\">\n\t\t\t\t\t\t\t\t\t\t\t\t\t\t\t<img fetchpriority=\"high\" decoding=\"async\" width=\"714\" height=\"1024\" src=\"https:\/\/m-c-i.nl\/wp-content\/uploads\/regenboog-714x1024.png\" class=\"attachment-large size-large wp-image-2114\" alt=\"\" srcset=\"https:\/\/m-c-i.nl\/wp-content\/uploads\/regenboog-714x1024.png 714w, https:\/\/m-c-i.nl\/wp-content\/uploads\/regenboog-209x300.png 209w, https:\/\/m-c-i.nl\/wp-content\/uploads\/regenboog-768x1102.png 768w, https:\/\/m-c-i.nl\/wp-content\/uploads\/regenboog.png 782w\" sizes=\"(max-width: 714px) 100vw, 714px\" \/>\t\t\t\t\t\t\t\t\t\t\t\t\t\t\t<\/div>\n\t\t\t\t<\/div>\n\t\t<div class=\"elementor-element elementor-element-50594bce e-flex e-con-boxed e-con e-child\" data-id=\"50594bce\" data-element_type=\"container\" data-e-type=\"container\" data-settings=\"{&quot;jet_parallax_layout_list&quot;:[]}\">\n\t\t\t\t\t<div class=\"e-con-inner\">\n\t\t\t\t<div class=\"elementor-element elementor-element-32383aa6 elementor-widget elementor-widget-heading\" data-id=\"32383aa6\" data-element_type=\"widget\" data-e-type=\"widget\" data-widget_type=\"heading.default\">\n\t\t\t\t<div class=\"elementor-widget-container\">\n\t\t\t\t\t<h1 class=\"elementor-heading-title elementor-size-default\">Inspecciones in situ<\/h1>\t\t\t\t<\/div>\n\t\t\t\t<\/div>\n\t\t\t\t<div class=\"elementor-element elementor-element-1e9df9cb elementor-widget elementor-widget-text-editor\" data-id=\"1e9df9cb\" data-element_type=\"widget\" data-e-type=\"widget\" data-widget_type=\"text-editor.default\">\n\t\t\t\t<div class=\"elementor-widget-container\">\n\t\t\t\t\t\t\t\t\t<p>Evite paradas inesperadas y altos costes con las inspecciones in situ especializadas de MCI. Identificamos y asesoramos para anticipar o corregir posibles causas de fallo. <\/p>\t\t\t\t\t\t\t\t<\/div>\n\t\t\t\t<\/div>\n\t\t\t\t<div class=\"elementor-element elementor-element-158ff61 elementor-widget elementor-widget-heading\" data-id=\"158ff61\" data-element_type=\"widget\" data-e-type=\"widget\" data-widget_type=\"heading.default\">\n\t\t\t\t<div class=\"elementor-widget-container\">\n\t\t\t\t\t<p class=\"elementor-heading-title elementor-size-default\">M\u00e1s que solo cumplimiento<\/p>\t\t\t\t<\/div>\n\t\t\t\t<\/div>\n\t\t\t\t\t<\/div>\n\t\t\t\t<\/div>\n\t\t\t\t\t<\/div>\n\t\t\t\t<\/div>\n\t\t<div class=\"elementor-element elementor-element-5729c175 e-flex e-con-boxed e-con e-parent\" data-id=\"5729c175\" data-element_type=\"container\" data-e-type=\"container\" data-settings=\"{&quot;jet_parallax_layout_list&quot;:[]}\">\n\t\t\t\t\t<div class=\"e-con-inner\">\n\t\t<div class=\"elementor-element elementor-element-6bb468d8 e-con-full e-flex e-con e-child\" data-id=\"6bb468d8\" data-element_type=\"container\" data-e-type=\"container\" data-settings=\"{&quot;jet_parallax_layout_list&quot;:[]}\">\n\t\t\t\t<div class=\"elementor-element elementor-element-52072fa elementor-widget elementor-widget-heading\" data-id=\"52072fa\" data-element_type=\"widget\" data-e-type=\"widget\" data-widget_type=\"heading.default\">\n\t\t\t\t<div class=\"elementor-widget-container\">\n\t\t\t\t\t<h2 class=\"elementor-heading-title elementor-size-default\">\u00bfProblemas ocultos? Obtenga una visi\u00f3n clara de su instalaci\u00f3n <\/h2>\t\t\t\t<\/div>\n\t\t\t\t<\/div>\n\t\t\t\t<div class=\"elementor-element elementor-element-4864787a elementor-widget elementor-widget-text-editor\" data-id=\"4864787a\" data-element_type=\"widget\" data-e-type=\"widget\" data-widget_type=\"text-editor.default\">\n\t\t\t\t<div class=\"elementor-widget-container\">\n\t\t\t\t\t\t\t\t\t<p>Una instalaci\u00f3n puede cumplir con todas las normas y reglamentos obligatorios, pero \u00bfsignifica eso que tambi\u00e9n sea fiable?<\/p><p>Muchas inspecciones se centran \u00fanicamente en el cumplimiento normativo, mientras que usted quiere instalaciones que sean seguras y fiables operativamente.<\/p><p>MCI va m\u00e1s all\u00e1 de las empresas de inspecci\u00f3n convencionales. Gracias a nuestro profundo conocimiento de los mecanismos de fallo y nuestro enfoque anal\u00edtico riguroso, detectamos posibles problemas de forma temprana. Esto no solo evita fallos inesperados, sino que tambi\u00e9n ofrece mejoras concretas en la vida \u00fatil y eficiencia de sus instalaciones.  <\/p>\t\t\t\t\t\t\t\t<\/div>\n\t\t\t\t<\/div>\n\t\t\t\t<div class=\"elementor-element elementor-element-5b4c165 elementor-widget elementor-widget-heading\" data-id=\"5b4c165\" data-element_type=\"widget\" data-e-type=\"widget\" data-widget_type=\"heading.default\">\n\t\t\t\t<div class=\"elementor-widget-container\">\n\t\t\t\t\t<h3 class=\"elementor-heading-title elementor-size-default\">Enfoque innovador del mantenimiento<\/h3>\t\t\t\t<\/div>\n\t\t\t\t<\/div>\n\t\t\t\t<div class=\"elementor-element elementor-element-70d4ec7 elementor-widget elementor-widget-text-editor\" data-id=\"70d4ec7\" data-element_type=\"widget\" data-e-type=\"widget\" data-widget_type=\"text-editor.default\">\n\t\t\t\t<div class=\"elementor-widget-container\">\n\t\t\t\t\t\t\t\t\t<p>Nuestro enfoque innovador del mantenimiento combina el an\u00e1lisis de mecanismos de fallo con t\u00e9cnicas de monitoreo avanzadas. Esto permite predecir cu\u00e1ndo se producir\u00e1n desgaste, fracturas, corrosi\u00f3n u otras degradaciones. As\u00ed podr\u00e1 intervenir a tiempo y evitar fallos importantes y paradas en la producci\u00f3n.  <\/p>\t\t\t\t\t\t\t\t<\/div>\n\t\t\t\t<\/div>\n\t\t\t\t<\/div>\n\t\t<div class=\"elementor-element elementor-element-1ffda89b e-con-full e-flex e-con e-child\" data-id=\"1ffda89b\" data-element_type=\"container\" data-e-type=\"container\" data-settings=\"{&quot;background_background&quot;:&quot;classic&quot;,&quot;jet_parallax_layout_list&quot;:[]}\">\n\t\t\t\t<div class=\"elementor-element elementor-element-2fc6beb7 elementor-widget elementor-widget-heading\" data-id=\"2fc6beb7\" data-element_type=\"widget\" data-e-type=\"widget\" data-widget_type=\"heading.default\">\n\t\t\t\t<div class=\"elementor-widget-container\">\n\t\t\t\t\t<h2 class=\"elementor-heading-title elementor-size-default\">Ventajas de las inspecciones predictivas<\/h2>\t\t\t\t<\/div>\n\t\t\t\t<\/div>\n\t\t\t\t<div class=\"elementor-element elementor-element-86be81a elementor-icon-list--layout-traditional elementor-list-item-link-full_width elementor-widget elementor-widget-icon-list\" data-id=\"86be81a\" data-element_type=\"widget\" data-e-type=\"widget\" data-widget_type=\"icon-list.default\">\n\t\t\t\t<div class=\"elementor-widget-container\">\n\t\t\t\t\t\t\t<ul class=\"elementor-icon-list-items\">\n\t\t\t\t\t\t\t<li class=\"elementor-icon-list-item\">\n\t\t\t\t\t\t\t\t\t\t\t<span class=\"elementor-icon-list-icon\">\n\t\t\t\t\t\t\t<svg xmlns=\"http:\/\/www.w3.org\/2000\/svg\" id=\"uuid-de9ec2fd-52f3-469c-a910-e38e09408295\" viewBox=\"0 0 39.25 39.25\"><defs><\/defs><g id=\"uuid-b393270a-c3b1-47ce-8bd6-27f2682fc42b\"><path d=\"M21.68 6.77h-4.7v10.51H6.48v4.7h10.5v10.5h4.7v-10.5h10.5v-4.7h-10.5V6.77z\" class=\"uuid-68c68065-d758-444a-9094-741d499a0836\"><\/path><path d=\"M19.62 0C8.79 0 0 8.79 0 19.63s8.79 19.62 19.62 19.62 19.62-8.78 19.62-19.62S30.46 0 19.62 0Zm11.12 30.74c-2.85 2.85-6.77 4.6-11.12 4.61-4.35 0-8.27-1.76-11.12-4.61-2.85-2.85-4.6-6.77-4.61-11.12 0-4.35 1.76-8.27 4.61-11.12 2.85-2.85 6.77-4.6 11.12-4.6s8.27 1.75 11.12 4.6c2.85 2.85 4.61 6.77 4.61 11.12s-1.76 8.26-4.61 11.12Z\" class=\"uuid-68c68065-d758-444a-9094-741d499a0836\"><\/path><\/g><\/svg>\t\t\t\t\t\t<\/span>\n\t\t\t\t\t\t\t\t\t\t<span class=\"elementor-icon-list-text\">Evitar fallos inesperados debido a un dise\u00f1o incorrecto, selecci\u00f3n de materiales, montaje inadecuado o mantenimiento deficiente.<\/span>\n\t\t\t\t\t\t\t\t\t<\/li>\n\t\t\t\t\t\t\t\t<li class=\"elementor-icon-list-item\">\n\t\t\t\t\t\t\t\t\t\t\t<span class=\"elementor-icon-list-icon\">\n\t\t\t\t\t\t\t<svg xmlns=\"http:\/\/www.w3.org\/2000\/svg\" id=\"uuid-de9ec2fd-52f3-469c-a910-e38e09408295\" viewBox=\"0 0 39.25 39.25\"><defs><\/defs><g id=\"uuid-b393270a-c3b1-47ce-8bd6-27f2682fc42b\"><path d=\"M21.68 6.77h-4.7v10.51H6.48v4.7h10.5v10.5h4.7v-10.5h10.5v-4.7h-10.5V6.77z\" class=\"uuid-68c68065-d758-444a-9094-741d499a0836\"><\/path><path d=\"M19.62 0C8.79 0 0 8.79 0 19.63s8.79 19.62 19.62 19.62 19.62-8.78 19.62-19.62S30.46 0 19.62 0Zm11.12 30.74c-2.85 2.85-6.77 4.6-11.12 4.61-4.35 0-8.27-1.76-11.12-4.61-2.85-2.85-4.6-6.77-4.61-11.12 0-4.35 1.76-8.27 4.61-11.12 2.85-2.85 6.77-4.6 11.12-4.6s8.27 1.75 11.12 4.6c2.85 2.85 4.61 6.77 4.61 11.12s-1.76 8.26-4.61 11.12Z\" class=\"uuid-68c68065-d758-444a-9094-741d499a0836\"><\/path><\/g><\/svg>\t\t\t\t\t\t<\/span>\n\t\t\t\t\t\t\t\t\t\t<span class=\"elementor-icon-list-text\">Detecci\u00f3n y reconocimiento tempranos del desgaste, fracturas y corrosi\u00f3n.<\/span>\n\t\t\t\t\t\t\t\t\t<\/li>\n\t\t\t\t\t\t\t\t<li class=\"elementor-icon-list-item\">\n\t\t\t\t\t\t\t\t\t\t\t<span class=\"elementor-icon-list-icon\">\n\t\t\t\t\t\t\t<svg xmlns=\"http:\/\/www.w3.org\/2000\/svg\" id=\"uuid-de9ec2fd-52f3-469c-a910-e38e09408295\" viewBox=\"0 0 39.25 39.25\"><defs><\/defs><g id=\"uuid-b393270a-c3b1-47ce-8bd6-27f2682fc42b\"><path d=\"M21.68 6.77h-4.7v10.51H6.48v4.7h10.5v10.5h4.7v-10.5h10.5v-4.7h-10.5V6.77z\" class=\"uuid-68c68065-d758-444a-9094-741d499a0836\"><\/path><path d=\"M19.62 0C8.79 0 0 8.79 0 19.63s8.79 19.62 19.62 19.62 19.62-8.78 19.62-19.62S30.46 0 19.62 0Zm11.12 30.74c-2.85 2.85-6.77 4.6-11.12 4.61-4.35 0-8.27-1.76-11.12-4.61-2.85-2.85-4.6-6.77-4.61-11.12 0-4.35 1.76-8.27 4.61-11.12 2.85-2.85 6.77-4.6 11.12-4.6s8.27 1.75 11.12 4.6c2.85 2.85 4.61 6.77 4.61 11.12s-1.76 8.26-4.61 11.12Z\" class=\"uuid-68c68065-d758-444a-9094-741d499a0836\"><\/path><\/g><\/svg>\t\t\t\t\t\t<\/span>\n\t\t\t\t\t\t\t\t\t\t<span class=\"elementor-icon-list-text\">Asesoramiento experto in situ para evitar fallos y minimizar el mantenimiento innecesario.<br><\/span>\n\t\t\t\t\t\t\t\t\t<\/li>\n\t\t\t\t\t\t\t\t<li class=\"elementor-icon-list-item\">\n\t\t\t\t\t\t\t\t\t\t\t<span class=\"elementor-icon-list-icon\">\n\t\t\t\t\t\t\t<svg xmlns=\"http:\/\/www.w3.org\/2000\/svg\" id=\"uuid-de9ec2fd-52f3-469c-a910-e38e09408295\" viewBox=\"0 0 39.25 39.25\"><defs><\/defs><g id=\"uuid-b393270a-c3b1-47ce-8bd6-27f2682fc42b\"><path d=\"M21.68 6.77h-4.7v10.51H6.48v4.7h10.5v10.5h4.7v-10.5h10.5v-4.7h-10.5V6.77z\" class=\"uuid-68c68065-d758-444a-9094-741d499a0836\"><\/path><path d=\"M19.62 0C8.79 0 0 8.79 0 19.63s8.79 19.62 19.62 19.62 19.62-8.78 19.62-19.62S30.46 0 19.62 0Zm11.12 30.74c-2.85 2.85-6.77 4.6-11.12 4.61-4.35 0-8.27-1.76-11.12-4.61-2.85-2.85-4.6-6.77-4.61-11.12 0-4.35 1.76-8.27 4.61-11.12 2.85-2.85 6.77-4.6 11.12-4.6s8.27 1.75 11.12 4.6c2.85 2.85 4.61 6.77 4.61 11.12s-1.76 8.26-4.61 11.12Z\" class=\"uuid-68c68065-d758-444a-9094-741d499a0836\"><\/path><\/g><\/svg>\t\t\t\t\t\t<\/span>\n\t\t\t\t\t\t\t\t\t\t<span class=\"elementor-icon-list-text\">Reducci\u00f3n de los costes de mantenimiento y prolongaci\u00f3n de la vida \u00fatil de las instalaciones.<br><\/span>\n\t\t\t\t\t\t\t\t\t<\/li>\n\t\t\t\t\t\t\t\t<li class=\"elementor-icon-list-item\">\n\t\t\t\t\t\t\t\t\t\t\t<span class=\"elementor-icon-list-icon\">\n\t\t\t\t\t\t\t<svg xmlns=\"http:\/\/www.w3.org\/2000\/svg\" id=\"uuid-de9ec2fd-52f3-469c-a910-e38e09408295\" viewBox=\"0 0 39.25 39.25\"><defs><\/defs><g id=\"uuid-b393270a-c3b1-47ce-8bd6-27f2682fc42b\"><path d=\"M21.68 6.77h-4.7v10.51H6.48v4.7h10.5v10.5h4.7v-10.5h10.5v-4.7h-10.5V6.77z\" class=\"uuid-68c68065-d758-444a-9094-741d499a0836\"><\/path><path d=\"M19.62 0C8.79 0 0 8.79 0 19.63s8.79 19.62 19.62 19.62 19.62-8.78 19.62-19.62S30.46 0 19.62 0Zm11.12 30.74c-2.85 2.85-6.77 4.6-11.12 4.61-4.35 0-8.27-1.76-11.12-4.61-2.85-2.85-4.6-6.77-4.61-11.12 0-4.35 1.76-8.27 4.61-11.12 2.85-2.85 6.77-4.6 11.12-4.6s8.27 1.75 11.12 4.6c2.85 2.85 4.61 6.77 4.61 11.12s-1.76 8.26-4.61 11.12Z\" class=\"uuid-68c68065-d758-444a-9094-741d499a0836\"><\/path><\/g><\/svg>\t\t\t\t\t\t<\/span>\n\t\t\t\t\t\t\t\t\t\t<span class=\"elementor-icon-list-text\">Informes claros para un seguimiento \u00f3ptimo<\/span>\n\t\t\t\t\t\t\t\t\t<\/li>\n\t\t\t\t\t\t<\/ul>\n\t\t\t\t\t\t<\/div>\n\t\t\t\t<\/div>\n\t\t\t\t<\/div>\n\t\t\t\t\t<\/div>\n\t\t\t\t<\/div>\n\t\t<div class=\"elementor-element elementor-element-70bbcacf e-flex e-con-boxed e-con e-parent\" data-id=\"70bbcacf\" data-element_type=\"container\" data-e-type=\"container\" data-settings=\"{&quot;jet_parallax_layout_list&quot;:[]}\">\n\t\t\t\t\t<div class=\"e-con-inner\">\n\t\t<div class=\"elementor-element elementor-element-152fd267 e-con-full e-flex e-con e-child\" data-id=\"152fd267\" data-element_type=\"container\" data-e-type=\"container\" data-settings=\"{&quot;background_background&quot;:&quot;classic&quot;,&quot;jet_parallax_layout_list&quot;:[]}\">\n\t\t\t\t<div class=\"elementor-element elementor-element-240b67ff elementor-widget elementor-widget-heading\" data-id=\"240b67ff\" data-element_type=\"widget\" data-e-type=\"widget\" data-widget_type=\"heading.default\">\n\t\t\t\t<div class=\"elementor-widget-container\">\n\t\t\t\t\t<h2 class=\"elementor-heading-title elementor-size-default\">Cuestiones sobre la vida \u00fatil remanente<\/h2>\t\t\t\t<\/div>\n\t\t\t\t<\/div>\n\t\t\t\t<div class=\"elementor-element elementor-element-64102712 elementor-widget elementor-widget-text-editor\" data-id=\"64102712\" data-element_type=\"widget\" data-e-type=\"widget\" data-widget_type=\"text-editor.default\">\n\t\t\t\t<div class=\"elementor-widget-container\">\n\t\t\t\t\t\t\t\t\t<p>A medida que las instalaciones envejecen, surge la pregunta: \u00bfcu\u00e1nto tiempo seguir\u00e1n funcionando? Esto se refiere tanto a la vida \u00fatil t\u00e9cnica como econ\u00f3mica y al momento adecuado para invertir. <\/p><p>MCI aborda estas cuestiones de forma multidisciplinaria. Realizamos investigaciones detalladas sobre el dise\u00f1o y todas las fases del ciclo de vida de la instalaci\u00f3n. Consideramos condiciones de proceso cambiantes en el pasado, historial de mantenimiento y reparaciones que pueden ser cruciales para predecir la vida \u00fatil restante.  <\/p><p>Gracias a estos an\u00e1lisis en profundidad, nuestras evaluaciones sobre la vida \u00fatil restante son altamente fiables. Con el r\u00e9gimen de monitoreo adecuado, garantizamos que su instalaci\u00f3n funcione de manera \u00f3ptima hasta el final de su ciclo de vida o el per\u00edodo que desee cubrir. <\/p>\t\t\t\t\t\t\t\t<\/div>\n\t\t\t\t<\/div>\n\t\t\t\t<\/div>\n\t\t<div class=\"elementor-element elementor-element-14a70d3c e-con-full e-flex e-con e-child\" data-id=\"14a70d3c\" data-element_type=\"container\" data-e-type=\"container\" data-settings=\"{&quot;jet_parallax_layout_list&quot;:[]}\">\n\t\t\t\t<div class=\"elementor-element elementor-element-36db60c3 elementor-widget elementor-widget-heading\" data-id=\"36db60c3\" data-element_type=\"widget\" data-e-type=\"widget\" data-widget_type=\"heading.default\">\n\t\t\t\t<div class=\"elementor-widget-container\">\n\t\t\t\t\t<h2 class=\"elementor-heading-title elementor-size-default\">Soluciones personalizadas para cada industria<\/h2>\t\t\t\t<\/div>\n\t\t\t\t<\/div>\n\t\t\t\t<div class=\"elementor-element elementor-element-18143a7c elementor-widget elementor-widget-text-editor\" data-id=\"18143a7c\" data-element_type=\"widget\" data-e-type=\"widget\" data-widget_type=\"text-editor.default\">\n\t\t\t\t<div class=\"elementor-widget-container\">\n\t\t\t\t\t\t\t\t\t<p>Cada proceso de producci\u00f3n presenta desaf\u00edos \u00fanicos en cuanto a da\u00f1os mec\u00e1nicos y corrosi\u00f3n. Los mecanismos de fallo son universales, pero su aplicaci\u00f3n e impacto var\u00edan seg\u00fan el sector. <\/p>\n<p>MCI cuenta con una amplia experiencia en diversos sectores industriales y adapta sus inspecciones a sus necesidades espec\u00edficas. Ya sea que opere en las industrias farmac\u00e9utica, qu\u00edmica, papelera, de bebidas, alimentaria y l\u00e1ctea, del petr\u00f3leo y gas, o en la industria manufacturera, ofrecemos inspecciones y asesoramiento personalizados. As\u00ed podr\u00e1 seguir produciendo con m\u00e1xima fiabilidad y m\u00ednimos riesgos.  <\/p>\t\t\t\t\t\t\t\t<\/div>\n\t\t\t\t<\/div>\n\t\t\t\t<\/div>\n\t\t\t\t\t<\/div>\n\t\t\t\t<\/div>\n\t\t<div class=\"elementor-element elementor-element-29c460fb e-con-full e-flex e-con e-parent\" data-id=\"29c460fb\" data-element_type=\"container\" data-e-type=\"container\" data-settings=\"{&quot;jet_parallax_layout_list&quot;:[]}\">\n\t\t\t\t<div class=\"elementor-element elementor-element-7d5707da elementor-widget elementor-widget-template\" data-id=\"7d5707da\" data-element_type=\"widget\" data-e-type=\"widget\" data-widget_type=\"template.default\">\n\t\t\t\t<div class=\"elementor-widget-container\">\n\t\t\t\t\t\t\t<div class=\"elementor-template\">\n\t\t\t\t\t<div data-elementor-type=\"container\" data-elementor-id=\"2199\" class=\"elementor elementor-2199 elementor-721 elementor-721\" data-elementor-post-type=\"elementor_library\">\n\t\t\t\t<div class=\"elementor-element elementor-element-7274c973 e-flex e-con-boxed e-con e-parent\" data-id=\"7274c973\" data-element_type=\"container\" data-e-type=\"container\" data-settings=\"{&quot;jet_parallax_layout_list&quot;:[]}\">\n\t\t\t\t\t<div class=\"e-con-inner\">\n\t\t<div class=\"elementor-element elementor-element-1c85aeb1 e-con-full elementor-hidden-mobile e-flex elementor-invisible e-con e-child\" data-id=\"1c85aeb1\" data-element_type=\"container\" data-e-type=\"container\" data-settings=\"{&quot;jet_parallax_layout_list&quot;:[],&quot;background_background&quot;:&quot;classic&quot;,&quot;animation&quot;:&quot;fadeIn&quot;}\">\n\t\t\t\t<div class=\"elementor-element elementor-element-345fd81 elementor-widget elementor-widget-image\" data-id=\"345fd81\" data-element_type=\"widget\" data-e-type=\"widget\" data-widget_type=\"image.default\">\n\t\t\t\t<div class=\"elementor-widget-container\">\n\t\t\t\t\t\t\t\t\t\t\t\t\t\t\t<img decoding=\"async\" width=\"590\" height=\"1024\" src=\"https:\/\/m-c-i.nl\/wp-content\/uploads\/hogenboom-maurice-mci-590x1024.webp\" class=\"attachment-large size-large wp-image-2200\" alt=\"\" srcset=\"https:\/\/m-c-i.nl\/wp-content\/uploads\/hogenboom-maurice-mci-590x1024.webp 590w, https:\/\/m-c-i.nl\/wp-content\/uploads\/hogenboom-maurice-mci-173x300.webp 173w, https:\/\/m-c-i.nl\/wp-content\/uploads\/hogenboom-maurice-mci.webp 600w\" sizes=\"(max-width: 590px) 100vw, 590px\" \/>\t\t\t\t\t\t\t\t\t\t\t\t\t\t\t<\/div>\n\t\t\t\t<\/div>\n\t\t\t\t<\/div>\n\t\t<div class=\"elementor-element elementor-element-32e52de1 e-flex e-con-boxed elementor-invisible e-con e-child\" data-id=\"32e52de1\" data-element_type=\"container\" data-e-type=\"container\" data-settings=\"{&quot;jet_parallax_layout_list&quot;:[],&quot;background_background&quot;:&quot;classic&quot;,&quot;animation&quot;:&quot;fadeIn&quot;}\">\n\t\t\t\t\t<div class=\"e-con-inner\">\n\t\t\t\t<div class=\"elementor-element elementor-element-772fcf79 elementor-widget elementor-widget-heading\" data-id=\"772fcf79\" data-element_type=\"widget\" data-e-type=\"widget\" data-widget_type=\"heading.default\">\n\t\t\t\t<div class=\"elementor-widget-container\">\n\t\t\t\t\t<h2 class=\"elementor-heading-title elementor-size-default\">Ponte en contacto<\/h2>\t\t\t\t<\/div>\n\t\t\t\t<\/div>\n\t\t<div class=\"elementor-element elementor-element-1c8b9dc0 e-flex e-con-boxed e-con e-child\" data-id=\"1c8b9dc0\" data-element_type=\"container\" data-e-type=\"container\" data-settings=\"{&quot;jet_parallax_layout_list&quot;:[]}\">\n\t\t\t\t\t<div class=\"e-con-inner\">\n\t\t\t\t<div class=\"elementor-element elementor-element-5b470407 elementor-widget elementor-widget-button\" data-id=\"5b470407\" data-element_type=\"widget\" data-e-type=\"widget\" data-widget_type=\"button.default\">\n\t\t\t\t<div class=\"elementor-widget-container\">\n\t\t\t\t\t\t\t\t\t<div class=\"elementor-button-wrapper\">\n\t\t\t\t\t<a class=\"elementor-button elementor-button-link elementor-size-sm\" href=\"tel:+31464107764\">\n\t\t\t\t\t\t<span class=\"elementor-button-content-wrapper\">\n\t\t\t\t\t\t<span class=\"elementor-button-icon\">\n\t\t\t\t<i aria-hidden=\"true\" class=\"fas fa-phone-square-alt\"><\/i>\t\t\t<\/span>\n\t\t\t\t\t\t\t\t\t<span class=\"elementor-button-text\">+31 (0)46 410 7764<\/span>\n\t\t\t\t\t<\/span>\n\t\t\t\t\t<\/a>\n\t\t\t\t<\/div>\n\t\t\t\t\t\t\t\t<\/div>\n\t\t\t\t<\/div>\n\t\t\t\t<div class=\"elementor-element elementor-element-12fcbda8 elementor-widget elementor-widget-button\" data-id=\"12fcbda8\" data-element_type=\"widget\" data-e-type=\"widget\" data-widget_type=\"button.default\">\n\t\t\t\t<div class=\"elementor-widget-container\">\n\t\t\t\t\t\t\t\t\t<div class=\"elementor-button-wrapper\">\n\t\t\t\t\t<a class=\"elementor-button elementor-button-link elementor-size-sm\" href=\"mailto:info@m-c-i.nl\">\n\t\t\t\t\t\t<span class=\"elementor-button-content-wrapper\">\n\t\t\t\t\t\t<span class=\"elementor-button-icon\">\n\t\t\t\t<i aria-hidden=\"true\" class=\"fas fa-envelope\"><\/i>\t\t\t<\/span>\n\t\t\t\t\t\t\t\t\t<span class=\"elementor-button-text\">info@m-c-i.nl<\/span>\n\t\t\t\t\t<\/span>\n\t\t\t\t\t<\/a>\n\t\t\t\t<\/div>\n\t\t\t\t\t\t\t\t<\/div>\n\t\t\t\t<\/div>\n\t\t\t\t\t<\/div>\n\t\t\t\t<\/div>\n\t\t\t\t\t<\/div>\n\t\t\t\t<\/div>\n\t\t\t\t\t<\/div>\n\t\t\t\t<\/div>\n\t\t\t\t<\/div>\n\t\t\t\t<\/div>\n\t\t\t\t\t\t<\/div>\n\t\t\t\t<\/div>\n\t\t\t\t<\/div>\n\t\t\t\t<\/div>\n\t\t","protected":false},"excerpt":{"rendered":"<p>Inspecciones in situ Evite paradas inesperadas y altos costes con las inspecciones in situ especializadas de MCI. Identificamos y asesoramos para anticipar o corregir posibles causas de fallo. M\u00e1s que solo cumplimiento \u00bfProblemas ocultos? Obtenga una visi\u00f3n clara de su instalaci\u00f3n Una instalaci\u00f3n puede cumplir con todas las normas y reglamentos obligatorios, pero \u00bfsignifica eso [&hellip;]<\/p>\n","protected":false},"author":1,"featured_media":0,"parent":2120,"menu_order":0,"comment_status":"closed","ping_status":"closed","template":"","meta":{"inline_featured_image":false,"footnotes":""},"class_list":["post-2128","page","type-page","status-publish","hentry"],"_links":{"self":[{"href":"https:\/\/m-c-i.nl\/es\/wp-json\/wp\/v2\/pages\/2128","targetHints":{"allow":["GET"]}}],"collection":[{"href":"https:\/\/m-c-i.nl\/es\/wp-json\/wp\/v2\/pages"}],"about":[{"href":"https:\/\/m-c-i.nl\/es\/wp-json\/wp\/v2\/types\/page"}],"author":[{"embeddable":true,"href":"https:\/\/m-c-i.nl\/es\/wp-json\/wp\/v2\/users\/1"}],"replies":[{"embeddable":true,"href":"https:\/\/m-c-i.nl\/es\/wp-json\/wp\/v2\/comments?post=2128"}],"version-history":[{"count":1,"href":"https:\/\/m-c-i.nl\/es\/wp-json\/wp\/v2\/pages\/2128\/revisions"}],"predecessor-version":[{"id":2131,"href":"https:\/\/m-c-i.nl\/es\/wp-json\/wp\/v2\/pages\/2128\/revisions\/2131"}],"up":[{"embeddable":true,"href":"https:\/\/m-c-i.nl\/es\/wp-json\/wp\/v2\/pages\/2120"}],"wp:attachment":[{"href":"https:\/\/m-c-i.nl\/es\/wp-json\/wp\/v2\/media?parent=2128"}],"curies":[{"name":"wp","href":"https:\/\/api.w.org\/{rel}","templated":true}]}}