{"id":2118,"date":"2021-08-25T05:55:58","date_gmt":"2021-08-25T03:55:58","guid":{"rendered":"https:\/\/m-c-i.nl\/privacidad\/"},"modified":"2025-05-10T13:51:16","modified_gmt":"2025-05-10T11:51:16","slug":"privacidad","status":"publish","type":"page","link":"https:\/\/m-c-i.nl\/es\/privacidad\/","title":{"rendered":"Privacidad"},"content":{"rendered":"\t\t<div data-elementor-type=\"wp-page\" data-elementor-id=\"2118\" class=\"elementor elementor-2118 elementor-3\" data-elementor-post-type=\"page\">\n\t\t\t\t<div class=\"elementor-element elementor-element-4b7185a e-flex e-con-boxed e-con e-parent\" data-id=\"4b7185a\" data-element_type=\"container\" data-e-type=\"container\" data-settings=\"{&quot;background_background&quot;:&quot;classic&quot;,&quot;jet_parallax_layout_list&quot;:[]}\">\n\t\t\t\t\t<div class=\"e-con-inner\">\n\t\t\t\t<div class=\"elementor-element elementor-element-7a27896 elementor-absolute elementor-hidden-tablet elementor-hidden-mobile elementor-widget elementor-widget-image\" data-id=\"7a27896\" data-element_type=\"widget\" data-e-type=\"widget\" data-settings=\"{&quot;_position&quot;:&quot;absolute&quot;,&quot;motion_fx_motion_fx_scrolling&quot;:&quot;yes&quot;,&quot;motion_fx_blur_effect&quot;:&quot;yes&quot;,&quot;motion_fx_blur_direction&quot;:&quot;in-out&quot;,&quot;motion_fx_blur_range&quot;:{&quot;unit&quot;:&quot;%&quot;,&quot;size&quot;:&quot;&quot;,&quot;sizes&quot;:{&quot;start&quot;:52,&quot;end&quot;:80}},&quot;motion_fx_blur_level&quot;:{&quot;unit&quot;:&quot;px&quot;,&quot;size&quot;:7,&quot;sizes&quot;:[]},&quot;motion_fx_devices&quot;:[&quot;desktop&quot;,&quot;tablet&quot;,&quot;mobile&quot;]}\" data-widget_type=\"image.default\">\n\t\t\t\t<div class=\"elementor-widget-container\">\n\t\t\t\t\t\t\t\t\t\t\t\t\t\t\t<img fetchpriority=\"high\" decoding=\"async\" width=\"714\" height=\"1024\" src=\"https:\/\/m-c-i.nl\/wp-content\/uploads\/regenboog-714x1024.png\" class=\"attachment-large size-large wp-image-2114\" alt=\"\" srcset=\"https:\/\/m-c-i.nl\/wp-content\/uploads\/regenboog-714x1024.png 714w, https:\/\/m-c-i.nl\/wp-content\/uploads\/regenboog-209x300.png 209w, https:\/\/m-c-i.nl\/wp-content\/uploads\/regenboog-768x1102.png 768w, https:\/\/m-c-i.nl\/wp-content\/uploads\/regenboog.png 782w\" sizes=\"(max-width: 714px) 100vw, 714px\" \/>\t\t\t\t\t\t\t\t\t\t\t\t\t\t\t<\/div>\n\t\t\t\t<\/div>\n\t\t<div class=\"elementor-element elementor-element-4b80b0f e-flex e-con-boxed e-con e-child\" data-id=\"4b80b0f\" data-element_type=\"container\" data-e-type=\"container\" data-settings=\"{&quot;jet_parallax_layout_list&quot;:[]}\">\n\t\t\t\t\t<div class=\"e-con-inner\">\n\t\t\t\t<div class=\"elementor-element elementor-element-7f26809 elementor-widget elementor-widget-heading\" data-id=\"7f26809\" data-element_type=\"widget\" data-e-type=\"widget\" data-widget_type=\"heading.default\">\n\t\t\t\t<div class=\"elementor-widget-container\">\n\t\t\t\t\t<h1 class=\"elementor-heading-title elementor-size-default\">Privacidad<\/h1>\t\t\t\t<\/div>\n\t\t\t\t<\/div>\n\t\t\t\t\t<\/div>\n\t\t\t\t<\/div>\n\t\t\t\t\t<\/div>\n\t\t\t\t<\/div>\n\t\t<div class=\"elementor-element elementor-element-e4c21c4 e-flex e-con-boxed e-con e-parent\" data-id=\"e4c21c4\" data-element_type=\"container\" data-e-type=\"container\" data-settings=\"{&quot;jet_parallax_layout_list&quot;:[]}\">\n\t\t\t\t\t<div class=\"e-con-inner\">\n\t\t\t\t<div class=\"elementor-element elementor-element-8282448 elementor-widget elementor-widget-text-editor\" data-id=\"8282448\" data-element_type=\"widget\" data-e-type=\"widget\" data-widget_type=\"text-editor.default\">\n\t\t\t\t<div class=\"elementor-widget-container\">\n\t\t\t\t\t\t\t\t\t<p>MATERIALS &amp; CORROSION INVESTIGATIONS B.V. es responsable del tratamiento de los datos personales tal como se indica en esta declaraci\u00f3n de privacidad.<\/p><h2>Datos de contacto<\/h2><p>INVESTIGACIONES DE MATERIALES Y CORROSI\u00d3N B.V.<br>Kampstraat 86<br>6163HG Geleen<br>info@m-c-i.nl<\/p><h2>Datos personales que tratamos<\/h2><p>MATERIALS &amp; CORROSION INVESTIGATIONS B.V. trata tus datos personales porque utilizas nuestros servicios y\/o porque t\u00fa mismo nos los proporcionas.<\/p><p>A continuaci\u00f3n encontrar\u00e1 un resumen de los datos personales que procesamos:<\/p><ul><li>Nombre y apellidos<\/li><li>Direcci\u00f3n<\/li><li>N\u00famero de tel\u00e9fono<\/li><li>Direcci\u00f3n de correo electr\u00f3nico<\/li><li>Otros datos personales que usted proporciona activamente, por ejemplo, al crear un perfil en este sitio web, en correspondencia o por tel\u00e9fono<\/li><li>Datos sobre tus actividades en nuestro sitio web<\/li><li>Datos sobre su comportamiento de navegaci\u00f3n en diferentes sitios web (por ejemplo, porque esta empresa forma parte de una red publicitaria)<\/li><li>Navegador de internet y tipo de dispositivo<\/li><\/ul><h2>Datos personales especiales y\/o sensibles que tratamos<\/h2><p>Nuestro sitio web y\/o servicio no tiene la intenci\u00f3n de recopilar datos sobre visitantes del sitio web menores de 16 a\u00f1os. A menos que tengan el consentimiento de los padres o tutores. Sin embargo, no podemos verificar si un visitante tiene m\u00e1s de 16 a\u00f1os. Por ello, recomendamos a los padres que participen en las actividades en l\u00ednea de sus hijos, para evitar que se recopilen datos de menores sin consentimiento parental. Si est\u00e1 convencido de que hemos recopilado datos personales de un menor sin dicho consentimiento, p\u00f3ngase en contacto con nosotros.    <\/p><h2>Con qu\u00e9 finalidad y sobre qu\u00e9 base tratamos los datos personales<\/h2><p>MATERIALS &amp; CORROSION INVESTIGATIONS B.V. trata tus datos personales para los siguientes fines:<\/p><ul><li>Gesti\u00f3n de tu pago<\/li><li>Llamarte o enviarte un correo electr\u00f3nico si es necesario para llevar a cabo nuestros servicios<\/li><li>Informarte de cambios en nuestros servicios y productos<\/li><li>Para suministrarte bienes y servicios<\/li><li>MATERIALS &amp; CORROSION INVESTIGATIONS B.V. analiza tu comportamiento en el sitio web para mejorarlo y adaptar la oferta de productos y servicios a tus preferencias.<\/li><li>MATERIALS &amp; CORROSION INVESTIGATIONS B.V. rastrea tu comportamiento de navegaci\u00f3n en varios sitios web para ayudarnos a adaptar nuestros productos y servicios a tus necesidades.<\/li><li>MATERIALS &amp; CORROSION INVESTIGATIONS B.V. tambi\u00e9n procesa datos personales si estamos legalmente obligados a hacerlo, como los datos que necesitamos para nuestra declaraci\u00f3n de la renta.<\/li><\/ul><h2>Toma de decisiones automatizada<\/h2><p>MATERIALS &amp; CORROSION INVESTIGATIONS B.V. no toma, bas\u00e1ndose en un tratamiento automatizado, decisiones sobre asuntos que puedan afectar (significativamente) a las personas. Se trata de decisiones tomadas por programas o sistemas inform\u00e1ticos, sin que intervenga un ser humano (por ejemplo, un empleado de MATERIALS &amp; CORROSION INVESTIGATIONS B.V.). <\/p><h2>Cu\u00e1nto tiempo conservamos los datos personales<\/h2><p>MATERIALS &amp; CORROSION INVESTIGATIONS B.V. no conservar\u00e1 tus datos m\u00e1s tiempo del necesario para fines de procesamiento, teniendo en cuenta las obligaciones contractuales y legales. Si eres cliente de MATERIALS &amp; CORROSION INVESTIGATIONS B.V., conservaremos tus datos durante 7 a\u00f1os. Esto es para cumplir con nuestra obligaci\u00f3n de retenci\u00f3n fiscal. Despu\u00e9s, tus datos ser\u00e1n destruidos. Si te pusiste en contacto con MATERIALS &amp; CORROSION INVESTIGATIONS B.V. pero no te convertiste en cliente, conservaremos tus datos durante un m\u00e1ximo de 12 meses.    <\/p><h2>Compartir datos personales con terceros<\/h2><p>MATERIALS &amp; CORROSION INVESTIGATIONS B.V. s\u00f3lo proporciona a terceros y s\u00f3lo cuando sea necesario para el cumplimiento de nuestro acuerdo contigo o para cumplir una obligaci\u00f3n legal.<\/p><h2>Cookies, o t\u00e9cnicas similares, que utilizamos<\/h2><p>MATERIALS &amp; CORROSION INVESTIGATIONS B.V. utiliza cookies funcionales, anal\u00edticas y de seguimiento. Una cookie es un peque\u00f1o archivo de texto que se almacena en el navegador de tu ordenador, tableta o smartphone cuando visitas este sitio web por primera vez. MATERIALS &amp; CORROSION INVESTIGATIONS B.V. utiliza cookies con una funcionalidad puramente t\u00e9cnica. \u00c9stas garantizan que el sitio web funcione correctamente y que, por ejemplo, se recuerde tu configuraci\u00f3n de preferencias. Estas cookies tambi\u00e9n se utilizan para que el sitio web funcione correctamente y para optimizarlo. Adem\u00e1s, colocamos cookies que rastrean tu comportamiento de navegaci\u00f3n para poder ofrecerte contenidos y anuncios personalizados.     <\/p><p>En tu primera visita a nuestro sitio web, ya te hemos informado sobre estas cookies y te hemos pedido permiso para instalarlas.<\/p><p>Puedes rechazar las cookies configurando tu navegador de Internet para que deje de almacenarlas. Adem\u00e1s, tambi\u00e9n puedes eliminar cualquier informaci\u00f3n almacenada previamente a trav\u00e9s de la configuraci\u00f3n de tu navegador. <\/p><h2>Ver, modificar o borrar datos<\/h2><p>Tienes derecho a acceder a tus datos personales, corregirlos o eliminarlos. Adem\u00e1s, tienes derecho a retirar tu posible consentimiento al tratamiento de datos u oponerte al tratamiento de tus datos personales por parte de MATERIALS &amp; CORROSION INVESTIGATIONS B.V., y tienes derecho a la portabilidad de datos. Esto significa que puedes solicitarnos que te enviemos los datos personales que tenemos sobre ti en un fichero inform\u00e1tico a ti o a otra organizaci\u00f3n que t\u00fa designes.  <\/p><p>Puedes enviarnos por correo electr\u00f3nico una solicitud de acceso, rectificaci\u00f3n, supresi\u00f3n, transferencia de tus datos personales o solicitar la revocaci\u00f3n de tu consentimiento u oposici\u00f3n al tratamiento de tus datos personales.<\/p><p>Para asegurarnos de que la solicitud de inspecci\u00f3n la has hecho t\u00fa, te pedimos que env\u00edes una copia de tu documento de identidad junto con la solicitud. En esta copia, tacha la foto de tu pasaporte, la MRZ (zona legible por m\u00e1quina, la franja de n\u00fameros que hay en la parte inferior del pasaporte), el n\u00famero de pasaporte y el N\u00famero de Atenci\u00f3n al Ciudadano (BSN). Esto es para proteger tu intimidad. Responderemos a tu solicitud lo antes posible, pero en un plazo m\u00e1ximo de cuatro semanas.   <\/p><p>MATERIALS &amp; CORROSION INVESTIGATIONS B.V. tambi\u00e9n desea informarte de que tienes la posibilidad de presentar una reclamaci\u00f3n ante el regulador nacional, la Autoridad de Datos Personales. Puedes hacerlo a trav\u00e9s del siguiente enlace: https:\/\/autoriteitpersoonsgegevens.nl\/nl\/zelf-doen\/gebruik-uw-privacyrechten\/klacht-melden-bij-de-ap <\/p><h2>C\u00f3mo protegemos los datos personales<\/h2><p>MATERIALS &amp; CORROSION INVESTIGATIONS B.V. se toma en serio la protecci\u00f3n de tus datos y adopta las medidas adecuadas para contrarrestar el abuso, la p\u00e9rdida, el acceso no autorizado, la divulgaci\u00f3n no deseada y la modificaci\u00f3n no autorizada. Si tienes la impresi\u00f3n de que tus datos no est\u00e1n debidamente protegidos o hay indicios de uso indebido, env\u00edanos un correo electr\u00f3nico. <\/p>\t\t\t\t\t\t\t\t<\/div>\n\t\t\t\t<\/div>\n\t\t\t\t\t<\/div>\n\t\t\t\t<\/div>\n\t\t\t\t<\/div>\n\t\t","protected":false},"excerpt":{"rendered":"<p>MATERIALS &amp; CORROSION INVESTIGATIONS B.V. es responsable del tratamiento de los datos personales tal como se indica en esta declaraci\u00f3n de privacidad. Datos de contacto INVESTIGACIONES DE MATERIALES Y CORROSI\u00d3N B.V.Kampstraat 866163HG Geleeninfo@m-c-i.nl Datos personales que tratamos MATERIALS &amp; CORROSION INVESTIGATIONS B.V. trata tus datos personales porque utilizas nuestros servicios y\/o porque t\u00fa mismo nos [&hellip;]<\/p>\n","protected":false},"author":1,"featured_media":0,"parent":0,"menu_order":0,"comment_status":"closed","ping_status":"open","template":"","meta":{"inline_featured_image":false,"footnotes":""},"class_list":["post-2118","page","type-page","status-publish","hentry"],"_links":{"self":[{"href":"https:\/\/m-c-i.nl\/es\/wp-json\/wp\/v2\/pages\/2118","targetHints":{"allow":["GET"]}}],"collection":[{"href":"https:\/\/m-c-i.nl\/es\/wp-json\/wp\/v2\/pages"}],"about":[{"href":"https:\/\/m-c-i.nl\/es\/wp-json\/wp\/v2\/types\/page"}],"author":[{"embeddable":true,"href":"https:\/\/m-c-i.nl\/es\/wp-json\/wp\/v2\/users\/1"}],"replies":[{"embeddable":true,"href":"https:\/\/m-c-i.nl\/es\/wp-json\/wp\/v2\/comments?post=2118"}],"version-history":[{"count":1,"href":"https:\/\/m-c-i.nl\/es\/wp-json\/wp\/v2\/pages\/2118\/revisions"}],"predecessor-version":[{"id":2119,"href":"https:\/\/m-c-i.nl\/es\/wp-json\/wp\/v2\/pages\/2118\/revisions\/2119"}],"wp:attachment":[{"href":"https:\/\/m-c-i.nl\/es\/wp-json\/wp\/v2\/media?parent=2118"}],"curies":[{"name":"wp","href":"https:\/\/api.w.org\/{rel}","templated":true}]}}