{"id":2284,"date":"2023-12-11T14:29:40","date_gmt":"2023-12-11T13:29:40","guid":{"rendered":"https:\/\/m-c-i.nl\/dienstleistungen\/on-site-inspektionen\/"},"modified":"2025-07-01T10:47:44","modified_gmt":"2025-07-01T08:47:44","slug":"on-site-inspektionen","status":"publish","type":"page","link":"https:\/\/m-c-i.nl\/de\/dienstleistungen\/on-site-inspektionen\/","title":{"rendered":"On-Site-Inspektionen"},"content":{"rendered":"\t\t<div data-elementor-type=\"wp-page\" data-elementor-id=\"2284\" class=\"elementor elementor-2284 elementor-39\" data-elementor-post-type=\"page\">\n\t\t\t\t<div class=\"elementor-element elementor-element-5494aaa0 e-flex e-con-boxed e-con e-parent\" data-id=\"5494aaa0\" data-element_type=\"container\" data-e-type=\"container\" data-settings=\"{&quot;background_background&quot;:&quot;classic&quot;,&quot;jet_parallax_layout_list&quot;:[]}\">\n\t\t\t\t\t<div class=\"e-con-inner\">\n\t\t\t\t<div class=\"elementor-element elementor-element-1b83c65f elementor-absolute elementor-hidden-tablet elementor-hidden-mobile elementor-widget elementor-widget-image\" data-id=\"1b83c65f\" data-element_type=\"widget\" data-e-type=\"widget\" data-settings=\"{&quot;_position&quot;:&quot;absolute&quot;,&quot;motion_fx_motion_fx_scrolling&quot;:&quot;yes&quot;,&quot;motion_fx_blur_effect&quot;:&quot;yes&quot;,&quot;motion_fx_blur_direction&quot;:&quot;in-out&quot;,&quot;motion_fx_blur_range&quot;:{&quot;unit&quot;:&quot;%&quot;,&quot;size&quot;:&quot;&quot;,&quot;sizes&quot;:{&quot;start&quot;:52,&quot;end&quot;:80}},&quot;motion_fx_blur_level&quot;:{&quot;unit&quot;:&quot;px&quot;,&quot;size&quot;:7,&quot;sizes&quot;:[]},&quot;motion_fx_devices&quot;:[&quot;desktop&quot;,&quot;tablet&quot;,&quot;mobile&quot;]}\" data-widget_type=\"image.default\">\n\t\t\t\t<div class=\"elementor-widget-container\">\n\t\t\t\t\t\t\t\t\t\t\t\t\t\t\t<img fetchpriority=\"high\" decoding=\"async\" width=\"714\" height=\"1024\" src=\"https:\/\/m-c-i.nl\/wp-content\/uploads\/regenboog-714x1024.png\" class=\"attachment-large size-large wp-image-2265\" alt=\"\" srcset=\"https:\/\/m-c-i.nl\/wp-content\/uploads\/regenboog-714x1024.png 714w, https:\/\/m-c-i.nl\/wp-content\/uploads\/regenboog-209x300.png 209w, https:\/\/m-c-i.nl\/wp-content\/uploads\/regenboog-768x1102.png 768w, https:\/\/m-c-i.nl\/wp-content\/uploads\/regenboog.png 782w\" sizes=\"(max-width: 714px) 100vw, 714px\" \/>\t\t\t\t\t\t\t\t\t\t\t\t\t\t\t<\/div>\n\t\t\t\t<\/div>\n\t\t<div class=\"elementor-element elementor-element-50594bce e-flex e-con-boxed e-con e-child\" data-id=\"50594bce\" data-element_type=\"container\" data-e-type=\"container\" data-settings=\"{&quot;jet_parallax_layout_list&quot;:[]}\">\n\t\t\t\t\t<div class=\"e-con-inner\">\n\t\t\t\t<div class=\"elementor-element elementor-element-32383aa6 elementor-widget elementor-widget-heading\" data-id=\"32383aa6\" data-element_type=\"widget\" data-e-type=\"widget\" data-widget_type=\"heading.default\">\n\t\t\t\t<div class=\"elementor-widget-container\">\n\t\t\t\t\t<h1 class=\"elementor-heading-title elementor-size-default\">On-Site-Inspektionen<\/h1>\t\t\t\t<\/div>\n\t\t\t\t<\/div>\n\t\t\t\t<div class=\"elementor-element elementor-element-1e9df9cb elementor-widget elementor-widget-text-editor\" data-id=\"1e9df9cb\" data-element_type=\"widget\" data-e-type=\"widget\" data-widget_type=\"text-editor.default\">\n\t\t\t\t<div class=\"elementor-widget-container\">\n\t\t\t\t\t\t\t\t\t<p>Vermeiden Sie unerwartete Stillst\u00e4nde und hohe Kosten mit den spezialisierten On-Site-Inspektionen von MCI. Wir identifizieren potenzielle Schadensursachen fr\u00fchzeitig und geben gezielte Empfehlungen zu deren Behebung. <\/p>\t\t\t\t\t\t\t\t<\/div>\n\t\t\t\t<\/div>\n\t\t\t\t<div class=\"elementor-element elementor-element-158ff61 elementor-widget elementor-widget-heading\" data-id=\"158ff61\" data-element_type=\"widget\" data-e-type=\"widget\" data-widget_type=\"heading.default\">\n\t\t\t\t<div class=\"elementor-widget-container\">\n\t\t\t\t\t<p class=\"elementor-heading-title elementor-size-default\">Mehr als nur Compliance<\/p>\t\t\t\t<\/div>\n\t\t\t\t<\/div>\n\t\t\t\t\t<\/div>\n\t\t\t\t<\/div>\n\t\t\t\t\t<\/div>\n\t\t\t\t<\/div>\n\t\t<div class=\"elementor-element elementor-element-5729c175 e-flex e-con-boxed e-con e-parent\" data-id=\"5729c175\" data-element_type=\"container\" data-e-type=\"container\" data-settings=\"{&quot;jet_parallax_layout_list&quot;:[]}\">\n\t\t\t\t\t<div class=\"e-con-inner\">\n\t\t<div class=\"elementor-element elementor-element-6bb468d8 e-con-full e-flex e-con e-child\" data-id=\"6bb468d8\" data-element_type=\"container\" data-e-type=\"container\" data-settings=\"{&quot;jet_parallax_layout_list&quot;:[]}\">\n\t\t\t\t<div class=\"elementor-element elementor-element-52072fa elementor-widget elementor-widget-heading\" data-id=\"52072fa\" data-element_type=\"widget\" data-e-type=\"widget\" data-widget_type=\"heading.default\">\n\t\t\t\t<div class=\"elementor-widget-container\">\n\t\t\t\t\t<h2 class=\"elementor-heading-title elementor-size-default\">Verborgene Probleme? Gewinnen Sie Einblick in Ihre Anlage <\/h2>\t\t\t\t<\/div>\n\t\t\t\t<\/div>\n\t\t\t\t<div class=\"elementor-element elementor-element-4864787a elementor-widget elementor-widget-text-editor\" data-id=\"4864787a\" data-element_type=\"widget\" data-e-type=\"widget\" data-widget_type=\"text-editor.default\">\n\t\t\t\t<div class=\"elementor-widget-container\">\n\t\t\t\t\t\t\t\t\t<p>Eine Anlage kann allen Vorschriften und Normen entsprechen \u2013 aber ist sie deshalb auch zuverl\u00e4ssig?<\/p><p>Viele Inspektionen konzentrieren sich ausschlie\u00dflich auf die Einhaltung von Vorschriften, w\u00e4hrend Sie vor allem sichere und betriebssichere Anlagen w\u00fcnschen.<\/p><p>MCI geht \u00fcber die Leistungen gew\u00f6hnlicher Inspektionsfirmen hinaus. Dank unseres tiefgreifenden Wissens \u00fcber Versagensmechanismen und unserer analytischen Herangehensweise erkennen wir potenzielle Schwachstellen fr\u00fchzeitig. So vermeiden wir nicht nur unerwartete Ausf\u00e4lle, sondern tragen gezielt zur Verl\u00e4ngerung der Lebensdauer und zur Effizienzsteigerung Ihrer Anlagen bei.  <\/p>\t\t\t\t\t\t\t\t<\/div>\n\t\t\t\t<\/div>\n\t\t\t\t<div class=\"elementor-element elementor-element-5b4c165 elementor-widget elementor-widget-heading\" data-id=\"5b4c165\" data-element_type=\"widget\" data-e-type=\"widget\" data-widget_type=\"heading.default\">\n\t\t\t\t<div class=\"elementor-widget-container\">\n\t\t\t\t\t<h3 class=\"elementor-heading-title elementor-size-default\">Innovativer Wartungsansatz<\/h3>\t\t\t\t<\/div>\n\t\t\t\t<\/div>\n\t\t\t\t<div class=\"elementor-element elementor-element-70d4ec7 elementor-widget elementor-widget-text-editor\" data-id=\"70d4ec7\" data-element_type=\"widget\" data-e-type=\"widget\" data-widget_type=\"text-editor.default\">\n\t\t\t\t<div class=\"elementor-widget-container\">\n\t\t\t\t\t\t\t\t\t<p>Unser innovativer Wartungsansatz kombiniert die Analyse von Versagensmechanismen mit fortschrittlicher \u00dcberwachungstechnologie. Dadurch k\u00f6nnen wir Verschlei\u00df, Br\u00fcche, Korrosion oder andere Degradationen fr\u00fchzeitig vorhersagen. Das erm\u00f6glicht rechtzeitiges Eingreifen und verhindert gr\u00f6\u00dfere St\u00f6rungen oder Produktionsausf\u00e4lle.  <\/p>\t\t\t\t\t\t\t\t<\/div>\n\t\t\t\t<\/div>\n\t\t\t\t<\/div>\n\t\t<div class=\"elementor-element elementor-element-1ffda89b e-con-full e-flex e-con e-child\" data-id=\"1ffda89b\" data-element_type=\"container\" data-e-type=\"container\" data-settings=\"{&quot;background_background&quot;:&quot;classic&quot;,&quot;jet_parallax_layout_list&quot;:[]}\">\n\t\t\t\t<div class=\"elementor-element elementor-element-2fc6beb7 elementor-widget elementor-widget-heading\" data-id=\"2fc6beb7\" data-element_type=\"widget\" data-e-type=\"widget\" data-widget_type=\"heading.default\">\n\t\t\t\t<div class=\"elementor-widget-container\">\n\t\t\t\t\t<h2 class=\"elementor-heading-title elementor-size-default\">Vorteile pr\u00e4diktiver Inspektionen<\/h2>\t\t\t\t<\/div>\n\t\t\t\t<\/div>\n\t\t\t\t<div class=\"elementor-element elementor-element-86be81a elementor-icon-list--layout-traditional elementor-list-item-link-full_width elementor-widget elementor-widget-icon-list\" data-id=\"86be81a\" data-element_type=\"widget\" data-e-type=\"widget\" data-widget_type=\"icon-list.default\">\n\t\t\t\t<div class=\"elementor-widget-container\">\n\t\t\t\t\t\t\t<ul class=\"elementor-icon-list-items\">\n\t\t\t\t\t\t\t<li class=\"elementor-icon-list-item\">\n\t\t\t\t\t\t\t\t\t\t\t<span class=\"elementor-icon-list-icon\">\n\t\t\t\t\t\t\t<svg xmlns=\"http:\/\/www.w3.org\/2000\/svg\" id=\"uuid-de9ec2fd-52f3-469c-a910-e38e09408295\" viewBox=\"0 0 39.25 39.25\"><defs><\/defs><g id=\"uuid-b393270a-c3b1-47ce-8bd6-27f2682fc42b\"><path d=\"M21.68 6.77h-4.7v10.51H6.48v4.7h10.5v10.5h4.7v-10.5h10.5v-4.7h-10.5V6.77z\" class=\"uuid-68c68065-d758-444a-9094-741d499a0836\"><\/path><path d=\"M19.62 0C8.79 0 0 8.79 0 19.63s8.79 19.62 19.62 19.62 19.62-8.78 19.62-19.62S30.46 0 19.62 0Zm11.12 30.74c-2.85 2.85-6.77 4.6-11.12 4.61-4.35 0-8.27-1.76-11.12-4.61-2.85-2.85-4.6-6.77-4.61-11.12 0-4.35 1.76-8.27 4.61-11.12 2.85-2.85 6.77-4.6 11.12-4.6s8.27 1.75 11.12 4.6c2.85 2.85 4.61 6.77 4.61 11.12s-1.76 8.26-4.61 11.12Z\" class=\"uuid-68c68065-d758-444a-9094-741d499a0836\"><\/path><\/g><\/svg>\t\t\t\t\t\t<\/span>\n\t\t\t\t\t\t\t\t\t\t<span class=\"elementor-icon-list-text\">Vermeidung von unerwarteten Ausf\u00e4llen durch Konstruktionsfehler, Materialwahl, unsachgem\u00e4\u00dfe Montage oder fehlerhafte Wartung;<\/span>\n\t\t\t\t\t\t\t\t\t<\/li>\n\t\t\t\t\t\t\t\t<li class=\"elementor-icon-list-item\">\n\t\t\t\t\t\t\t\t\t\t\t<span class=\"elementor-icon-list-icon\">\n\t\t\t\t\t\t\t<svg xmlns=\"http:\/\/www.w3.org\/2000\/svg\" id=\"uuid-de9ec2fd-52f3-469c-a910-e38e09408295\" viewBox=\"0 0 39.25 39.25\"><defs><\/defs><g id=\"uuid-b393270a-c3b1-47ce-8bd6-27f2682fc42b\"><path d=\"M21.68 6.77h-4.7v10.51H6.48v4.7h10.5v10.5h4.7v-10.5h10.5v-4.7h-10.5V6.77z\" class=\"uuid-68c68065-d758-444a-9094-741d499a0836\"><\/path><path d=\"M19.62 0C8.79 0 0 8.79 0 19.63s8.79 19.62 19.62 19.62 19.62-8.78 19.62-19.62S30.46 0 19.62 0Zm11.12 30.74c-2.85 2.85-6.77 4.6-11.12 4.61-4.35 0-8.27-1.76-11.12-4.61-2.85-2.85-4.6-6.77-4.61-11.12 0-4.35 1.76-8.27 4.61-11.12 2.85-2.85 6.77-4.6 11.12-4.6s8.27 1.75 11.12 4.6c2.85 2.85 4.61 6.77 4.61 11.12s-1.76 8.26-4.61 11.12Z\" class=\"uuid-68c68065-d758-444a-9094-741d499a0836\"><\/path><\/g><\/svg>\t\t\t\t\t\t<\/span>\n\t\t\t\t\t\t\t\t\t\t<span class=\"elementor-icon-list-text\">Fr\u00fchzeitige Erkennung und Diagnose von Verschlei\u00df, Br\u00fcchen und Korrosion;<\/span>\n\t\t\t\t\t\t\t\t\t<\/li>\n\t\t\t\t\t\t\t\t<li class=\"elementor-icon-list-item\">\n\t\t\t\t\t\t\t\t\t\t\t<span class=\"elementor-icon-list-icon\">\n\t\t\t\t\t\t\t<svg xmlns=\"http:\/\/www.w3.org\/2000\/svg\" id=\"uuid-de9ec2fd-52f3-469c-a910-e38e09408295\" viewBox=\"0 0 39.25 39.25\"><defs><\/defs><g id=\"uuid-b393270a-c3b1-47ce-8bd6-27f2682fc42b\"><path d=\"M21.68 6.77h-4.7v10.51H6.48v4.7h10.5v10.5h4.7v-10.5h10.5v-4.7h-10.5V6.77z\" class=\"uuid-68c68065-d758-444a-9094-741d499a0836\"><\/path><path d=\"M19.62 0C8.79 0 0 8.79 0 19.63s8.79 19.62 19.62 19.62 19.62-8.78 19.62-19.62S30.46 0 19.62 0Zm11.12 30.74c-2.85 2.85-6.77 4.6-11.12 4.61-4.35 0-8.27-1.76-11.12-4.61-2.85-2.85-4.6-6.77-4.61-11.12 0-4.35 1.76-8.27 4.61-11.12 2.85-2.85 6.77-4.6 11.12-4.6s8.27 1.75 11.12 4.6c2.85 2.85 4.61 6.77 4.61 11.12s-1.76 8.26-4.61 11.12Z\" class=\"uuid-68c68065-d758-444a-9094-741d499a0836\"><\/path><\/g><\/svg>\t\t\t\t\t\t<\/span>\n\t\t\t\t\t\t\t\t\t\t<span class=\"elementor-icon-list-text\">Fachkundige Beratung vor Ort zur Vermeidung von St\u00f6rungen und zur Minimierung unn\u00f6tiger Wartung;<br><\/span>\n\t\t\t\t\t\t\t\t\t<\/li>\n\t\t\t\t\t\t\t\t<li class=\"elementor-icon-list-item\">\n\t\t\t\t\t\t\t\t\t\t\t<span class=\"elementor-icon-list-icon\">\n\t\t\t\t\t\t\t<svg xmlns=\"http:\/\/www.w3.org\/2000\/svg\" id=\"uuid-de9ec2fd-52f3-469c-a910-e38e09408295\" viewBox=\"0 0 39.25 39.25\"><defs><\/defs><g id=\"uuid-b393270a-c3b1-47ce-8bd6-27f2682fc42b\"><path d=\"M21.68 6.77h-4.7v10.51H6.48v4.7h10.5v10.5h4.7v-10.5h10.5v-4.7h-10.5V6.77z\" class=\"uuid-68c68065-d758-444a-9094-741d499a0836\"><\/path><path d=\"M19.62 0C8.79 0 0 8.79 0 19.63s8.79 19.62 19.62 19.62 19.62-8.78 19.62-19.62S30.46 0 19.62 0Zm11.12 30.74c-2.85 2.85-6.77 4.6-11.12 4.61-4.35 0-8.27-1.76-11.12-4.61-2.85-2.85-4.6-6.77-4.61-11.12 0-4.35 1.76-8.27 4.61-11.12 2.85-2.85 6.77-4.6 11.12-4.6s8.27 1.75 11.12 4.6c2.85 2.85 4.61 6.77 4.61 11.12s-1.76 8.26-4.61 11.12Z\" class=\"uuid-68c68065-d758-444a-9094-741d499a0836\"><\/path><\/g><\/svg>\t\t\t\t\t\t<\/span>\n\t\t\t\t\t\t\t\t\t\t<span class=\"elementor-icon-list-text\">Reduzierung der Wartungskosten und Verl\u00e4ngerung der Lebensdauer Ihrer Anlagen.<br><\/span>\n\t\t\t\t\t\t\t\t\t<\/li>\n\t\t\t\t\t\t\t\t<li class=\"elementor-icon-list-item\">\n\t\t\t\t\t\t\t\t\t\t\t<span class=\"elementor-icon-list-icon\">\n\t\t\t\t\t\t\t<svg xmlns=\"http:\/\/www.w3.org\/2000\/svg\" id=\"uuid-de9ec2fd-52f3-469c-a910-e38e09408295\" viewBox=\"0 0 39.25 39.25\"><defs><\/defs><g id=\"uuid-b393270a-c3b1-47ce-8bd6-27f2682fc42b\"><path d=\"M21.68 6.77h-4.7v10.51H6.48v4.7h10.5v10.5h4.7v-10.5h10.5v-4.7h-10.5V6.77z\" class=\"uuid-68c68065-d758-444a-9094-741d499a0836\"><\/path><path d=\"M19.62 0C8.79 0 0 8.79 0 19.63s8.79 19.62 19.62 19.62 19.62-8.78 19.62-19.62S30.46 0 19.62 0Zm11.12 30.74c-2.85 2.85-6.77 4.6-11.12 4.61-4.35 0-8.27-1.76-11.12-4.61-2.85-2.85-4.6-6.77-4.61-11.12 0-4.35 1.76-8.27 4.61-11.12 2.85-2.85 6.77-4.6 11.12-4.6s8.27 1.75 11.12 4.6c2.85 2.85 4.61 6.77 4.61 11.12s-1.76 8.26-4.61 11.12Z\" class=\"uuid-68c68065-d758-444a-9094-741d499a0836\"><\/path><\/g><\/svg>\t\t\t\t\t\t<\/span>\n\t\t\t\t\t\t\t\t\t\t<span class=\"elementor-icon-list-text\">Klare Berichte f\u00fcr eine optimale Nachverfolgung<\/span>\n\t\t\t\t\t\t\t\t\t<\/li>\n\t\t\t\t\t\t<\/ul>\n\t\t\t\t\t\t<\/div>\n\t\t\t\t<\/div>\n\t\t\t\t<\/div>\n\t\t\t\t\t<\/div>\n\t\t\t\t<\/div>\n\t\t<div class=\"elementor-element elementor-element-70bbcacf e-flex e-con-boxed e-con e-parent\" data-id=\"70bbcacf\" data-element_type=\"container\" data-e-type=\"container\" data-settings=\"{&quot;jet_parallax_layout_list&quot;:[]}\">\n\t\t\t\t\t<div class=\"e-con-inner\">\n\t\t<div class=\"elementor-element elementor-element-152fd267 e-con-full e-flex e-con e-child\" data-id=\"152fd267\" data-element_type=\"container\" data-e-type=\"container\" data-settings=\"{&quot;background_background&quot;:&quot;classic&quot;,&quot;jet_parallax_layout_list&quot;:[]}\">\n\t\t\t\t<div class=\"elementor-element elementor-element-240b67ff elementor-widget elementor-widget-heading\" data-id=\"240b67ff\" data-element_type=\"widget\" data-e-type=\"widget\" data-widget_type=\"heading.default\">\n\t\t\t\t<div class=\"elementor-widget-container\">\n\t\t\t\t\t<h2 class=\"elementor-heading-title elementor-size-default\">Fragen zur Restlebensdauer<\/h2>\t\t\t\t<\/div>\n\t\t\t\t<\/div>\n\t\t\t\t<div class=\"elementor-element elementor-element-64102712 elementor-widget elementor-widget-text-editor\" data-id=\"64102712\" data-element_type=\"widget\" data-e-type=\"widget\" data-widget_type=\"text-editor.default\">\n\t\t\t\t<div class=\"elementor-widget-container\">\n\t\t\t\t\t\t\t\t\t<p>Wenn Anlagen \u00e4lter werden, stellt sich die Frage: Wie lange halten sie noch? Dabei geht es sowohl um die technische als auch um die wirtschaftliche Lebensdauer sowie den richtigen Investitionszeitpunkt. <\/p><p>MCI behandelt diese Fragen interdisziplin\u00e4r. Wir analysieren das Design und den gesamten Lebenszyklus der Anlage im Detail. Dabei betrachten wir ver\u00e4nderte Prozessbedingungen in der Vergangenheit, Wartungshistorie und Reparaturen, die f\u00fcr die Vorhersagbarkeit der Restlebensdauer entscheidend sein k\u00f6nnen.  <\/p><p>Dank dieser fundierten Analysen sind unsere Aussagen zur Restlebensdauer \u00e4u\u00dferst zuverl\u00e4ssig. Mit einem passenden \u00dcberwachungskonzept stellen wir sicher, dass Ihre Anlage bis zum Ende ihres Lebenszyklus oder der gew\u00fcnschten \u00dcberbr\u00fcckungszeit optimal funktioniert. <\/p>\t\t\t\t\t\t\t\t<\/div>\n\t\t\t\t<\/div>\n\t\t\t\t<\/div>\n\t\t<div class=\"elementor-element elementor-element-14a70d3c e-con-full e-flex e-con e-child\" data-id=\"14a70d3c\" data-element_type=\"container\" data-e-type=\"container\" data-settings=\"{&quot;jet_parallax_layout_list&quot;:[]}\">\n\t\t\t\t<div class=\"elementor-element elementor-element-36db60c3 elementor-widget elementor-widget-heading\" data-id=\"36db60c3\" data-element_type=\"widget\" data-e-type=\"widget\" data-widget_type=\"heading.default\">\n\t\t\t\t<div class=\"elementor-widget-container\">\n\t\t\t\t\t<h2 class=\"elementor-heading-title elementor-size-default\">Ma\u00dfgeschneiderte L\u00f6sungen f\u00fcr jede Branche<\/h2>\t\t\t\t<\/div>\n\t\t\t\t<\/div>\n\t\t\t\t<div class=\"elementor-element elementor-element-18143a7c elementor-widget elementor-widget-text-editor\" data-id=\"18143a7c\" data-element_type=\"widget\" data-e-type=\"widget\" data-widget_type=\"text-editor.default\">\n\t\t\t\t<div class=\"elementor-widget-container\">\n\t\t\t\t\t\t\t\t\t<p>Jeder Produktionsprozess bringt spezifische Herausforderungen im Bereich mechanischer Sch\u00e4den und Korrosion mit sich. Die Versagensmechanismen sind zwar universell, aber Anwendung und Auswirkungen variieren je nach Branche. <\/p>\n<p>MCI verf\u00fcgt \u00fcber umfassende Erfahrung in verschiedenen Industrien und passt seine Inspektionen an Ihre individuellen Anforderungen an. Ob Sie in der Pharma-, Chemie-, Papier-, Getr\u00e4nke-, Lebensmittel- &amp; Molkerei-, \u00d6l- &amp; Gasindustrie oder im Maschinenbau t\u00e4tig sind \u2013 wir bieten ma\u00dfgeschneiderte Inspektionen und Empfehlungen. So k\u00f6nnen Sie mit maximaler Zuverl\u00e4ssigkeit und minimalem Risiko weiter produzieren.  <\/p>\t\t\t\t\t\t\t\t<\/div>\n\t\t\t\t<\/div>\n\t\t\t\t<\/div>\n\t\t\t\t\t<\/div>\n\t\t\t\t<\/div>\n\t\t<div class=\"elementor-element elementor-element-29c460fb e-con-full e-flex e-con e-parent\" data-id=\"29c460fb\" data-element_type=\"container\" data-e-type=\"container\" data-settings=\"{&quot;jet_parallax_layout_list&quot;:[]}\">\n\t\t\t\t<div class=\"elementor-element elementor-element-7d5707da elementor-widget elementor-widget-template\" data-id=\"7d5707da\" data-element_type=\"widget\" data-e-type=\"widget\" data-widget_type=\"template.default\">\n\t\t\t\t<div class=\"elementor-widget-container\">\n\t\t\t\t\t\t\t<div class=\"elementor-template\">\n\t\t\t\t\t<div data-elementor-type=\"container\" data-elementor-id=\"2559\" class=\"elementor elementor-2559 elementor-721 elementor-721\" data-elementor-post-type=\"elementor_library\">\n\t\t\t\t<div class=\"elementor-element elementor-element-7274c973 e-flex e-con-boxed e-con e-parent\" data-id=\"7274c973\" data-element_type=\"container\" data-e-type=\"container\" data-settings=\"{&quot;jet_parallax_layout_list&quot;:[]}\">\n\t\t\t\t\t<div class=\"e-con-inner\">\n\t\t<div class=\"elementor-element elementor-element-1c85aeb1 e-con-full elementor-hidden-mobile e-flex elementor-invisible e-con e-child\" data-id=\"1c85aeb1\" data-element_type=\"container\" data-e-type=\"container\" data-settings=\"{&quot;jet_parallax_layout_list&quot;:[],&quot;background_background&quot;:&quot;classic&quot;,&quot;animation&quot;:&quot;fadeIn&quot;}\">\n\t\t\t\t<div class=\"elementor-element elementor-element-345fd81 elementor-widget elementor-widget-image\" data-id=\"345fd81\" data-element_type=\"widget\" data-e-type=\"widget\" data-widget_type=\"image.default\">\n\t\t\t\t<div class=\"elementor-widget-container\">\n\t\t\t\t\t\t\t\t\t\t\t\t\t\t\t<img decoding=\"async\" width=\"590\" height=\"1024\" src=\"https:\/\/m-c-i.nl\/wp-content\/uploads\/hogenboom-maurice-mci-590x1024.webp\" class=\"attachment-large size-large wp-image-2560\" alt=\"\" srcset=\"https:\/\/m-c-i.nl\/wp-content\/uploads\/hogenboom-maurice-mci-590x1024.webp 590w, https:\/\/m-c-i.nl\/wp-content\/uploads\/hogenboom-maurice-mci-173x300.webp 173w, https:\/\/m-c-i.nl\/wp-content\/uploads\/hogenboom-maurice-mci.webp 600w\" sizes=\"(max-width: 590px) 100vw, 590px\" \/>\t\t\t\t\t\t\t\t\t\t\t\t\t\t\t<\/div>\n\t\t\t\t<\/div>\n\t\t\t\t<\/div>\n\t\t<div class=\"elementor-element elementor-element-32e52de1 e-flex e-con-boxed elementor-invisible e-con e-child\" data-id=\"32e52de1\" data-element_type=\"container\" data-e-type=\"container\" data-settings=\"{&quot;jet_parallax_layout_list&quot;:[],&quot;background_background&quot;:&quot;classic&quot;,&quot;animation&quot;:&quot;fadeIn&quot;}\">\n\t\t\t\t\t<div class=\"e-con-inner\">\n\t\t\t\t<div class=\"elementor-element elementor-element-772fcf79 elementor-widget elementor-widget-heading\" data-id=\"772fcf79\" data-element_type=\"widget\" data-e-type=\"widget\" data-widget_type=\"heading.default\">\n\t\t\t\t<div class=\"elementor-widget-container\">\n\t\t\t\t\t<h2 class=\"elementor-heading-title elementor-size-default\">Kontakt aufnehmen<\/h2>\t\t\t\t<\/div>\n\t\t\t\t<\/div>\n\t\t<div class=\"elementor-element elementor-element-1c8b9dc0 e-flex e-con-boxed e-con e-child\" data-id=\"1c8b9dc0\" data-element_type=\"container\" data-e-type=\"container\" data-settings=\"{&quot;jet_parallax_layout_list&quot;:[]}\">\n\t\t\t\t\t<div class=\"e-con-inner\">\n\t\t\t\t<div class=\"elementor-element elementor-element-5b470407 elementor-widget elementor-widget-button\" data-id=\"5b470407\" data-element_type=\"widget\" data-e-type=\"widget\" data-widget_type=\"button.default\">\n\t\t\t\t<div class=\"elementor-widget-container\">\n\t\t\t\t\t\t\t\t\t<div class=\"elementor-button-wrapper\">\n\t\t\t\t\t<a class=\"elementor-button elementor-button-link elementor-size-sm\" href=\"tel:+31464107764\">\n\t\t\t\t\t\t<span class=\"elementor-button-content-wrapper\">\n\t\t\t\t\t\t<span class=\"elementor-button-icon\">\n\t\t\t\t<i aria-hidden=\"true\" class=\"fas fa-phone-square-alt\"><\/i>\t\t\t<\/span>\n\t\t\t\t\t\t\t\t\t<span class=\"elementor-button-text\">+31 (0)46 410 7764<\/span>\n\t\t\t\t\t<\/span>\n\t\t\t\t\t<\/a>\n\t\t\t\t<\/div>\n\t\t\t\t\t\t\t\t<\/div>\n\t\t\t\t<\/div>\n\t\t\t\t<div class=\"elementor-element elementor-element-12fcbda8 elementor-widget elementor-widget-button\" data-id=\"12fcbda8\" data-element_type=\"widget\" data-e-type=\"widget\" data-widget_type=\"button.default\">\n\t\t\t\t<div class=\"elementor-widget-container\">\n\t\t\t\t\t\t\t\t\t<div class=\"elementor-button-wrapper\">\n\t\t\t\t\t<a class=\"elementor-button elementor-button-link elementor-size-sm\" href=\"mailto:info@m-c-i.nl\">\n\t\t\t\t\t\t<span class=\"elementor-button-content-wrapper\">\n\t\t\t\t\t\t<span class=\"elementor-button-icon\">\n\t\t\t\t<i aria-hidden=\"true\" class=\"fas fa-envelope\"><\/i>\t\t\t<\/span>\n\t\t\t\t\t\t\t\t\t<span class=\"elementor-button-text\">info@m-c-i.nl<\/span>\n\t\t\t\t\t<\/span>\n\t\t\t\t\t<\/a>\n\t\t\t\t<\/div>\n\t\t\t\t\t\t\t\t<\/div>\n\t\t\t\t<\/div>\n\t\t\t\t\t<\/div>\n\t\t\t\t<\/div>\n\t\t\t\t\t<\/div>\n\t\t\t\t<\/div>\n\t\t\t\t\t<\/div>\n\t\t\t\t<\/div>\n\t\t\t\t<\/div>\n\t\t\t\t<\/div>\n\t\t\t\t\t\t<\/div>\n\t\t\t\t<\/div>\n\t\t\t\t<\/div>\n\t\t\t\t<\/div>\n\t\t","protected":false},"excerpt":{"rendered":"<p>On-Site-Inspektionen Vermeiden Sie unerwartete Stillst\u00e4nde und hohe Kosten mit den spezialisierten On-Site-Inspektionen von MCI. Wir identifizieren potenzielle Schadensursachen fr\u00fchzeitig und geben gezielte Empfehlungen zu deren Behebung. Mehr als nur Compliance Verborgene Probleme? Gewinnen Sie Einblick in Ihre Anlage Eine Anlage kann allen Vorschriften und Normen entsprechen \u2013 aber ist sie deshalb auch zuverl\u00e4ssig? Viele Inspektionen [&hellip;]<\/p>\n","protected":false},"author":1,"featured_media":0,"parent":2271,"menu_order":0,"comment_status":"closed","ping_status":"closed","template":"","meta":{"inline_featured_image":false,"footnotes":""},"class_list":["post-2284","page","type-page","status-publish","hentry"],"_links":{"self":[{"href":"https:\/\/m-c-i.nl\/de\/wp-json\/wp\/v2\/pages\/2284","targetHints":{"allow":["GET"]}}],"collection":[{"href":"https:\/\/m-c-i.nl\/de\/wp-json\/wp\/v2\/pages"}],"about":[{"href":"https:\/\/m-c-i.nl\/de\/wp-json\/wp\/v2\/types\/page"}],"author":[{"embeddable":true,"href":"https:\/\/m-c-i.nl\/de\/wp-json\/wp\/v2\/users\/1"}],"replies":[{"embeddable":true,"href":"https:\/\/m-c-i.nl\/de\/wp-json\/wp\/v2\/comments?post=2284"}],"version-history":[{"count":1,"href":"https:\/\/m-c-i.nl\/de\/wp-json\/wp\/v2\/pages\/2284\/revisions"}],"predecessor-version":[{"id":2287,"href":"https:\/\/m-c-i.nl\/de\/wp-json\/wp\/v2\/pages\/2284\/revisions\/2287"}],"up":[{"embeddable":true,"href":"https:\/\/m-c-i.nl\/de\/wp-json\/wp\/v2\/pages\/2271"}],"wp:attachment":[{"href":"https:\/\/m-c-i.nl\/de\/wp-json\/wp\/v2\/media?parent=2284"}],"curies":[{"name":"wp","href":"https:\/\/api.w.org\/{rel}","templated":true}]}}