{"id":2269,"date":"2021-08-25T05:55:58","date_gmt":"2021-08-25T03:55:58","guid":{"rendered":"https:\/\/m-c-i.nl\/datenschutz\/"},"modified":"2025-06-03T14:28:12","modified_gmt":"2025-06-03T12:28:12","slug":"datenschutz","status":"publish","type":"page","link":"https:\/\/m-c-i.nl\/de\/datenschutz\/","title":{"rendered":"Datenschutz"},"content":{"rendered":"\t\t<div data-elementor-type=\"wp-page\" data-elementor-id=\"2269\" class=\"elementor elementor-2269 elementor-3\" data-elementor-post-type=\"page\">\n\t\t\t\t<div class=\"elementor-element elementor-element-4b7185a e-flex e-con-boxed e-con e-parent\" data-id=\"4b7185a\" data-element_type=\"container\" data-e-type=\"container\" data-settings=\"{&quot;background_background&quot;:&quot;classic&quot;,&quot;jet_parallax_layout_list&quot;:[]}\">\n\t\t\t\t\t<div class=\"e-con-inner\">\n\t\t\t\t<div class=\"elementor-element elementor-element-7a27896 elementor-absolute elementor-hidden-tablet elementor-hidden-mobile elementor-widget elementor-widget-image\" data-id=\"7a27896\" data-element_type=\"widget\" data-e-type=\"widget\" data-settings=\"{&quot;_position&quot;:&quot;absolute&quot;,&quot;motion_fx_motion_fx_scrolling&quot;:&quot;yes&quot;,&quot;motion_fx_blur_effect&quot;:&quot;yes&quot;,&quot;motion_fx_blur_direction&quot;:&quot;in-out&quot;,&quot;motion_fx_blur_range&quot;:{&quot;unit&quot;:&quot;%&quot;,&quot;size&quot;:&quot;&quot;,&quot;sizes&quot;:{&quot;start&quot;:52,&quot;end&quot;:80}},&quot;motion_fx_blur_level&quot;:{&quot;unit&quot;:&quot;px&quot;,&quot;size&quot;:7,&quot;sizes&quot;:[]},&quot;motion_fx_devices&quot;:[&quot;desktop&quot;,&quot;tablet&quot;,&quot;mobile&quot;]}\" data-widget_type=\"image.default\">\n\t\t\t\t<div class=\"elementor-widget-container\">\n\t\t\t\t\t\t\t\t\t\t\t\t\t\t\t<img fetchpriority=\"high\" decoding=\"async\" width=\"714\" height=\"1024\" src=\"https:\/\/m-c-i.nl\/wp-content\/uploads\/regenboog-714x1024.png\" class=\"attachment-large size-large wp-image-2265\" alt=\"\" srcset=\"https:\/\/m-c-i.nl\/wp-content\/uploads\/regenboog-714x1024.png 714w, https:\/\/m-c-i.nl\/wp-content\/uploads\/regenboog-209x300.png 209w, https:\/\/m-c-i.nl\/wp-content\/uploads\/regenboog-768x1102.png 768w, https:\/\/m-c-i.nl\/wp-content\/uploads\/regenboog.png 782w\" sizes=\"(max-width: 714px) 100vw, 714px\" \/>\t\t\t\t\t\t\t\t\t\t\t\t\t\t\t<\/div>\n\t\t\t\t<\/div>\n\t\t<div class=\"elementor-element elementor-element-4b80b0f e-flex e-con-boxed e-con e-child\" data-id=\"4b80b0f\" data-element_type=\"container\" data-e-type=\"container\" data-settings=\"{&quot;jet_parallax_layout_list&quot;:[]}\">\n\t\t\t\t\t<div class=\"e-con-inner\">\n\t\t\t\t<div class=\"elementor-element elementor-element-7f26809 elementor-widget elementor-widget-heading\" data-id=\"7f26809\" data-element_type=\"widget\" data-e-type=\"widget\" data-widget_type=\"heading.default\">\n\t\t\t\t<div class=\"elementor-widget-container\">\n\t\t\t\t\t<h1 class=\"elementor-heading-title elementor-size-default\">Datenschutz<\/h1>\t\t\t\t<\/div>\n\t\t\t\t<\/div>\n\t\t\t\t\t<\/div>\n\t\t\t\t<\/div>\n\t\t\t\t\t<\/div>\n\t\t\t\t<\/div>\n\t\t<div class=\"elementor-element elementor-element-e4c21c4 e-flex e-con-boxed e-con e-parent\" data-id=\"e4c21c4\" data-element_type=\"container\" data-e-type=\"container\" data-settings=\"{&quot;jet_parallax_layout_list&quot;:[]}\">\n\t\t\t\t\t<div class=\"e-con-inner\">\n\t\t\t\t<div class=\"elementor-element elementor-element-8282448 elementor-widget elementor-widget-text-editor\" data-id=\"8282448\" data-element_type=\"widget\" data-e-type=\"widget\" data-widget_type=\"text-editor.default\">\n\t\t\t\t<div class=\"elementor-widget-container\">\n\t\t\t\t\t\t\t\t\t<p>MATERIALS &amp; CORROSION INVESTIGATIONS B.V. ist verantwortlich f\u00fcr die Verarbeitung personenbezogener Daten, wie sie in dieser Datenschutzerkl\u00e4rung zum Ausdruck kommt.<\/p><h2>Kontaktangaben<\/h2><p>MATERIALS &amp; CORROSION INVESTIGATIONS B.V.<br>Kampstraat 86<br>6163HG Geleen<br>info@m-c-i.nl<\/p><h2>Pers\u00f6nliche Daten, die wir verarbeiten<\/h2><p>MATERIALS &amp; CORROSION INVESTIGATIONS B.V. verarbeitet Ihre personenbezogenen Daten, weil Sie unsere Dienstleistungen in Anspruch nehmen und\/oder weil Sie sie uns selbst zur Verf\u00fcgung stellen.<\/p><p>Nachstehend finden Sie eine \u00dcbersicht \u00fcber die von uns verarbeiteten personenbezogenen Daten:<\/p><ul><li>Vorname und Nachname<\/li><li>Adresse Details<\/li><li>Rufnummer<\/li><li>E-Mail Adresse<\/li><li>Andere pers\u00f6nliche Daten, die Sie uns aktiv zur Verf\u00fcgung stellen, z.B. durch die Erstellung eines Profils auf dieser Website, in der Korrespondenz und per Telefon<\/li><li>Daten \u00fcber Ihre Aktivit\u00e4ten auf unserer Website<\/li><li>Daten \u00fcber Ihr Surfverhalten auf verschiedenen Websites (z. B. weil dieses Unternehmen Teil eines Werbenetzwerks ist)<\/li><li>Internet-Browser und Ger\u00e4tetyp<\/li><\/ul><h2>Besondere und\/oder sensible pers\u00f6nliche Daten, die wir verarbeiten<\/h2><p>Unsere Website und\/oder unser Service beabsichtigt nicht, Daten von Website-Besuchern zu sammeln, die unter 16 Jahre alt sind. Es sei denn, sie haben die Zustimmung ihrer Eltern oder Erziehungsberechtigten. Wir k\u00f6nnen jedoch nicht \u00fcberpr\u00fcfen, ob ein Besucher \u00e4lter als 16 Jahre ist. Wir raten Eltern daher, sich mit den Online-Aktivit\u00e4ten ihrer Kinder zu befassen, um zu vermeiden, dass Daten von Kindern ohne elterliche Zustimmung erfasst werden. Wenn Sie glauben, dass wir personenbezogene Daten \u00fcber einen Minderj\u00e4hrigen ohne eine solche Zustimmung gesammelt haben, kontaktieren Sie uns bitte.    <\/p><h2>Zu welchem Zweck und auf welcher Grundlage wir personenbezogene Daten verarbeiten<\/h2><p>MATERIALS &amp; CORROSION INVESTIGATIONS B.V. verarbeitet Ihre personenbezogenen Daten f\u00fcr die folgenden Zwecke:<\/p><ul><li>Abwicklung Ihrer Zahlung<\/li><li>Sie anzurufen oder per E-Mail zu kontaktieren, falls dies zur Erbringung unserer Dienstleistungen erforderlich ist<\/li><li>Sie \u00fcber \u00c4nderungen an unseren Dienstleistungen und Produkten zu informieren<\/li><li>Um Ihnen Waren und Dienstleistungen zu liefern<\/li><li>MATERIALS &amp; CORROSION INVESTIGATIONS B.V. analysiert Ihr Verhalten auf der Website, um die Website zu verbessern und das Angebot an Produkten und Dienstleistungen an Ihre Pr\u00e4ferenzen anzupassen.<\/li><li>MATERIALS &amp; CORROSION INVESTIGATIONS B.V. verfolgt Ihr Surfverhalten auf verschiedenen Websites, damit wir unsere Produkte und Dienstleistungen auf Ihre Bed\u00fcrfnisse abstimmen k\u00f6nnen.<\/li><li>MATERIALS &amp; CORROSION INVESTIGATIONS B.V. verarbeitet auch personenbezogene Daten, wenn wir gesetzlich dazu verpflichtet sind, wie zum Beispiel Daten, die wir f\u00fcr unsere Steuererkl\u00e4rung ben\u00f6tigen.<\/li><\/ul><h2>Automatisierte Entscheidungsfindung<\/h2><p>MATERIALS &amp; CORROSION INVESTIGATIONS B.V. trifft keine Entscheidungen auf der Grundlage einer automatisierten Verarbeitung \u00fcber Angelegenheiten, die Personen (erheblich) beeintr\u00e4chtigen k\u00f6nnten. Dies sind Entscheidungen, die von Computerprogrammen oder -systemen getroffen werden, ohne dass ein Mensch (z.B. ein Mitarbeiter von MATERIALS &amp; CORROSION INVESTIGATIONS B.V.) daran beteiligt ist. <\/p><h2>Wie lange wir pers\u00f6nliche Daten aufbewahren<\/h2><p>MATERIALS &amp; CORROSION INVESTIGATIONS B.V. wird Ihre Daten nicht l\u00e4nger aufbewahren, als es f\u00fcr die Verarbeitung unter Ber\u00fccksichtigung der vertraglichen und gesetzlichen Verpflichtungen erforderlich ist. Wenn Sie Kunde von MATERIALS &amp; CORROSION INVESTIGATIONS B.V. sind, werden wir Ihre Daten 7 Jahre lang aufbewahren. Dies geschieht, um unserer steuerlichen Aufbewahrungspflicht nachzukommen. Danach werden Ihre Daten vernichtet. Wenn Sie MATERIALS &amp; CORROSION INVESTIGATIONS B.V. kontaktiert haben, aber kein Kunde geworden sind, werden wir Ihre Daten maximal 12 Monate lang aufbewahren.    <\/p><h2>Weitergabe pers\u00f6nlicher Daten an Dritte<\/h2><p>MATERIALS &amp; CORROSION INVESTIGATIONS B.V. stellt die Daten nur Dritten zur Verf\u00fcgung und nur dann, wenn dies f\u00fcr die Erf\u00fcllung unseres Vertrags mit Ihnen oder zur Erf\u00fcllung einer gesetzlichen Verpflichtung erforderlich ist.<\/p><h2>Cookies oder \u00e4hnliche Techniken, die wir verwenden<\/h2><p>MATERIALS &amp; CORROSION INVESTIGATIONS B.V. verwendet funktionale, analytische und Tracking-Cookies. Ein Cookie ist eine kleine Textdatei, die im Browser Ihres Computers, Tablets oder Smartphones gespeichert wird, wenn Sie diese Website zum ersten Mal besuchen. MATERIALS &amp; CORROSION INVESTIGATIONS B.V. verwendet Cookies mit einer rein technischen Funktion. Diese sorgen daf\u00fcr, dass die Website ordnungsgem\u00e4\u00df funktioniert und dass z.B. Ihre Einstellungen gespeichert werden. Diese Cookies werden auch verwendet, damit die Website ordnungsgem\u00e4\u00df funktioniert und um sie zu optimieren. Dar\u00fcber hinaus platzieren wir Cookies, die Ihr Surfverhalten verfolgen, damit wir Ihnen ma\u00dfgeschneiderte Inhalte und Werbung anbieten k\u00f6nnen.     <\/p><p>Bei Ihrem ersten Besuch auf unserer Website haben wir Sie bereits \u00fcber diese Cookies informiert und um Ihr Einverst\u00e4ndnis gebeten, sie zu setzen.<\/p><p>Sie k\u00f6nnen Cookies ablehnen, indem Sie Ihren Internetbrowser so einstellen, dass keine Cookies mehr gespeichert werden. Au\u00dferdem k\u00f6nnen Sie alle zuvor gespeicherten Informationen \u00fcber die Einstellungen Ihres Browsers l\u00f6schen. <\/p><h2>Daten ansehen, \u00e4ndern oder l\u00f6schen<\/h2><p>Sie haben das Recht, Ihre personenbezogenen Daten einzusehen, zu korrigieren oder zu l\u00f6schen. Dar\u00fcber hinaus haben Sie das Recht, Ihre eventuelle Zustimmung zur Datenverarbeitung zur\u00fcckzuziehen oder der Verarbeitung Ihrer personenbezogenen Daten durch MATERIALS &amp; CORROSION INVESTIGATIONS B.V. zu widersprechen, und Sie haben das Recht auf Daten\u00fcbertragbarkeit. Das bedeutet, dass Sie uns auffordern k\u00f6nnen, die personenbezogenen Daten, die wir \u00fcber Sie in einer Computerdatei gespeichert haben, an Sie oder eine andere von Ihnen benannte Organisation zu senden.  <\/p><p>Sie k\u00f6nnen uns per E-Mail einen Antrag auf Zugriff, Berichtigung, L\u00f6schung oder \u00dcbertragung Ihrer personenbezogenen Daten stellen oder den Widerruf Ihrer Einwilligung oder Ihren Widerspruch gegen die Verarbeitung Ihrer personenbezogenen Daten beantragen.<\/p><p>Um sicherzustellen, dass der Antrag auf Einsichtnahme von Ihnen gestellt wird, bitten wir Sie, dem Antrag eine Kopie Ihres Identit\u00e4tsnachweises beizuf\u00fcgen. Schw\u00e4rzen Sie in dieser Kopie Ihr Passfoto, die MRZ (maschinenlesbare Zone, der Zahlenstreifen am unteren Rand des Passes), die Passnummer und die B\u00fcrgerservicenummer (BSN). Dies dient dem Schutz Ihrer Privatsph\u00e4re. Wir werden Ihren Antrag so schnell wie m\u00f6glich, jedoch innerhalb von vier Wochen, beantworten.   <\/p><p>MATERIALS &amp; CORROSION INVESTIGATIONS B.V. m\u00f6chte Sie auch dar\u00fcber informieren, dass Sie die M\u00f6glichkeit haben, eine Beschwerde bei der nationalen Aufsichtsbeh\u00f6rde, der Beh\u00f6rde f\u00fcr personenbezogene Daten, einzureichen. Sie k\u00f6nnen dies \u00fcber den folgenden Link tun: https:\/\/autoriteitpersoonsgegevens.nl\/nl\/zelf-doen\/gebruik-uw-privacyrechten\/klacht-melden-bij-de-ap <\/p><h2>Wie wir pers\u00f6nliche Daten sch\u00fctzen<\/h2><p>MATERIALS &amp; CORROSION INVESTIGATIONS B.V. nimmt den Schutz Ihrer Daten ernst und ergreift geeignete Ma\u00dfnahmen, um Missbrauch, Verlust, unbefugtem Zugriff, unerw\u00fcnschter Offenlegung und unbefugter Ver\u00e4nderung entgegenzuwirken. Wenn Sie den Eindruck haben, dass Ihre Daten nicht ordnungsgem\u00e4\u00df gesichert sind oder es Anzeichen f\u00fcr einen Missbrauch gibt, senden Sie uns bitte eine E-Mail. <\/p>\t\t\t\t\t\t\t\t<\/div>\n\t\t\t\t<\/div>\n\t\t\t\t\t<\/div>\n\t\t\t\t<\/div>\n\t\t\t\t<\/div>\n\t\t","protected":false},"excerpt":{"rendered":"<p>MATERIALS &amp; CORROSION INVESTIGATIONS B.V. ist verantwortlich f\u00fcr die Verarbeitung personenbezogener Daten, wie sie in dieser Datenschutzerkl\u00e4rung zum Ausdruck kommt. Kontaktangaben MATERIALS &amp; CORROSION INVESTIGATIONS B.V.Kampstraat 866163HG Geleeninfo@m-c-i.nl Pers\u00f6nliche Daten, die wir verarbeiten MATERIALS &amp; CORROSION INVESTIGATIONS B.V. verarbeitet Ihre personenbezogenen Daten, weil Sie unsere Dienstleistungen in Anspruch nehmen und\/oder weil Sie sie uns selbst [&hellip;]<\/p>\n","protected":false},"author":1,"featured_media":0,"parent":0,"menu_order":0,"comment_status":"closed","ping_status":"open","template":"","meta":{"inline_featured_image":false,"footnotes":""},"class_list":["post-2269","page","type-page","status-publish","hentry"],"_links":{"self":[{"href":"https:\/\/m-c-i.nl\/de\/wp-json\/wp\/v2\/pages\/2269","targetHints":{"allow":["GET"]}}],"collection":[{"href":"https:\/\/m-c-i.nl\/de\/wp-json\/wp\/v2\/pages"}],"about":[{"href":"https:\/\/m-c-i.nl\/de\/wp-json\/wp\/v2\/types\/page"}],"author":[{"embeddable":true,"href":"https:\/\/m-c-i.nl\/de\/wp-json\/wp\/v2\/users\/1"}],"replies":[{"embeddable":true,"href":"https:\/\/m-c-i.nl\/de\/wp-json\/wp\/v2\/comments?post=2269"}],"version-history":[{"count":1,"href":"https:\/\/m-c-i.nl\/de\/wp-json\/wp\/v2\/pages\/2269\/revisions"}],"predecessor-version":[{"id":2270,"href":"https:\/\/m-c-i.nl\/de\/wp-json\/wp\/v2\/pages\/2269\/revisions\/2270"}],"wp:attachment":[{"href":"https:\/\/m-c-i.nl\/de\/wp-json\/wp\/v2\/media?parent=2269"}],"curies":[{"name":"wp","href":"https:\/\/api.w.org\/{rel}","templated":true}]}}